{"id":3923,"date":"2019-07-13T00:45:04","date_gmt":"2019-07-12T17:45:04","guid":{"rendered":"https:\/\/www.emoi-france.fr\/product\/ice-tea-bandouilier\/"},"modified":"2019-07-13T00:45:04","modified_gmt":"2019-07-12T17:45:04","slug":"ice-tea-bandouilier","status":"publish","type":"product","link":"https:\/\/www.emoi-france.fr\/fr\/produit\/ice-tea-bandouilier\/","title":{"rendered":"\u00ab\u00a0ICE TEA\u00a0\u00bb BANDOUILIER"},"content":{"rendered":"<p>Sac \u00ab\u00a0Ice Tea\u00a0\u00bb style bandouilier, recycl\u00e9 en embalalges de boisson \u00ab\u00a0Ice Tea\u00a0\u00bb et des fabrics couleur noir.<\/p>\n<p>Couleur principal: noir et blanc. Anse bandouilier.<\/p>\n<p>Dimension: 33cm x 24cm x 12cm<\/p>\n<p>Livraison gratuit en France<\/p>\n<p><span title=\"\">Les accessoires E-MOI sont fabriqu\u00e9s avec une grande attention pour l\u2019environnement.<\/span> <span title=\"\">Nos produits sont exclusifs,\u00a0 \u00e9thiques et ils sont fabriqu\u00e9s par nos artisans locaux talentueux au Vietnam, en Tha\u00eflande et aux Philippines.<\/span>.<\/p>\n","protected":false},"excerpt":{"rendered":"<p>Sac \u00ab\u00a0Ice Tea\u00a0\u00bb style bandouilier, recycl\u00e9 en embalalges de boisson \u00ab\u00a0Ice Tea\u00a0\u00bb et des fabrics couleur noir.<\/p>\n<p>Couleur principal: noir et blanc. Anse bandouilier.<\/p>\n<p>Dimension: 33cm x 24cm x 12cm<\/p>\n<p>Livraison gratuit en France.<\/p>\n","protected":false},"featured_media":3922,"comment_status":"closed","ping_status":"closed","template":"","meta":[],"product_cat":[170,173,281,309],"product_tag":[],"yoast_head":"<!-- This site is optimized with the Yoast SEO plugin v24.5 - https:\/\/yoast.com\/wordpress\/plugins\/seo\/ -->\n<title>&quot;ICE TEA&quot; BANDOUILIER - E-Moi<\/title>\n<meta name=\"robots\" content=\"index, follow, max-snippet:-1, max-image-preview:large, max-video-preview:-1\" \/>\n<link rel=\"canonical\" href=\"https:\/\/www.emoi-france.fr\/fr\/produit\/ice-tea-bandouilier\/\" \/>\n<meta property=\"og:locale\" content=\"fr_FR\" \/>\n<meta property=\"og:type\" content=\"article\" \/>\n<meta property=\"og:title\" content=\"&quot;ICE TEA&quot; BANDOUILIER - E-Moi\" \/>\n<meta property=\"og:description\" content=\"Sac &quot;Ice Tea&quot; style bandouilier, recycl\u00e9 en embalalges de boisson &quot;Ice Tea&quot; et des fabrics couleur noir.  Couleur principal: noir et blanc. Anse bandouilier.  Dimension: 33cm x 24cm x 12cm  Livraison gratuit en France.\" \/>\n<meta property=\"og:url\" content=\"https:\/\/www.emoi-france.fr\/fr\/produit\/ice-tea-bandouilier\/\" \/>\n<meta property=\"og:site_name\" content=\"E-Moi\" \/>\n<meta property=\"og:image\" content=\"https:\/\/www.emoi-france.fr\/wp-content\/uploads\/2019\/07\/sac-zesto-Ice-Tea-couvert-cotton-web.jpg\" \/>\n\t<meta property=\"og:image:width\" content=\"1270\" \/>\n\t<meta property=\"og:image:height\" content=\"1068\" \/>\n\t<meta property=\"og:image:type\" content=\"image\/jpeg\" \/>\n<meta name=\"twitter:card\" content=\"summary_large_image\" \/>\n<script type=\"application\/ld+json\" class=\"yoast-schema-graph\">{\"@context\":\"https:\/\/schema.org\",\"@graph\":[{\"@type\":\"WebPage\",\"@id\":\"https:\/\/www.emoi-france.fr\/fr\/produit\/ice-tea-bandouilier\/\",\"url\":\"https:\/\/www.emoi-france.fr\/fr\/produit\/ice-tea-bandouilier\/\",\"name\":\"\\\"ICE TEA\\\" BANDOUILIER - E-Moi\",\"isPartOf\":{\"@id\":\"https:\/\/www.emoi-france.fr\/#website\"},\"primaryImageOfPage\":{\"@id\":\"https:\/\/www.emoi-france.fr\/fr\/produit\/ice-tea-bandouilier\/#primaryimage\"},\"image\":{\"@id\":\"https:\/\/www.emoi-france.fr\/fr\/produit\/ice-tea-bandouilier\/#primaryimage\"},\"thumbnailUrl\":\"https:\/\/www.emoi-france.fr\/wp-content\/uploads\/2019\/07\/sac-zesto-Ice-Tea-couvert-cotton-web.jpg\",\"datePublished\":\"2019-07-12T17:45:04+00:00\",\"breadcrumb\":{\"@id\":\"https:\/\/www.emoi-france.fr\/fr\/produit\/ice-tea-bandouilier\/#breadcrumb\"},\"inLanguage\":\"fr-FR\",\"potentialAction\":[{\"@type\":\"ReadAction\",\"target\":[\"https:\/\/www.emoi-france.fr\/fr\/produit\/ice-tea-bandouilier\/\"]}]},{\"@type\":\"ImageObject\",\"inLanguage\":\"fr-FR\",\"@id\":\"https:\/\/www.emoi-france.fr\/fr\/produit\/ice-tea-bandouilier\/#primaryimage\",\"url\":\"https:\/\/www.emoi-france.fr\/wp-content\/uploads\/2019\/07\/sac-zesto-Ice-Tea-couvert-cotton-web.jpg\",\"contentUrl\":\"https:\/\/www.emoi-france.fr\/wp-content\/uploads\/2019\/07\/sac-zesto-Ice-Tea-couvert-cotton-web.jpg\",\"width\":1270,\"height\":1068},{\"@type\":\"BreadcrumbList\",\"@id\":\"https:\/\/www.emoi-france.fr\/fr\/produit\/ice-tea-bandouilier\/#breadcrumb\",\"itemListElement\":[{\"@type\":\"ListItem\",\"position\":1,\"name\":\"Home\",\"item\":\"https:\/\/www.emoi-france.fr\/fr\/\"},{\"@type\":\"ListItem\",\"position\":2,\"name\":\"Boutique en ligne\",\"item\":\"https:\/\/www.emoi-france.fr\/fr\/boutique\/\"},{\"@type\":\"ListItem\",\"position\":3,\"name\":\"\u00ab\u00a0ICE TEA\u00a0\u00bb BANDOUILIER\"}]},{\"@type\":\"WebSite\",\"@id\":\"https:\/\/www.emoi-france.fr\/#website\",\"url\":\"https:\/\/www.emoi-france.fr\/\",\"name\":\"E-Moi\",\"description\":\"\",\"potentialAction\":[{\"@type\":\"SearchAction\",\"target\":{\"@type\":\"EntryPoint\",\"urlTemplate\":\"https:\/\/www.emoi-france.fr\/?s={search_term_string}\"},\"query-input\":{\"@type\":\"PropertyValueSpecification\",\"valueRequired\":true,\"valueName\":\"search_term_string\"}}],\"inLanguage\":\"fr-FR\"}]}<\/script>\n<!-- \/ Yoast SEO plugin. -->","yoast_head_json":{"title":"\"ICE TEA\" BANDOUILIER - E-Moi","robots":{"index":"index","follow":"follow","max-snippet":"max-snippet:-1","max-image-preview":"max-image-preview:large","max-video-preview":"max-video-preview:-1"},"canonical":"https:\/\/www.emoi-france.fr\/fr\/produit\/ice-tea-bandouilier\/","og_locale":"fr_FR","og_type":"article","og_title":"\"ICE TEA\" BANDOUILIER - E-Moi","og_description":"Sac \"Ice Tea\" style bandouilier, recycl\u00e9 en embalalges de boisson \"Ice Tea\" et des fabrics couleur noir.  Couleur principal: noir et blanc. Anse bandouilier.  Dimension: 33cm x 24cm x 12cm  Livraison gratuit en France.","og_url":"https:\/\/www.emoi-france.fr\/fr\/produit\/ice-tea-bandouilier\/","og_site_name":"E-Moi","og_image":[{"width":1270,"height":1068,"url":"https:\/\/www.emoi-france.fr\/wp-content\/uploads\/2019\/07\/sac-zesto-Ice-Tea-couvert-cotton-web.jpg","type":"image\/jpeg"}],"twitter_card":"summary_large_image","schema":{"@context":"https:\/\/schema.org","@graph":[{"@type":"WebPage","@id":"https:\/\/www.emoi-france.fr\/fr\/produit\/ice-tea-bandouilier\/","url":"https:\/\/www.emoi-france.fr\/fr\/produit\/ice-tea-bandouilier\/","name":"\"ICE TEA\" BANDOUILIER - E-Moi","isPartOf":{"@id":"https:\/\/www.emoi-france.fr\/#website"},"primaryImageOfPage":{"@id":"https:\/\/www.emoi-france.fr\/fr\/produit\/ice-tea-bandouilier\/#primaryimage"},"image":{"@id":"https:\/\/www.emoi-france.fr\/fr\/produit\/ice-tea-bandouilier\/#primaryimage"},"thumbnailUrl":"https:\/\/www.emoi-france.fr\/wp-content\/uploads\/2019\/07\/sac-zesto-Ice-Tea-couvert-cotton-web.jpg","datePublished":"2019-07-12T17:45:04+00:00","breadcrumb":{"@id":"https:\/\/www.emoi-france.fr\/fr\/produit\/ice-tea-bandouilier\/#breadcrumb"},"inLanguage":"fr-FR","potentialAction":[{"@type":"ReadAction","target":["https:\/\/www.emoi-france.fr\/fr\/produit\/ice-tea-bandouilier\/"]}]},{"@type":"ImageObject","inLanguage":"fr-FR","@id":"https:\/\/www.emoi-france.fr\/fr\/produit\/ice-tea-bandouilier\/#primaryimage","url":"https:\/\/www.emoi-france.fr\/wp-content\/uploads\/2019\/07\/sac-zesto-Ice-Tea-couvert-cotton-web.jpg","contentUrl":"https:\/\/www.emoi-france.fr\/wp-content\/uploads\/2019\/07\/sac-zesto-Ice-Tea-couvert-cotton-web.jpg","width":1270,"height":1068},{"@type":"BreadcrumbList","@id":"https:\/\/www.emoi-france.fr\/fr\/produit\/ice-tea-bandouilier\/#breadcrumb","itemListElement":[{"@type":"ListItem","position":1,"name":"Home","item":"https:\/\/www.emoi-france.fr\/fr\/"},{"@type":"ListItem","position":2,"name":"Boutique en ligne","item":"https:\/\/www.emoi-france.fr\/fr\/boutique\/"},{"@type":"ListItem","position":3,"name":"\u00ab\u00a0ICE TEA\u00a0\u00bb BANDOUILIER"}]},{"@type":"WebSite","@id":"https:\/\/www.emoi-france.fr\/#website","url":"https:\/\/www.emoi-france.fr\/","name":"E-Moi","description":"","potentialAction":[{"@type":"SearchAction","target":{"@type":"EntryPoint","urlTemplate":"https:\/\/www.emoi-france.fr\/?s={search_term_string}"},"query-input":{"@type":"PropertyValueSpecification","valueRequired":true,"valueName":"search_term_string"}}],"inLanguage":"fr-FR"}]}},"_links":{"self":[{"href":"https:\/\/www.emoi-france.fr\/fr\/wp-json\/wp\/v2\/product\/3923"}],"collection":[{"href":"https:\/\/www.emoi-france.fr\/fr\/wp-json\/wp\/v2\/product"}],"about":[{"href":"https:\/\/www.emoi-france.fr\/fr\/wp-json\/wp\/v2\/types\/product"}],"replies":[{"embeddable":true,"href":"https:\/\/www.emoi-france.fr\/fr\/wp-json\/wp\/v2\/comments?post=3923"}],"wp:featuredmedia":[{"embeddable":true,"href":"https:\/\/www.emoi-france.fr\/fr\/wp-json\/wp\/v2\/media\/3922"}],"wp:attachment":[{"href":"https:\/\/www.emoi-france.fr\/fr\/wp-json\/wp\/v2\/media?parent=3923"}],"wp:term":[{"taxonomy":"product_cat","embeddable":true,"href":"https:\/\/www.emoi-france.fr\/fr\/wp-json\/wp\/v2\/product_cat?post=3923"},{"taxonomy":"product_tag","embeddable":true,"href":"https:\/\/www.emoi-france.fr\/fr\/wp-json\/wp\/v2\/product_tag?post=3923"}],"curies":[{"name":"wp","href":"https:\/\/api.w.org\/{rel}","templated":true}]}}