{"id":3889,"date":"2019-07-11T00:56:01","date_gmt":"2019-07-10T17:56:01","guid":{"rendered":"https:\/\/www.emoi-france.fr\/product\/cabas-ice-tea\/"},"modified":"2019-07-11T00:56:01","modified_gmt":"2019-07-10T17:56:01","slug":"cabas-ice-tea","status":"publish","type":"product","link":"https:\/\/www.emoi-france.fr\/fr\/produit\/cabas-ice-tea\/","title":{"rendered":"CABAS \u00ab\u00a0ICE TEA\u00a0\u00bb"},"content":{"rendered":"<p>Cabas \u00ab\u00a0Ice Tea\u00a0\u00bb \/ sac de plage, recycl\u00e9 avec des emballages de boisson \u00ab\u00a0Ice Tea\u00a0\u00bb, <span class=\"tlid-translation translation\" lang=\"fr\"><span class=\"\" title=\"\">cousus sur du plastique transparent<\/span><\/span><\/p>\n<p>Couleur blanc. Ce sac est lavable.<\/p>\n<p>Dimension environ: 38cmL x 30cmH x 17cm P<\/p>\n<p>Livraison gratuit en France<\/p>\n<p><span title=\"\">Les accessoires E-MOI sont fabriqu\u00e9s avec une grande attention pour l\u2019environnement.<\/span> <span title=\"\">Nos produits sont exclusifs,\u00a0 \u00e9thiques et ils sont fabriqu\u00e9s par nos artisans locaux talentueux au Vietnam, en Tha\u00eflande et aux Philippines.<\/span><\/p>\n","protected":false},"excerpt":{"rendered":"<p>Cabas \u00ab\u00a0Ice Tea\u00a0\u00bb \/ sac de plage, recycl\u00e9 avec des emballages de boisson \u00ab\u00a0Ice Tea\u00a0\u00bb, <span class=\"tlid-translation translation\" lang=\"fr\"><span class=\"\" title=\"\">cousus sur du plastique transparent<\/span><\/span><\/p>\n<p>Couleur blanc. Ce sac est lavable.<\/p>\n<p>Dimension environ: 38cmL x 30cmH x 17cm P<\/p>\n<p>Livraison gratuit en France<\/p>\n","protected":false},"featured_media":3884,"comment_status":"closed","ping_status":"closed","template":"","meta":[],"product_cat":[170,173,309],"product_tag":[],"yoast_head":"<!-- This site is optimized with the Yoast SEO plugin v24.5 - https:\/\/yoast.com\/wordpress\/plugins\/seo\/ -->\n<title>CABAS &quot;ICE TEA&quot; - E-Moi<\/title>\n<meta name=\"robots\" content=\"index, follow, max-snippet:-1, max-image-preview:large, max-video-preview:-1\" \/>\n<link rel=\"canonical\" href=\"https:\/\/www.emoi-france.fr\/fr\/produit\/cabas-ice-tea\/\" \/>\n<meta property=\"og:locale\" content=\"fr_FR\" \/>\n<meta property=\"og:type\" content=\"article\" \/>\n<meta property=\"og:title\" content=\"CABAS &quot;ICE TEA&quot; - E-Moi\" \/>\n<meta property=\"og:description\" content=\"Cabas &quot;Ice Tea&quot; \/ sac de plage, recycl\u00e9 avec des emballages de boisson &quot;Ice Tea&quot;, cousus sur du plastique transparent  Couleur blanc. Ce sac est lavable.  Dimension environ: 38cmL x 30cmH x 17cm P  Livraison gratuit en France\" \/>\n<meta property=\"og:url\" content=\"https:\/\/www.emoi-france.fr\/fr\/produit\/cabas-ice-tea\/\" \/>\n<meta property=\"og:site_name\" content=\"E-Moi\" \/>\n<meta property=\"og:image\" content=\"https:\/\/www.emoi-france.fr\/wp-content\/uploads\/2019\/07\/cabas-ice-tea-front.jpg\" \/>\n\t<meta property=\"og:image:width\" content=\"500\" \/>\n\t<meta property=\"og:image:height\" content=\"700\" \/>\n\t<meta property=\"og:image:type\" content=\"image\/jpeg\" \/>\n<meta name=\"twitter:card\" content=\"summary_large_image\" \/>\n<script type=\"application\/ld+json\" class=\"yoast-schema-graph\">{\"@context\":\"https:\/\/schema.org\",\"@graph\":[{\"@type\":\"WebPage\",\"@id\":\"https:\/\/www.emoi-france.fr\/fr\/produit\/cabas-ice-tea\/\",\"url\":\"https:\/\/www.emoi-france.fr\/fr\/produit\/cabas-ice-tea\/\",\"name\":\"CABAS \\\"ICE TEA\\\" - E-Moi\",\"isPartOf\":{\"@id\":\"https:\/\/www.emoi-france.fr\/#website\"},\"primaryImageOfPage\":{\"@id\":\"https:\/\/www.emoi-france.fr\/fr\/produit\/cabas-ice-tea\/#primaryimage\"},\"image\":{\"@id\":\"https:\/\/www.emoi-france.fr\/fr\/produit\/cabas-ice-tea\/#primaryimage\"},\"thumbnailUrl\":\"https:\/\/www.emoi-france.fr\/wp-content\/uploads\/2019\/07\/cabas-ice-tea-front.jpg\",\"datePublished\":\"2019-07-10T17:56:01+00:00\",\"breadcrumb\":{\"@id\":\"https:\/\/www.emoi-france.fr\/fr\/produit\/cabas-ice-tea\/#breadcrumb\"},\"inLanguage\":\"fr-FR\",\"potentialAction\":[{\"@type\":\"ReadAction\",\"target\":[\"https:\/\/www.emoi-france.fr\/fr\/produit\/cabas-ice-tea\/\"]}]},{\"@type\":\"ImageObject\",\"inLanguage\":\"fr-FR\",\"@id\":\"https:\/\/www.emoi-france.fr\/fr\/produit\/cabas-ice-tea\/#primaryimage\",\"url\":\"https:\/\/www.emoi-france.fr\/wp-content\/uploads\/2019\/07\/cabas-ice-tea-front.jpg\",\"contentUrl\":\"https:\/\/www.emoi-france.fr\/wp-content\/uploads\/2019\/07\/cabas-ice-tea-front.jpg\",\"width\":500,\"height\":700},{\"@type\":\"BreadcrumbList\",\"@id\":\"https:\/\/www.emoi-france.fr\/fr\/produit\/cabas-ice-tea\/#breadcrumb\",\"itemListElement\":[{\"@type\":\"ListItem\",\"position\":1,\"name\":\"Home\",\"item\":\"https:\/\/www.emoi-france.fr\/fr\/\"},{\"@type\":\"ListItem\",\"position\":2,\"name\":\"Boutique en ligne\",\"item\":\"https:\/\/www.emoi-france.fr\/fr\/boutique\/\"},{\"@type\":\"ListItem\",\"position\":3,\"name\":\"CABAS \u00ab\u00a0ICE TEA\u00a0\u00bb\"}]},{\"@type\":\"WebSite\",\"@id\":\"https:\/\/www.emoi-france.fr\/#website\",\"url\":\"https:\/\/www.emoi-france.fr\/\",\"name\":\"E-Moi\",\"description\":\"\",\"potentialAction\":[{\"@type\":\"SearchAction\",\"target\":{\"@type\":\"EntryPoint\",\"urlTemplate\":\"https:\/\/www.emoi-france.fr\/?s={search_term_string}\"},\"query-input\":{\"@type\":\"PropertyValueSpecification\",\"valueRequired\":true,\"valueName\":\"search_term_string\"}}],\"inLanguage\":\"fr-FR\"}]}<\/script>\n<!-- \/ Yoast SEO plugin. -->","yoast_head_json":{"title":"CABAS \"ICE TEA\" - E-Moi","robots":{"index":"index","follow":"follow","max-snippet":"max-snippet:-1","max-image-preview":"max-image-preview:large","max-video-preview":"max-video-preview:-1"},"canonical":"https:\/\/www.emoi-france.fr\/fr\/produit\/cabas-ice-tea\/","og_locale":"fr_FR","og_type":"article","og_title":"CABAS \"ICE TEA\" - E-Moi","og_description":"Cabas \"Ice Tea\" \/ sac de plage, recycl\u00e9 avec des emballages de boisson \"Ice Tea\", cousus sur du plastique transparent  Couleur blanc. Ce sac est lavable.  Dimension environ: 38cmL x 30cmH x 17cm P  Livraison gratuit en France","og_url":"https:\/\/www.emoi-france.fr\/fr\/produit\/cabas-ice-tea\/","og_site_name":"E-Moi","og_image":[{"width":500,"height":700,"url":"https:\/\/www.emoi-france.fr\/wp-content\/uploads\/2019\/07\/cabas-ice-tea-front.jpg","type":"image\/jpeg"}],"twitter_card":"summary_large_image","schema":{"@context":"https:\/\/schema.org","@graph":[{"@type":"WebPage","@id":"https:\/\/www.emoi-france.fr\/fr\/produit\/cabas-ice-tea\/","url":"https:\/\/www.emoi-france.fr\/fr\/produit\/cabas-ice-tea\/","name":"CABAS \"ICE TEA\" - E-Moi","isPartOf":{"@id":"https:\/\/www.emoi-france.fr\/#website"},"primaryImageOfPage":{"@id":"https:\/\/www.emoi-france.fr\/fr\/produit\/cabas-ice-tea\/#primaryimage"},"image":{"@id":"https:\/\/www.emoi-france.fr\/fr\/produit\/cabas-ice-tea\/#primaryimage"},"thumbnailUrl":"https:\/\/www.emoi-france.fr\/wp-content\/uploads\/2019\/07\/cabas-ice-tea-front.jpg","datePublished":"2019-07-10T17:56:01+00:00","breadcrumb":{"@id":"https:\/\/www.emoi-france.fr\/fr\/produit\/cabas-ice-tea\/#breadcrumb"},"inLanguage":"fr-FR","potentialAction":[{"@type":"ReadAction","target":["https:\/\/www.emoi-france.fr\/fr\/produit\/cabas-ice-tea\/"]}]},{"@type":"ImageObject","inLanguage":"fr-FR","@id":"https:\/\/www.emoi-france.fr\/fr\/produit\/cabas-ice-tea\/#primaryimage","url":"https:\/\/www.emoi-france.fr\/wp-content\/uploads\/2019\/07\/cabas-ice-tea-front.jpg","contentUrl":"https:\/\/www.emoi-france.fr\/wp-content\/uploads\/2019\/07\/cabas-ice-tea-front.jpg","width":500,"height":700},{"@type":"BreadcrumbList","@id":"https:\/\/www.emoi-france.fr\/fr\/produit\/cabas-ice-tea\/#breadcrumb","itemListElement":[{"@type":"ListItem","position":1,"name":"Home","item":"https:\/\/www.emoi-france.fr\/fr\/"},{"@type":"ListItem","position":2,"name":"Boutique en ligne","item":"https:\/\/www.emoi-france.fr\/fr\/boutique\/"},{"@type":"ListItem","position":3,"name":"CABAS \u00ab\u00a0ICE TEA\u00a0\u00bb"}]},{"@type":"WebSite","@id":"https:\/\/www.emoi-france.fr\/#website","url":"https:\/\/www.emoi-france.fr\/","name":"E-Moi","description":"","potentialAction":[{"@type":"SearchAction","target":{"@type":"EntryPoint","urlTemplate":"https:\/\/www.emoi-france.fr\/?s={search_term_string}"},"query-input":{"@type":"PropertyValueSpecification","valueRequired":true,"valueName":"search_term_string"}}],"inLanguage":"fr-FR"}]}},"_links":{"self":[{"href":"https:\/\/www.emoi-france.fr\/fr\/wp-json\/wp\/v2\/product\/3889"}],"collection":[{"href":"https:\/\/www.emoi-france.fr\/fr\/wp-json\/wp\/v2\/product"}],"about":[{"href":"https:\/\/www.emoi-france.fr\/fr\/wp-json\/wp\/v2\/types\/product"}],"replies":[{"embeddable":true,"href":"https:\/\/www.emoi-france.fr\/fr\/wp-json\/wp\/v2\/comments?post=3889"}],"wp:featuredmedia":[{"embeddable":true,"href":"https:\/\/www.emoi-france.fr\/fr\/wp-json\/wp\/v2\/media\/3884"}],"wp:attachment":[{"href":"https:\/\/www.emoi-france.fr\/fr\/wp-json\/wp\/v2\/media?parent=3889"}],"wp:term":[{"taxonomy":"product_cat","embeddable":true,"href":"https:\/\/www.emoi-france.fr\/fr\/wp-json\/wp\/v2\/product_cat?post=3889"},{"taxonomy":"product_tag","embeddable":true,"href":"https:\/\/www.emoi-france.fr\/fr\/wp-json\/wp\/v2\/product_tag?post=3889"}],"curies":[{"name":"wp","href":"https:\/\/api.w.org\/{rel}","templated":true}]}}