{"id":3796,"date":"2019-07-06T22:40:58","date_gmt":"2019-07-06T15:40:58","guid":{"rendered":"https:\/\/www.emoi-france.fr\/product\/sac-samba\/"},"modified":"2019-07-06T22:50:14","modified_gmt":"2019-07-06T15:50:14","slug":"sac-samba","status":"publish","type":"product","link":"https:\/\/www.emoi-france.fr\/fr\/produit\/sac-samba\/","title":{"rendered":"SAC SAMBA"},"content":{"rendered":"<p>Sac SAMBA, recycl\u00e9 en emballages de jus de fruit et des plastiques transparents.<\/p>\n<p>Multicolore \/ Lavable \/ Pliable<\/p>\n<p>Dimension: 39.5cmL x 25.5cmH x 13cmP. L&rsquo;anse est environ 75cm<\/p>\n<p>Livraison gratuit en France<\/p>\n<p><span title=\"\">Les accessoires E-MOI sont fabriqu\u00e9s avec une grande attention pour l\u2019environnement.<\/span> <span title=\"\">Nos produits sont exclusifs,\u00a0 \u00e9thiques et ils sont fabriqu\u00e9s par nos artisans locaux talentueux au Vietnam, en Tha\u00eflande et aux Philippines.<\/span><\/p>\n<div class=\"large-12 columns \">\n<div class=\"tabbed-content wc-tabs-wrapper woocommerce-tabs \">\n<div id=\"tab-description\" class=\"panel wc-tab entry-content active\">\n<p><span class=\"tlid-translation translation\" lang=\"fr\"><span class=\"\" title=\"\">Attention: Il est presque impossible de fabriquer deux sacs avec exactement la m\u00eame couleur car nous utilisons uniquement les mat\u00e9riaux collect\u00e9s disponibles.<\/span> <span class=\"\" title=\"\">Par cons\u00e9quent, il est possible que le produit exact avec la couleur telle que sur la photo ait d\u00e9j\u00e0 \u00e9t\u00e9 \u00e9puis\u00e9.<\/span> <span class=\"\" title=\"\">Si vous avez une r\u00e9f\u00e9rence de couleur, veuillez nous envoyer un message avant que nous exp\u00e9dions votre commande.<\/span><\/span><\/p>\n<p><span title=\"\">\u00a0<\/span><\/p>\n<\/div>\n<\/div>\n<\/div>\n","protected":false},"excerpt":{"rendered":"<p>Sac SAMBA, recycl\u00e9 en emballages de jus de fruit et des plastiques transparents.<\/p>\n<p>Multicolore \/ Lavable \/ Pliable<\/p>\n<p>Dimension: 39.5cmL x 25.5cmH x 13cmP. L&rsquo;anse est environ 75cm<\/p>\n","protected":false},"featured_media":3793,"comment_status":"closed","ping_status":"closed","template":"","meta":[],"product_cat":[170,173,172,309],"product_tag":[],"yoast_head":"<!-- This site is optimized with the Yoast SEO plugin v24.5 - https:\/\/yoast.com\/wordpress\/plugins\/seo\/ -->\n<title>SAC SAMBA - E-Moi<\/title>\n<meta name=\"robots\" content=\"index, follow, max-snippet:-1, max-image-preview:large, max-video-preview:-1\" \/>\n<link rel=\"canonical\" href=\"https:\/\/www.emoi-france.fr\/fr\/produit\/sac-samba\/\" \/>\n<meta property=\"og:locale\" content=\"fr_FR\" \/>\n<meta property=\"og:type\" content=\"article\" \/>\n<meta property=\"og:title\" content=\"SAC SAMBA - E-Moi\" \/>\n<meta property=\"og:description\" content=\"Sac SAMBA, recycl\u00e9 en emballages de jus de fruit et des plastiques transparents.  Multicolore \/ Lavable \/ Pliable  Dimension: 39.5cmL x 25.5cmH x 13cmP. L&#039;anse est environ 75cm\" \/>\n<meta property=\"og:url\" content=\"https:\/\/www.emoi-france.fr\/fr\/produit\/sac-samba\/\" \/>\n<meta property=\"og:site_name\" content=\"E-Moi\" \/>\n<meta property=\"article:modified_time\" content=\"2019-07-06T15:50:14+00:00\" \/>\n<meta property=\"og:image\" content=\"https:\/\/www.emoi-france.fr\/wp-content\/uploads\/2019\/07\/samba-bag.jpg\" \/>\n\t<meta property=\"og:image:width\" content=\"500\" \/>\n\t<meta property=\"og:image:height\" content=\"700\" \/>\n\t<meta property=\"og:image:type\" content=\"image\/jpeg\" \/>\n<meta name=\"twitter:card\" content=\"summary_large_image\" \/>\n<meta name=\"twitter:label1\" content=\"Dur\u00e9e de lecture estim\u00e9e\" \/>\n\t<meta name=\"twitter:data1\" content=\"1 minute\" \/>\n<script type=\"application\/ld+json\" class=\"yoast-schema-graph\">{\"@context\":\"https:\/\/schema.org\",\"@graph\":[{\"@type\":\"WebPage\",\"@id\":\"https:\/\/www.emoi-france.fr\/fr\/produit\/sac-samba\/\",\"url\":\"https:\/\/www.emoi-france.fr\/fr\/produit\/sac-samba\/\",\"name\":\"SAC SAMBA - E-Moi\",\"isPartOf\":{\"@id\":\"https:\/\/www.emoi-france.fr\/#website\"},\"primaryImageOfPage\":{\"@id\":\"https:\/\/www.emoi-france.fr\/fr\/produit\/sac-samba\/#primaryimage\"},\"image\":{\"@id\":\"https:\/\/www.emoi-france.fr\/fr\/produit\/sac-samba\/#primaryimage\"},\"thumbnailUrl\":\"https:\/\/www.emoi-france.fr\/wp-content\/uploads\/2019\/07\/samba-bag.jpg\",\"datePublished\":\"2019-07-06T15:40:58+00:00\",\"dateModified\":\"2019-07-06T15:50:14+00:00\",\"breadcrumb\":{\"@id\":\"https:\/\/www.emoi-france.fr\/fr\/produit\/sac-samba\/#breadcrumb\"},\"inLanguage\":\"fr-FR\",\"potentialAction\":[{\"@type\":\"ReadAction\",\"target\":[\"https:\/\/www.emoi-france.fr\/fr\/produit\/sac-samba\/\"]}]},{\"@type\":\"ImageObject\",\"inLanguage\":\"fr-FR\",\"@id\":\"https:\/\/www.emoi-france.fr\/fr\/produit\/sac-samba\/#primaryimage\",\"url\":\"https:\/\/www.emoi-france.fr\/wp-content\/uploads\/2019\/07\/samba-bag.jpg\",\"contentUrl\":\"https:\/\/www.emoi-france.fr\/wp-content\/uploads\/2019\/07\/samba-bag.jpg\",\"width\":500,\"height\":700},{\"@type\":\"BreadcrumbList\",\"@id\":\"https:\/\/www.emoi-france.fr\/fr\/produit\/sac-samba\/#breadcrumb\",\"itemListElement\":[{\"@type\":\"ListItem\",\"position\":1,\"name\":\"Home\",\"item\":\"https:\/\/www.emoi-france.fr\/fr\/\"},{\"@type\":\"ListItem\",\"position\":2,\"name\":\"Boutique en ligne\",\"item\":\"https:\/\/www.emoi-france.fr\/fr\/boutique\/\"},{\"@type\":\"ListItem\",\"position\":3,\"name\":\"SAC SAMBA\"}]},{\"@type\":\"WebSite\",\"@id\":\"https:\/\/www.emoi-france.fr\/#website\",\"url\":\"https:\/\/www.emoi-france.fr\/\",\"name\":\"E-Moi\",\"description\":\"\",\"potentialAction\":[{\"@type\":\"SearchAction\",\"target\":{\"@type\":\"EntryPoint\",\"urlTemplate\":\"https:\/\/www.emoi-france.fr\/?s={search_term_string}\"},\"query-input\":{\"@type\":\"PropertyValueSpecification\",\"valueRequired\":true,\"valueName\":\"search_term_string\"}}],\"inLanguage\":\"fr-FR\"}]}<\/script>\n<!-- \/ Yoast SEO plugin. -->","yoast_head_json":{"title":"SAC SAMBA - E-Moi","robots":{"index":"index","follow":"follow","max-snippet":"max-snippet:-1","max-image-preview":"max-image-preview:large","max-video-preview":"max-video-preview:-1"},"canonical":"https:\/\/www.emoi-france.fr\/fr\/produit\/sac-samba\/","og_locale":"fr_FR","og_type":"article","og_title":"SAC SAMBA - E-Moi","og_description":"Sac SAMBA, recycl\u00e9 en emballages de jus de fruit et des plastiques transparents.  Multicolore \/ Lavable \/ Pliable  Dimension: 39.5cmL x 25.5cmH x 13cmP. L'anse est environ 75cm","og_url":"https:\/\/www.emoi-france.fr\/fr\/produit\/sac-samba\/","og_site_name":"E-Moi","article_modified_time":"2019-07-06T15:50:14+00:00","og_image":[{"width":500,"height":700,"url":"https:\/\/www.emoi-france.fr\/wp-content\/uploads\/2019\/07\/samba-bag.jpg","type":"image\/jpeg"}],"twitter_card":"summary_large_image","twitter_misc":{"Dur\u00e9e de lecture estim\u00e9e":"1 minute"},"schema":{"@context":"https:\/\/schema.org","@graph":[{"@type":"WebPage","@id":"https:\/\/www.emoi-france.fr\/fr\/produit\/sac-samba\/","url":"https:\/\/www.emoi-france.fr\/fr\/produit\/sac-samba\/","name":"SAC SAMBA - E-Moi","isPartOf":{"@id":"https:\/\/www.emoi-france.fr\/#website"},"primaryImageOfPage":{"@id":"https:\/\/www.emoi-france.fr\/fr\/produit\/sac-samba\/#primaryimage"},"image":{"@id":"https:\/\/www.emoi-france.fr\/fr\/produit\/sac-samba\/#primaryimage"},"thumbnailUrl":"https:\/\/www.emoi-france.fr\/wp-content\/uploads\/2019\/07\/samba-bag.jpg","datePublished":"2019-07-06T15:40:58+00:00","dateModified":"2019-07-06T15:50:14+00:00","breadcrumb":{"@id":"https:\/\/www.emoi-france.fr\/fr\/produit\/sac-samba\/#breadcrumb"},"inLanguage":"fr-FR","potentialAction":[{"@type":"ReadAction","target":["https:\/\/www.emoi-france.fr\/fr\/produit\/sac-samba\/"]}]},{"@type":"ImageObject","inLanguage":"fr-FR","@id":"https:\/\/www.emoi-france.fr\/fr\/produit\/sac-samba\/#primaryimage","url":"https:\/\/www.emoi-france.fr\/wp-content\/uploads\/2019\/07\/samba-bag.jpg","contentUrl":"https:\/\/www.emoi-france.fr\/wp-content\/uploads\/2019\/07\/samba-bag.jpg","width":500,"height":700},{"@type":"BreadcrumbList","@id":"https:\/\/www.emoi-france.fr\/fr\/produit\/sac-samba\/#breadcrumb","itemListElement":[{"@type":"ListItem","position":1,"name":"Home","item":"https:\/\/www.emoi-france.fr\/fr\/"},{"@type":"ListItem","position":2,"name":"Boutique en ligne","item":"https:\/\/www.emoi-france.fr\/fr\/boutique\/"},{"@type":"ListItem","position":3,"name":"SAC SAMBA"}]},{"@type":"WebSite","@id":"https:\/\/www.emoi-france.fr\/#website","url":"https:\/\/www.emoi-france.fr\/","name":"E-Moi","description":"","potentialAction":[{"@type":"SearchAction","target":{"@type":"EntryPoint","urlTemplate":"https:\/\/www.emoi-france.fr\/?s={search_term_string}"},"query-input":{"@type":"PropertyValueSpecification","valueRequired":true,"valueName":"search_term_string"}}],"inLanguage":"fr-FR"}]}},"_links":{"self":[{"href":"https:\/\/www.emoi-france.fr\/fr\/wp-json\/wp\/v2\/product\/3796"}],"collection":[{"href":"https:\/\/www.emoi-france.fr\/fr\/wp-json\/wp\/v2\/product"}],"about":[{"href":"https:\/\/www.emoi-france.fr\/fr\/wp-json\/wp\/v2\/types\/product"}],"replies":[{"embeddable":true,"href":"https:\/\/www.emoi-france.fr\/fr\/wp-json\/wp\/v2\/comments?post=3796"}],"wp:featuredmedia":[{"embeddable":true,"href":"https:\/\/www.emoi-france.fr\/fr\/wp-json\/wp\/v2\/media\/3793"}],"wp:attachment":[{"href":"https:\/\/www.emoi-france.fr\/fr\/wp-json\/wp\/v2\/media?parent=3796"}],"wp:term":[{"taxonomy":"product_cat","embeddable":true,"href":"https:\/\/www.emoi-france.fr\/fr\/wp-json\/wp\/v2\/product_cat?post=3796"},{"taxonomy":"product_tag","embeddable":true,"href":"https:\/\/www.emoi-france.fr\/fr\/wp-json\/wp\/v2\/product_tag?post=3796"}],"curies":[{"name":"wp","href":"https:\/\/api.w.org\/{rel}","templated":true}]}}