{"id":3755,"date":"2019-07-06T00:33:35","date_gmt":"2019-07-05T17:33:35","guid":{"rendered":"https:\/\/www.emoi-france.fr\/product\/mosaique-2\/"},"modified":"2019-07-06T00:33:35","modified_gmt":"2019-07-05T17:33:35","slug":"mosaique-2","status":"publish","type":"product","link":"https:\/\/www.emoi-france.fr\/fr\/produit\/mosaique-2\/","title":{"rendered":"MOSAIQUE"},"content":{"rendered":"<div class=\"short-description\">\n<p><span class=\"tlid-translation translation\" lang=\"fr\"><span class=\"\" title=\"\">Sac au crochet \u201cMOSAIQUE \u00bb de Solene M est recycl\u00e9 \u00e0 partir de capusles de canettes avec l<\/span><\/span>a d<span class=\"\" title=\"\">oublure de haute qualit\u00e9 et des petites pochettes \u00e0 l\u2019int\u00e9rieur pour s\u00e9parer vos petites affaires.<\/span><br \/>\nPoids: 450g.\u00a0 <span class=\"\" title=\"\">Dimension: 37cmL x 34cmHx 7.5cmP<\/span>.<\/p>\n<p><span class=\"\" title=\"\"><span class=\"tlid-translation translation\" lang=\"fr\">Fermeture par bouton pression magn\u00e9tique. Couleur noir et blanc<br \/>\n<span title=\"\">Livraison gratuite en France.<\/span><\/span><\/span><\/p>\n<p><span class=\"\" title=\"\">Les accessoires E-MOI sont fabriqu\u00e9s avec une grande conscience pour l\u2019environnement.<\/span> <span class=\"\" title=\"\">Nos produits sont exclusifs et \u00e9thiques. Ils sont fabriqu\u00e9s par nos artisans locaux talentueux au Vietnam, en Tha\u00eflande et aux Philippines.<\/span><\/p>\n<\/div>\n","protected":false},"excerpt":{"rendered":"<div class=\"short-description\">\n<p><span class=\"tlid-translation translation\" lang=\"fr\"><span class=\"\" title=\"\">Sac au crochet \u201cMOSAIQUE \u00bb de Solene M est recycl\u00e9 \u00e0 partir de capusles de canettes avec l<\/span><\/span>a d<span class=\"\" title=\"\">oublure de haute qualit\u00e9 et des petites pochettes \u00e0 l\u2019int\u00e9rieur pour s\u00e9parer vos petites affaires.<\/span><br \/>\nPoids: 450g.\u00a0 <span class=\"\" title=\"\">Dimension: 37cmL x 34cmHx 7.5cmP<\/span>.<\/p>\n<p><span class=\"\" title=\"\"><span class=\"tlid-translation translation\" lang=\"fr\">Fermeture par bouton pression magn\u00e9tique. Couleur noir et blanc<span title=\"\">.<\/span><\/span><\/span><\/p>\n<\/div>\n","protected":false},"featured_media":3751,"comment_status":"closed","ping_status":"closed","template":"","meta":[],"product_cat":[314],"product_tag":[338],"yoast_head":"<!-- This site is optimized with the Yoast SEO plugin v24.5 - https:\/\/yoast.com\/wordpress\/plugins\/seo\/ -->\n<title>MOSAIQUE - E-Moi<\/title>\n<meta name=\"robots\" content=\"index, follow, max-snippet:-1, max-image-preview:large, max-video-preview:-1\" \/>\n<link rel=\"canonical\" href=\"https:\/\/www.emoi-france.fr\/fr\/produit\/mosaique-2\/\" \/>\n<meta property=\"og:locale\" content=\"fr_FR\" \/>\n<meta property=\"og:type\" content=\"article\" \/>\n<meta property=\"og:title\" content=\"MOSAIQUE - E-Moi\" \/>\n<meta property=\"og:description\" content=\"Sac au crochet \u201cMOSAIQUE \u00bb de Solene M est recycl\u00e9 \u00e0 partir de capusles de canettes avec la doublure de haute qualit\u00e9 et des petites pochettes \u00e0 l\u2019int\u00e9rieur pour s\u00e9parer vos petites affaires. Poids: 450g.\u00a0 Dimension: 37cmL x 34cmHx 7.5cmP.  Fermeture par bouton pression magn\u00e9tique. Couleur noir et blanc.\" \/>\n<meta property=\"og:url\" content=\"https:\/\/www.emoi-france.fr\/fr\/produit\/mosaique-2\/\" \/>\n<meta property=\"og:site_name\" content=\"E-Moi\" \/>\n<meta property=\"og:image\" content=\"https:\/\/www.emoi-france.fr\/wp-content\/uploads\/2019\/07\/Mosaique-Poptabs-rezie.jpg\" \/>\n\t<meta property=\"og:image:width\" content=\"447\" \/>\n\t<meta property=\"og:image:height\" content=\"651\" \/>\n\t<meta property=\"og:image:type\" content=\"image\/jpeg\" \/>\n<meta name=\"twitter:card\" content=\"summary_large_image\" \/>\n<script type=\"application\/ld+json\" class=\"yoast-schema-graph\">{\"@context\":\"https:\/\/schema.org\",\"@graph\":[{\"@type\":\"WebPage\",\"@id\":\"https:\/\/www.emoi-france.fr\/fr\/produit\/mosaique-2\/\",\"url\":\"https:\/\/www.emoi-france.fr\/fr\/produit\/mosaique-2\/\",\"name\":\"MOSAIQUE - E-Moi\",\"isPartOf\":{\"@id\":\"https:\/\/www.emoi-france.fr\/#website\"},\"primaryImageOfPage\":{\"@id\":\"https:\/\/www.emoi-france.fr\/fr\/produit\/mosaique-2\/#primaryimage\"},\"image\":{\"@id\":\"https:\/\/www.emoi-france.fr\/fr\/produit\/mosaique-2\/#primaryimage\"},\"thumbnailUrl\":\"https:\/\/www.emoi-france.fr\/wp-content\/uploads\/2019\/07\/Mosaique-Poptabs-rezie.jpg\",\"datePublished\":\"2019-07-05T17:33:35+00:00\",\"breadcrumb\":{\"@id\":\"https:\/\/www.emoi-france.fr\/fr\/produit\/mosaique-2\/#breadcrumb\"},\"inLanguage\":\"fr-FR\",\"potentialAction\":[{\"@type\":\"ReadAction\",\"target\":[\"https:\/\/www.emoi-france.fr\/fr\/produit\/mosaique-2\/\"]}]},{\"@type\":\"ImageObject\",\"inLanguage\":\"fr-FR\",\"@id\":\"https:\/\/www.emoi-france.fr\/fr\/produit\/mosaique-2\/#primaryimage\",\"url\":\"https:\/\/www.emoi-france.fr\/wp-content\/uploads\/2019\/07\/Mosaique-Poptabs-rezie.jpg\",\"contentUrl\":\"https:\/\/www.emoi-france.fr\/wp-content\/uploads\/2019\/07\/Mosaique-Poptabs-rezie.jpg\",\"width\":447,\"height\":651},{\"@type\":\"BreadcrumbList\",\"@id\":\"https:\/\/www.emoi-france.fr\/fr\/produit\/mosaique-2\/#breadcrumb\",\"itemListElement\":[{\"@type\":\"ListItem\",\"position\":1,\"name\":\"Home\",\"item\":\"https:\/\/www.emoi-france.fr\/fr\/\"},{\"@type\":\"ListItem\",\"position\":2,\"name\":\"Boutique en ligne\",\"item\":\"https:\/\/www.emoi-france.fr\/fr\/boutique\/\"},{\"@type\":\"ListItem\",\"position\":3,\"name\":\"MOSAIQUE\"}]},{\"@type\":\"WebSite\",\"@id\":\"https:\/\/www.emoi-france.fr\/#website\",\"url\":\"https:\/\/www.emoi-france.fr\/\",\"name\":\"E-Moi\",\"description\":\"\",\"potentialAction\":[{\"@type\":\"SearchAction\",\"target\":{\"@type\":\"EntryPoint\",\"urlTemplate\":\"https:\/\/www.emoi-france.fr\/?s={search_term_string}\"},\"query-input\":{\"@type\":\"PropertyValueSpecification\",\"valueRequired\":true,\"valueName\":\"search_term_string\"}}],\"inLanguage\":\"fr-FR\"}]}<\/script>\n<!-- \/ Yoast SEO plugin. -->","yoast_head_json":{"title":"MOSAIQUE - E-Moi","robots":{"index":"index","follow":"follow","max-snippet":"max-snippet:-1","max-image-preview":"max-image-preview:large","max-video-preview":"max-video-preview:-1"},"canonical":"https:\/\/www.emoi-france.fr\/fr\/produit\/mosaique-2\/","og_locale":"fr_FR","og_type":"article","og_title":"MOSAIQUE - E-Moi","og_description":"Sac au crochet \u201cMOSAIQUE \u00bb de Solene M est recycl\u00e9 \u00e0 partir de capusles de canettes avec la doublure de haute qualit\u00e9 et des petites pochettes \u00e0 l\u2019int\u00e9rieur pour s\u00e9parer vos petites affaires. Poids: 450g.\u00a0 Dimension: 37cmL x 34cmHx 7.5cmP.  Fermeture par bouton pression magn\u00e9tique. Couleur noir et blanc.","og_url":"https:\/\/www.emoi-france.fr\/fr\/produit\/mosaique-2\/","og_site_name":"E-Moi","og_image":[{"width":447,"height":651,"url":"https:\/\/www.emoi-france.fr\/wp-content\/uploads\/2019\/07\/Mosaique-Poptabs-rezie.jpg","type":"image\/jpeg"}],"twitter_card":"summary_large_image","schema":{"@context":"https:\/\/schema.org","@graph":[{"@type":"WebPage","@id":"https:\/\/www.emoi-france.fr\/fr\/produit\/mosaique-2\/","url":"https:\/\/www.emoi-france.fr\/fr\/produit\/mosaique-2\/","name":"MOSAIQUE - E-Moi","isPartOf":{"@id":"https:\/\/www.emoi-france.fr\/#website"},"primaryImageOfPage":{"@id":"https:\/\/www.emoi-france.fr\/fr\/produit\/mosaique-2\/#primaryimage"},"image":{"@id":"https:\/\/www.emoi-france.fr\/fr\/produit\/mosaique-2\/#primaryimage"},"thumbnailUrl":"https:\/\/www.emoi-france.fr\/wp-content\/uploads\/2019\/07\/Mosaique-Poptabs-rezie.jpg","datePublished":"2019-07-05T17:33:35+00:00","breadcrumb":{"@id":"https:\/\/www.emoi-france.fr\/fr\/produit\/mosaique-2\/#breadcrumb"},"inLanguage":"fr-FR","potentialAction":[{"@type":"ReadAction","target":["https:\/\/www.emoi-france.fr\/fr\/produit\/mosaique-2\/"]}]},{"@type":"ImageObject","inLanguage":"fr-FR","@id":"https:\/\/www.emoi-france.fr\/fr\/produit\/mosaique-2\/#primaryimage","url":"https:\/\/www.emoi-france.fr\/wp-content\/uploads\/2019\/07\/Mosaique-Poptabs-rezie.jpg","contentUrl":"https:\/\/www.emoi-france.fr\/wp-content\/uploads\/2019\/07\/Mosaique-Poptabs-rezie.jpg","width":447,"height":651},{"@type":"BreadcrumbList","@id":"https:\/\/www.emoi-france.fr\/fr\/produit\/mosaique-2\/#breadcrumb","itemListElement":[{"@type":"ListItem","position":1,"name":"Home","item":"https:\/\/www.emoi-france.fr\/fr\/"},{"@type":"ListItem","position":2,"name":"Boutique en ligne","item":"https:\/\/www.emoi-france.fr\/fr\/boutique\/"},{"@type":"ListItem","position":3,"name":"MOSAIQUE"}]},{"@type":"WebSite","@id":"https:\/\/www.emoi-france.fr\/#website","url":"https:\/\/www.emoi-france.fr\/","name":"E-Moi","description":"","potentialAction":[{"@type":"SearchAction","target":{"@type":"EntryPoint","urlTemplate":"https:\/\/www.emoi-france.fr\/?s={search_term_string}"},"query-input":{"@type":"PropertyValueSpecification","valueRequired":true,"valueName":"search_term_string"}}],"inLanguage":"fr-FR"}]}},"_links":{"self":[{"href":"https:\/\/www.emoi-france.fr\/fr\/wp-json\/wp\/v2\/product\/3755"}],"collection":[{"href":"https:\/\/www.emoi-france.fr\/fr\/wp-json\/wp\/v2\/product"}],"about":[{"href":"https:\/\/www.emoi-france.fr\/fr\/wp-json\/wp\/v2\/types\/product"}],"replies":[{"embeddable":true,"href":"https:\/\/www.emoi-france.fr\/fr\/wp-json\/wp\/v2\/comments?post=3755"}],"wp:featuredmedia":[{"embeddable":true,"href":"https:\/\/www.emoi-france.fr\/fr\/wp-json\/wp\/v2\/media\/3751"}],"wp:attachment":[{"href":"https:\/\/www.emoi-france.fr\/fr\/wp-json\/wp\/v2\/media?parent=3755"}],"wp:term":[{"taxonomy":"product_cat","embeddable":true,"href":"https:\/\/www.emoi-france.fr\/fr\/wp-json\/wp\/v2\/product_cat?post=3755"},{"taxonomy":"product_tag","embeddable":true,"href":"https:\/\/www.emoi-france.fr\/fr\/wp-json\/wp\/v2\/product_tag?post=3755"}],"curies":[{"name":"wp","href":"https:\/\/api.w.org\/{rel}","templated":true}]}}