{"id":3174,"date":"2019-06-06T03:40:04","date_gmt":"2019-06-05T20:40:04","guid":{"rendered":"https:\/\/www.emoi-france.fr\/product\/sac-woman-in-love\/"},"modified":"2019-06-06T03:40:04","modified_gmt":"2019-06-05T20:40:04","slug":"sac-woman-in-love","status":"publish","type":"product","link":"https:\/\/www.emoi-france.fr\/fr\/produit\/sac-woman-in-love\/","title":{"rendered":"Sac \u00ab\u00a0WOMAN IN LOVE\u00a0\u00bb"},"content":{"rendered":"<p>Sac crochet \u00ab\u00a0Women In Love\u00a0\u00bb de Solene M, recycl\u00e9 \u00e0 partir de capsules de canettes.<br \/>\nCouleur noire avec la forme de coeur rouge au milieu<br \/>\nDoublure de haute qualit\u00e9 avec deux petites poches \u00e0 l&rsquo;int\u00e9rieur pour s\u00e9parer vos petites affaires personnelles<br \/>\nFermeture magn\u00e9tique<br \/>\nPoids: 400g. Dimension: Largeur 33cm \/ Hauteur 23cm \/ Profondeur 7.5cm<br \/>\nL&rsquo;anse en bois. hauteur de l&rsquo;anse est environ 8,5 cm, largeur de l&rsquo;anse est environ 11,5 cm<br \/>\nLivraison gratuite en France.<\/p>\n<p><span class=\"\" title=\"\">Les accessoires E-MOI sont fabriqu\u00e9s avec une grande conscience pour l\u2019environnement.<\/span> <span class=\"\" title=\"\">Nos produits sont exclusifs et \u00e9thiques. Ils sont fabriqu\u00e9s par nos artisans locaux talentueux au Vietnam, en Tha\u00eflande et aux Philippines.<\/span><\/p>\n","protected":false},"excerpt":{"rendered":"<p>Sac crochet \u00ab\u00a0Women In Love\u00a0\u00bb de Solene M, recycl\u00e9 \u00e0 partir de capsules de canettes.<br \/>\nCouleur noire avec la forme de coeur rouge au milieu<br \/>\nDoublure de haute qualit\u00e9 avec deux petites poches \u00e0 l&rsquo;int\u00e9rieur pour s\u00e9parer vos petites affaires personnelles<br \/>\nFermeture magn\u00e9tique<br \/>\nDimension: Largeur 33cm \/ Hauteur 23cm \/ Profondeur 7.5cm<br \/>\nL&rsquo;anse en bois. hauteur de l&rsquo;anse est environ 8,5 cm, largeur de l&rsquo;anse est environ 11,5 cm<br \/>\nLivraison gratuite en France.<\/p>\n","protected":false},"featured_media":3171,"comment_status":"closed","ping_status":"closed","template":"","meta":[],"product_cat":[314],"product_tag":[334],"yoast_head":"<!-- This site is optimized with the Yoast SEO plugin v24.5 - https:\/\/yoast.com\/wordpress\/plugins\/seo\/ -->\n<title>Sac &quot;WOMAN IN LOVE&quot; - E-Moi<\/title>\n<meta name=\"robots\" content=\"index, follow, max-snippet:-1, max-image-preview:large, max-video-preview:-1\" \/>\n<link rel=\"canonical\" href=\"https:\/\/www.emoi-france.fr\/fr\/produit\/sac-woman-in-love\/\" \/>\n<meta property=\"og:locale\" content=\"fr_FR\" \/>\n<meta property=\"og:type\" content=\"article\" \/>\n<meta property=\"og:title\" content=\"Sac &quot;WOMAN IN LOVE&quot; - E-Moi\" \/>\n<meta property=\"og:description\" content=\"Sac crochet &quot;Women In Love&quot; de Solene M, recycl\u00e9 \u00e0 partir de capsules de canettes. Couleur noire avec la forme de coeur rouge au milieu Doublure de haute qualit\u00e9 avec deux petites poches \u00e0 l&#039;int\u00e9rieur pour s\u00e9parer vos petites affaires personnelles Fermeture magn\u00e9tique Dimension: Largeur 33cm \/ Hauteur 23cm \/ Profondeur 7.5cm L&#039;anse en bois. hauteur de l&#039;anse est environ 8,5 cm, largeur de l&#039;anse est environ 11,5 cm Livraison gratuite en France.\" \/>\n<meta property=\"og:url\" content=\"https:\/\/www.emoi-france.fr\/fr\/produit\/sac-woman-in-love\/\" \/>\n<meta property=\"og:site_name\" content=\"E-Moi\" \/>\n<meta property=\"og:image\" content=\"https:\/\/www.emoi-france.fr\/wp-content\/uploads\/2019\/06\/women-in-love-resize.jpg\" \/>\n\t<meta property=\"og:image:width\" content=\"1724\" \/>\n\t<meta property=\"og:image:height\" content=\"1469\" \/>\n\t<meta property=\"og:image:type\" content=\"image\/jpeg\" \/>\n<meta name=\"twitter:card\" content=\"summary_large_image\" \/>\n<meta name=\"twitter:label1\" content=\"Dur\u00e9e de lecture estim\u00e9e\" \/>\n\t<meta name=\"twitter:data1\" content=\"1 minute\" \/>\n<script type=\"application\/ld+json\" class=\"yoast-schema-graph\">{\"@context\":\"https:\/\/schema.org\",\"@graph\":[{\"@type\":\"WebPage\",\"@id\":\"https:\/\/www.emoi-france.fr\/fr\/produit\/sac-woman-in-love\/\",\"url\":\"https:\/\/www.emoi-france.fr\/fr\/produit\/sac-woman-in-love\/\",\"name\":\"Sac \\\"WOMAN IN LOVE\\\" - E-Moi\",\"isPartOf\":{\"@id\":\"https:\/\/www.emoi-france.fr\/#website\"},\"primaryImageOfPage\":{\"@id\":\"https:\/\/www.emoi-france.fr\/fr\/produit\/sac-woman-in-love\/#primaryimage\"},\"image\":{\"@id\":\"https:\/\/www.emoi-france.fr\/fr\/produit\/sac-woman-in-love\/#primaryimage\"},\"thumbnailUrl\":\"https:\/\/www.emoi-france.fr\/wp-content\/uploads\/2019\/06\/women-in-love-resize.jpg\",\"datePublished\":\"2019-06-05T20:40:04+00:00\",\"breadcrumb\":{\"@id\":\"https:\/\/www.emoi-france.fr\/fr\/produit\/sac-woman-in-love\/#breadcrumb\"},\"inLanguage\":\"fr-FR\",\"potentialAction\":[{\"@type\":\"ReadAction\",\"target\":[\"https:\/\/www.emoi-france.fr\/fr\/produit\/sac-woman-in-love\/\"]}]},{\"@type\":\"ImageObject\",\"inLanguage\":\"fr-FR\",\"@id\":\"https:\/\/www.emoi-france.fr\/fr\/produit\/sac-woman-in-love\/#primaryimage\",\"url\":\"https:\/\/www.emoi-france.fr\/wp-content\/uploads\/2019\/06\/women-in-love-resize.jpg\",\"contentUrl\":\"https:\/\/www.emoi-france.fr\/wp-content\/uploads\/2019\/06\/women-in-love-resize.jpg\",\"width\":1724,\"height\":1469},{\"@type\":\"BreadcrumbList\",\"@id\":\"https:\/\/www.emoi-france.fr\/fr\/produit\/sac-woman-in-love\/#breadcrumb\",\"itemListElement\":[{\"@type\":\"ListItem\",\"position\":1,\"name\":\"Home\",\"item\":\"https:\/\/www.emoi-france.fr\/fr\/\"},{\"@type\":\"ListItem\",\"position\":2,\"name\":\"Boutique en ligne\",\"item\":\"https:\/\/www.emoi-france.fr\/fr\/boutique\/\"},{\"@type\":\"ListItem\",\"position\":3,\"name\":\"Sac \u00ab\u00a0WOMAN IN LOVE\u00a0\u00bb\"}]},{\"@type\":\"WebSite\",\"@id\":\"https:\/\/www.emoi-france.fr\/#website\",\"url\":\"https:\/\/www.emoi-france.fr\/\",\"name\":\"E-Moi\",\"description\":\"\",\"potentialAction\":[{\"@type\":\"SearchAction\",\"target\":{\"@type\":\"EntryPoint\",\"urlTemplate\":\"https:\/\/www.emoi-france.fr\/?s={search_term_string}\"},\"query-input\":{\"@type\":\"PropertyValueSpecification\",\"valueRequired\":true,\"valueName\":\"search_term_string\"}}],\"inLanguage\":\"fr-FR\"}]}<\/script>\n<!-- \/ Yoast SEO plugin. -->","yoast_head_json":{"title":"Sac \"WOMAN IN LOVE\" - E-Moi","robots":{"index":"index","follow":"follow","max-snippet":"max-snippet:-1","max-image-preview":"max-image-preview:large","max-video-preview":"max-video-preview:-1"},"canonical":"https:\/\/www.emoi-france.fr\/fr\/produit\/sac-woman-in-love\/","og_locale":"fr_FR","og_type":"article","og_title":"Sac \"WOMAN IN LOVE\" - E-Moi","og_description":"Sac crochet \"Women In Love\" de Solene M, recycl\u00e9 \u00e0 partir de capsules de canettes. Couleur noire avec la forme de coeur rouge au milieu Doublure de haute qualit\u00e9 avec deux petites poches \u00e0 l'int\u00e9rieur pour s\u00e9parer vos petites affaires personnelles Fermeture magn\u00e9tique Dimension: Largeur 33cm \/ Hauteur 23cm \/ Profondeur 7.5cm L'anse en bois. hauteur de l'anse est environ 8,5 cm, largeur de l'anse est environ 11,5 cm Livraison gratuite en France.","og_url":"https:\/\/www.emoi-france.fr\/fr\/produit\/sac-woman-in-love\/","og_site_name":"E-Moi","og_image":[{"width":1724,"height":1469,"url":"https:\/\/www.emoi-france.fr\/wp-content\/uploads\/2019\/06\/women-in-love-resize.jpg","type":"image\/jpeg"}],"twitter_card":"summary_large_image","twitter_misc":{"Dur\u00e9e de lecture estim\u00e9e":"1 minute"},"schema":{"@context":"https:\/\/schema.org","@graph":[{"@type":"WebPage","@id":"https:\/\/www.emoi-france.fr\/fr\/produit\/sac-woman-in-love\/","url":"https:\/\/www.emoi-france.fr\/fr\/produit\/sac-woman-in-love\/","name":"Sac \"WOMAN IN LOVE\" - E-Moi","isPartOf":{"@id":"https:\/\/www.emoi-france.fr\/#website"},"primaryImageOfPage":{"@id":"https:\/\/www.emoi-france.fr\/fr\/produit\/sac-woman-in-love\/#primaryimage"},"image":{"@id":"https:\/\/www.emoi-france.fr\/fr\/produit\/sac-woman-in-love\/#primaryimage"},"thumbnailUrl":"https:\/\/www.emoi-france.fr\/wp-content\/uploads\/2019\/06\/women-in-love-resize.jpg","datePublished":"2019-06-05T20:40:04+00:00","breadcrumb":{"@id":"https:\/\/www.emoi-france.fr\/fr\/produit\/sac-woman-in-love\/#breadcrumb"},"inLanguage":"fr-FR","potentialAction":[{"@type":"ReadAction","target":["https:\/\/www.emoi-france.fr\/fr\/produit\/sac-woman-in-love\/"]}]},{"@type":"ImageObject","inLanguage":"fr-FR","@id":"https:\/\/www.emoi-france.fr\/fr\/produit\/sac-woman-in-love\/#primaryimage","url":"https:\/\/www.emoi-france.fr\/wp-content\/uploads\/2019\/06\/women-in-love-resize.jpg","contentUrl":"https:\/\/www.emoi-france.fr\/wp-content\/uploads\/2019\/06\/women-in-love-resize.jpg","width":1724,"height":1469},{"@type":"BreadcrumbList","@id":"https:\/\/www.emoi-france.fr\/fr\/produit\/sac-woman-in-love\/#breadcrumb","itemListElement":[{"@type":"ListItem","position":1,"name":"Home","item":"https:\/\/www.emoi-france.fr\/fr\/"},{"@type":"ListItem","position":2,"name":"Boutique en ligne","item":"https:\/\/www.emoi-france.fr\/fr\/boutique\/"},{"@type":"ListItem","position":3,"name":"Sac \u00ab\u00a0WOMAN IN LOVE\u00a0\u00bb"}]},{"@type":"WebSite","@id":"https:\/\/www.emoi-france.fr\/#website","url":"https:\/\/www.emoi-france.fr\/","name":"E-Moi","description":"","potentialAction":[{"@type":"SearchAction","target":{"@type":"EntryPoint","urlTemplate":"https:\/\/www.emoi-france.fr\/?s={search_term_string}"},"query-input":{"@type":"PropertyValueSpecification","valueRequired":true,"valueName":"search_term_string"}}],"inLanguage":"fr-FR"}]}},"_links":{"self":[{"href":"https:\/\/www.emoi-france.fr\/fr\/wp-json\/wp\/v2\/product\/3174"}],"collection":[{"href":"https:\/\/www.emoi-france.fr\/fr\/wp-json\/wp\/v2\/product"}],"about":[{"href":"https:\/\/www.emoi-france.fr\/fr\/wp-json\/wp\/v2\/types\/product"}],"replies":[{"embeddable":true,"href":"https:\/\/www.emoi-france.fr\/fr\/wp-json\/wp\/v2\/comments?post=3174"}],"wp:featuredmedia":[{"embeddable":true,"href":"https:\/\/www.emoi-france.fr\/fr\/wp-json\/wp\/v2\/media\/3171"}],"wp:attachment":[{"href":"https:\/\/www.emoi-france.fr\/fr\/wp-json\/wp\/v2\/media?parent=3174"}],"wp:term":[{"taxonomy":"product_cat","embeddable":true,"href":"https:\/\/www.emoi-france.fr\/fr\/wp-json\/wp\/v2\/product_cat?post=3174"},{"taxonomy":"product_tag","embeddable":true,"href":"https:\/\/www.emoi-france.fr\/fr\/wp-json\/wp\/v2\/product_tag?post=3174"}],"curies":[{"name":"wp","href":"https:\/\/api.w.org\/{rel}","templated":true}]}}