{"id":3127,"date":"2019-06-05T20:00:13","date_gmt":"2019-06-05T13:09:41","guid":{"rendered":"https:\/\/www.emoi-france.fr\/?post_type=product&#038;p=3127\/"},"modified":"2019-10-18T01:19:54","modified_gmt":"2019-10-17T18:19:54","slug":"broche-capsules","status":"publish","type":"product","link":"https:\/\/www.emoi-france.fr\/fr\/produit\/broche-capsules\/","title":{"rendered":"Broche capsules"},"content":{"rendered":"<p>Broche recycl\u00e9e en  capsules de canettes ou une boisson \u00e9nerg\u00e9tique Red Bull.<br \/>\nCentr\u00e9 avec une fleur recycl\u00e9e \u00e0 partir d&#8217;emballages de jus de fruits.<\/p>\n<p>Il p\u00e8se environ 6 grammes et 6 cm de diam\u00e8tre.<\/p>\n<p>Trois couleurs disponibles: argent (capsules de cannette soda), rouge (de capsules de Red Bull), argent- rouge (de capsules de Red Bull)<\/p>\n<p>Les accessoires E-MOI sont fabriqu\u00e9s avec une grande attention pour l&rsquo;environnement. Nos produits sont exclusifs,  \u00e9thiques et ils sont fabriqu\u00e9s par nos artisans locaux talentueux au Vietnam, en Tha\u00eflande et aux Philippines.<\/p>\n","protected":false},"excerpt":{"rendered":"<p>Broche recycl\u00e9e en  capsules de canettes ou une boisson \u00e9nerg\u00e9tique Red Bull.<br \/>\nCentr\u00e9 avec une fleur recycl\u00e9e \u00e0 partir d&#8217;emballages de jus de fruits.<br \/>\nIl p\u00e8se environ 6 grammes et 6 cm de diam\u00e8tre.<\/p>\n","protected":false},"featured_media":3120,"comment_status":"closed","ping_status":"closed","template":"","meta":[],"product_cat":[265,171,296,299],"product_tag":[334],"yoast_head":"<!-- This site is optimized with the Yoast SEO plugin v24.5 - https:\/\/yoast.com\/wordpress\/plugins\/seo\/ -->\n<title>Broche capsules - E-Moi<\/title>\n<meta name=\"robots\" content=\"index, follow, max-snippet:-1, max-image-preview:large, max-video-preview:-1\" \/>\n<link rel=\"canonical\" href=\"https:\/\/www.emoi-france.fr\/fr\/produit\/broche-capsules\/\" \/>\n<meta property=\"og:locale\" content=\"fr_FR\" \/>\n<meta property=\"og:type\" content=\"article\" \/>\n<meta property=\"og:title\" content=\"Broche capsules - E-Moi\" \/>\n<meta property=\"og:description\" content=\"Broche recycl\u00e9e en capsules de canettes ou une boisson \u00e9nerg\u00e9tique Red Bull. Centr\u00e9 avec une fleur recycl\u00e9e \u00e0 partir d&#039;emballages de jus de fruits. Il p\u00e8se environ 6 grammes et 6 cm de diam\u00e8tre.\" \/>\n<meta property=\"og:url\" content=\"https:\/\/www.emoi-france.fr\/fr\/produit\/broche-capsules\/\" \/>\n<meta property=\"og:site_name\" content=\"E-Moi\" \/>\n<meta property=\"article:modified_time\" content=\"2019-10-17T18:19:54+00:00\" \/>\n<meta property=\"og:image\" content=\"https:\/\/www.emoi-france.fr\/wp-content\/uploads\/2019\/06\/broche-capsule-1.jpg\" \/>\n\t<meta property=\"og:image:width\" content=\"1280\" \/>\n\t<meta property=\"og:image:height\" content=\"960\" \/>\n\t<meta property=\"og:image:type\" content=\"image\/jpeg\" \/>\n<meta name=\"twitter:card\" content=\"summary_large_image\" \/>\n<script type=\"application\/ld+json\" class=\"yoast-schema-graph\">{\"@context\":\"https:\/\/schema.org\",\"@graph\":[{\"@type\":\"WebPage\",\"@id\":\"https:\/\/www.emoi-france.fr\/fr\/produit\/broche-capsules\/\",\"url\":\"https:\/\/www.emoi-france.fr\/fr\/produit\/broche-capsules\/\",\"name\":\"Broche capsules - E-Moi\",\"isPartOf\":{\"@id\":\"https:\/\/www.emoi-france.fr\/#website\"},\"primaryImageOfPage\":{\"@id\":\"https:\/\/www.emoi-france.fr\/fr\/produit\/broche-capsules\/#primaryimage\"},\"image\":{\"@id\":\"https:\/\/www.emoi-france.fr\/fr\/produit\/broche-capsules\/#primaryimage\"},\"thumbnailUrl\":\"https:\/\/www.emoi-france.fr\/wp-content\/uploads\/2019\/06\/broche-capsule-1.jpg\",\"datePublished\":\"2019-06-05T13:09:41+00:00\",\"dateModified\":\"2019-10-17T18:19:54+00:00\",\"breadcrumb\":{\"@id\":\"https:\/\/www.emoi-france.fr\/fr\/produit\/broche-capsules\/#breadcrumb\"},\"inLanguage\":\"fr-FR\",\"potentialAction\":[{\"@type\":\"ReadAction\",\"target\":[\"https:\/\/www.emoi-france.fr\/fr\/produit\/broche-capsules\/\"]}]},{\"@type\":\"ImageObject\",\"inLanguage\":\"fr-FR\",\"@id\":\"https:\/\/www.emoi-france.fr\/fr\/produit\/broche-capsules\/#primaryimage\",\"url\":\"https:\/\/www.emoi-france.fr\/wp-content\/uploads\/2019\/06\/broche-capsule-1.jpg\",\"contentUrl\":\"https:\/\/www.emoi-france.fr\/wp-content\/uploads\/2019\/06\/broche-capsule-1.jpg\",\"width\":1280,\"height\":960},{\"@type\":\"BreadcrumbList\",\"@id\":\"https:\/\/www.emoi-france.fr\/fr\/produit\/broche-capsules\/#breadcrumb\",\"itemListElement\":[{\"@type\":\"ListItem\",\"position\":1,\"name\":\"Home\",\"item\":\"https:\/\/www.emoi-france.fr\/fr\/\"},{\"@type\":\"ListItem\",\"position\":2,\"name\":\"Boutique en ligne\",\"item\":\"https:\/\/www.emoi-france.fr\/fr\/boutique\/\"},{\"@type\":\"ListItem\",\"position\":3,\"name\":\"Broche capsules\"}]},{\"@type\":\"WebSite\",\"@id\":\"https:\/\/www.emoi-france.fr\/#website\",\"url\":\"https:\/\/www.emoi-france.fr\/\",\"name\":\"E-Moi\",\"description\":\"\",\"potentialAction\":[{\"@type\":\"SearchAction\",\"target\":{\"@type\":\"EntryPoint\",\"urlTemplate\":\"https:\/\/www.emoi-france.fr\/?s={search_term_string}\"},\"query-input\":{\"@type\":\"PropertyValueSpecification\",\"valueRequired\":true,\"valueName\":\"search_term_string\"}}],\"inLanguage\":\"fr-FR\"}]}<\/script>\n<!-- \/ Yoast SEO plugin. -->","yoast_head_json":{"title":"Broche capsules - E-Moi","robots":{"index":"index","follow":"follow","max-snippet":"max-snippet:-1","max-image-preview":"max-image-preview:large","max-video-preview":"max-video-preview:-1"},"canonical":"https:\/\/www.emoi-france.fr\/fr\/produit\/broche-capsules\/","og_locale":"fr_FR","og_type":"article","og_title":"Broche capsules - E-Moi","og_description":"Broche recycl\u00e9e en capsules de canettes ou une boisson \u00e9nerg\u00e9tique Red Bull. Centr\u00e9 avec une fleur recycl\u00e9e \u00e0 partir d'emballages de jus de fruits. Il p\u00e8se environ 6 grammes et 6 cm de diam\u00e8tre.","og_url":"https:\/\/www.emoi-france.fr\/fr\/produit\/broche-capsules\/","og_site_name":"E-Moi","article_modified_time":"2019-10-17T18:19:54+00:00","og_image":[{"width":1280,"height":960,"url":"https:\/\/www.emoi-france.fr\/wp-content\/uploads\/2019\/06\/broche-capsule-1.jpg","type":"image\/jpeg"}],"twitter_card":"summary_large_image","schema":{"@context":"https:\/\/schema.org","@graph":[{"@type":"WebPage","@id":"https:\/\/www.emoi-france.fr\/fr\/produit\/broche-capsules\/","url":"https:\/\/www.emoi-france.fr\/fr\/produit\/broche-capsules\/","name":"Broche capsules - E-Moi","isPartOf":{"@id":"https:\/\/www.emoi-france.fr\/#website"},"primaryImageOfPage":{"@id":"https:\/\/www.emoi-france.fr\/fr\/produit\/broche-capsules\/#primaryimage"},"image":{"@id":"https:\/\/www.emoi-france.fr\/fr\/produit\/broche-capsules\/#primaryimage"},"thumbnailUrl":"https:\/\/www.emoi-france.fr\/wp-content\/uploads\/2019\/06\/broche-capsule-1.jpg","datePublished":"2019-06-05T13:09:41+00:00","dateModified":"2019-10-17T18:19:54+00:00","breadcrumb":{"@id":"https:\/\/www.emoi-france.fr\/fr\/produit\/broche-capsules\/#breadcrumb"},"inLanguage":"fr-FR","potentialAction":[{"@type":"ReadAction","target":["https:\/\/www.emoi-france.fr\/fr\/produit\/broche-capsules\/"]}]},{"@type":"ImageObject","inLanguage":"fr-FR","@id":"https:\/\/www.emoi-france.fr\/fr\/produit\/broche-capsules\/#primaryimage","url":"https:\/\/www.emoi-france.fr\/wp-content\/uploads\/2019\/06\/broche-capsule-1.jpg","contentUrl":"https:\/\/www.emoi-france.fr\/wp-content\/uploads\/2019\/06\/broche-capsule-1.jpg","width":1280,"height":960},{"@type":"BreadcrumbList","@id":"https:\/\/www.emoi-france.fr\/fr\/produit\/broche-capsules\/#breadcrumb","itemListElement":[{"@type":"ListItem","position":1,"name":"Home","item":"https:\/\/www.emoi-france.fr\/fr\/"},{"@type":"ListItem","position":2,"name":"Boutique en ligne","item":"https:\/\/www.emoi-france.fr\/fr\/boutique\/"},{"@type":"ListItem","position":3,"name":"Broche capsules"}]},{"@type":"WebSite","@id":"https:\/\/www.emoi-france.fr\/#website","url":"https:\/\/www.emoi-france.fr\/","name":"E-Moi","description":"","potentialAction":[{"@type":"SearchAction","target":{"@type":"EntryPoint","urlTemplate":"https:\/\/www.emoi-france.fr\/?s={search_term_string}"},"query-input":{"@type":"PropertyValueSpecification","valueRequired":true,"valueName":"search_term_string"}}],"inLanguage":"fr-FR"}]}},"_links":{"self":[{"href":"https:\/\/www.emoi-france.fr\/fr\/wp-json\/wp\/v2\/product\/3127"}],"collection":[{"href":"https:\/\/www.emoi-france.fr\/fr\/wp-json\/wp\/v2\/product"}],"about":[{"href":"https:\/\/www.emoi-france.fr\/fr\/wp-json\/wp\/v2\/types\/product"}],"replies":[{"embeddable":true,"href":"https:\/\/www.emoi-france.fr\/fr\/wp-json\/wp\/v2\/comments?post=3127"}],"wp:featuredmedia":[{"embeddable":true,"href":"https:\/\/www.emoi-france.fr\/fr\/wp-json\/wp\/v2\/media\/3120"}],"wp:attachment":[{"href":"https:\/\/www.emoi-france.fr\/fr\/wp-json\/wp\/v2\/media?parent=3127"}],"wp:term":[{"taxonomy":"product_cat","embeddable":true,"href":"https:\/\/www.emoi-france.fr\/fr\/wp-json\/wp\/v2\/product_cat?post=3127"},{"taxonomy":"product_tag","embeddable":true,"href":"https:\/\/www.emoi-france.fr\/fr\/wp-json\/wp\/v2\/product_tag?post=3127"}],"curies":[{"name":"wp","href":"https:\/\/api.w.org\/{rel}","templated":true}]}}