{"id":3089,"date":"2018-11-22T05:01:41","date_gmt":"2018-11-21T22:01:41","guid":{"rendered":"https:\/\/www.emoi-france.fr\/product\/sac-la-sirene\/"},"modified":"2019-07-22T23:35:24","modified_gmt":"2019-07-22T16:35:24","slug":"sac-la-sirene","status":"publish","type":"product","link":"https:\/\/www.emoi-france.fr\/fr\/produit\/sac-la-sirene\/","title":{"rendered":"LA SIRENE"},"content":{"rendered":"<p>La SIRENE, sac \u00e0 main haute gamme de Solene M, recycl\u00e9 en capsules de cannettes<\/p>\n<p>100% fait main, avec un doublure de haute qualit\u00e9<\/p>\n<p>Anse bandouilier<\/p>\n<p>Poids environ 300g<\/p>\n<p>Dimension: 29cm x 15cm x 4cm<\/p>\n<p>Envoi gratuit pour la France<\/p>\n","protected":false},"excerpt":{"rendered":"<p>La SIRENE, sac \u00e0 main haute gamme de Solene M, recycl\u00e9 en capsules de cannettes<\/p>\n<p>100% fait main, avec un doublure de haute qualit\u00e9<\/p>\n<p>Anse bandouilier<\/p>\n<p>Envoi gratuit pour la France<\/p>\n","protected":false},"featured_media":3075,"comment_status":"closed","ping_status":"closed","template":"","meta":[],"product_cat":[314],"product_tag":[338],"yoast_head":"<!-- This site is optimized with the Yoast SEO plugin v24.5 - https:\/\/yoast.com\/wordpress\/plugins\/seo\/ -->\n<title>LA SIRENE - E-Moi<\/title>\n<meta name=\"robots\" content=\"index, follow, max-snippet:-1, max-image-preview:large, max-video-preview:-1\" \/>\n<link rel=\"canonical\" href=\"https:\/\/www.emoi-france.fr\/fr\/produit\/sac-la-sirene\/\" \/>\n<meta property=\"og:locale\" content=\"fr_FR\" \/>\n<meta property=\"og:type\" content=\"article\" \/>\n<meta property=\"og:title\" content=\"LA SIRENE - E-Moi\" \/>\n<meta property=\"og:description\" content=\"La SIRENE, sac \u00e0 main haute gamme de Solene M, recycl\u00e9 en capsules de cannettes  100% fait main, avec un doublure de haute qualit\u00e9  Anse bandouilier  Envoi gratuit pour la France\" \/>\n<meta property=\"og:url\" content=\"https:\/\/www.emoi-france.fr\/fr\/produit\/sac-la-sirene\/\" \/>\n<meta property=\"og:site_name\" content=\"E-Moi\" \/>\n<meta property=\"article:modified_time\" content=\"2019-07-22T16:35:24+00:00\" \/>\n<meta property=\"og:image\" content=\"https:\/\/www.emoi-france.fr\/wp-content\/uploads\/2018\/11\/Mermaid-yellow.jpg\" \/>\n\t<meta property=\"og:image:width\" content=\"1050\" \/>\n\t<meta property=\"og:image:height\" content=\"675\" \/>\n\t<meta property=\"og:image:type\" content=\"image\/jpeg\" \/>\n<meta name=\"twitter:card\" content=\"summary_large_image\" \/>\n<script type=\"application\/ld+json\" class=\"yoast-schema-graph\">{\"@context\":\"https:\/\/schema.org\",\"@graph\":[{\"@type\":\"WebPage\",\"@id\":\"https:\/\/www.emoi-france.fr\/fr\/produit\/sac-la-sirene\/\",\"url\":\"https:\/\/www.emoi-france.fr\/fr\/produit\/sac-la-sirene\/\",\"name\":\"LA SIRENE - E-Moi\",\"isPartOf\":{\"@id\":\"https:\/\/www.emoi-france.fr\/#website\"},\"primaryImageOfPage\":{\"@id\":\"https:\/\/www.emoi-france.fr\/fr\/produit\/sac-la-sirene\/#primaryimage\"},\"image\":{\"@id\":\"https:\/\/www.emoi-france.fr\/fr\/produit\/sac-la-sirene\/#primaryimage\"},\"thumbnailUrl\":\"https:\/\/www.emoi-france.fr\/wp-content\/uploads\/2018\/11\/Mermaid-yellow.jpg\",\"datePublished\":\"2018-11-21T22:01:41+00:00\",\"dateModified\":\"2019-07-22T16:35:24+00:00\",\"breadcrumb\":{\"@id\":\"https:\/\/www.emoi-france.fr\/fr\/produit\/sac-la-sirene\/#breadcrumb\"},\"inLanguage\":\"fr-FR\",\"potentialAction\":[{\"@type\":\"ReadAction\",\"target\":[\"https:\/\/www.emoi-france.fr\/fr\/produit\/sac-la-sirene\/\"]}]},{\"@type\":\"ImageObject\",\"inLanguage\":\"fr-FR\",\"@id\":\"https:\/\/www.emoi-france.fr\/fr\/produit\/sac-la-sirene\/#primaryimage\",\"url\":\"https:\/\/www.emoi-france.fr\/wp-content\/uploads\/2018\/11\/Mermaid-yellow.jpg\",\"contentUrl\":\"https:\/\/www.emoi-france.fr\/wp-content\/uploads\/2018\/11\/Mermaid-yellow.jpg\",\"width\":1050,\"height\":675},{\"@type\":\"BreadcrumbList\",\"@id\":\"https:\/\/www.emoi-france.fr\/fr\/produit\/sac-la-sirene\/#breadcrumb\",\"itemListElement\":[{\"@type\":\"ListItem\",\"position\":1,\"name\":\"Home\",\"item\":\"https:\/\/www.emoi-france.fr\/fr\/\"},{\"@type\":\"ListItem\",\"position\":2,\"name\":\"Boutique en ligne\",\"item\":\"https:\/\/www.emoi-france.fr\/fr\/boutique\/\"},{\"@type\":\"ListItem\",\"position\":3,\"name\":\"LA SIRENE\"}]},{\"@type\":\"WebSite\",\"@id\":\"https:\/\/www.emoi-france.fr\/#website\",\"url\":\"https:\/\/www.emoi-france.fr\/\",\"name\":\"E-Moi\",\"description\":\"\",\"potentialAction\":[{\"@type\":\"SearchAction\",\"target\":{\"@type\":\"EntryPoint\",\"urlTemplate\":\"https:\/\/www.emoi-france.fr\/?s={search_term_string}\"},\"query-input\":{\"@type\":\"PropertyValueSpecification\",\"valueRequired\":true,\"valueName\":\"search_term_string\"}}],\"inLanguage\":\"fr-FR\"}]}<\/script>\n<!-- \/ Yoast SEO plugin. -->","yoast_head_json":{"title":"LA SIRENE - E-Moi","robots":{"index":"index","follow":"follow","max-snippet":"max-snippet:-1","max-image-preview":"max-image-preview:large","max-video-preview":"max-video-preview:-1"},"canonical":"https:\/\/www.emoi-france.fr\/fr\/produit\/sac-la-sirene\/","og_locale":"fr_FR","og_type":"article","og_title":"LA SIRENE - E-Moi","og_description":"La SIRENE, sac \u00e0 main haute gamme de Solene M, recycl\u00e9 en capsules de cannettes  100% fait main, avec un doublure de haute qualit\u00e9  Anse bandouilier  Envoi gratuit pour la France","og_url":"https:\/\/www.emoi-france.fr\/fr\/produit\/sac-la-sirene\/","og_site_name":"E-Moi","article_modified_time":"2019-07-22T16:35:24+00:00","og_image":[{"width":1050,"height":675,"url":"https:\/\/www.emoi-france.fr\/wp-content\/uploads\/2018\/11\/Mermaid-yellow.jpg","type":"image\/jpeg"}],"twitter_card":"summary_large_image","schema":{"@context":"https:\/\/schema.org","@graph":[{"@type":"WebPage","@id":"https:\/\/www.emoi-france.fr\/fr\/produit\/sac-la-sirene\/","url":"https:\/\/www.emoi-france.fr\/fr\/produit\/sac-la-sirene\/","name":"LA SIRENE - E-Moi","isPartOf":{"@id":"https:\/\/www.emoi-france.fr\/#website"},"primaryImageOfPage":{"@id":"https:\/\/www.emoi-france.fr\/fr\/produit\/sac-la-sirene\/#primaryimage"},"image":{"@id":"https:\/\/www.emoi-france.fr\/fr\/produit\/sac-la-sirene\/#primaryimage"},"thumbnailUrl":"https:\/\/www.emoi-france.fr\/wp-content\/uploads\/2018\/11\/Mermaid-yellow.jpg","datePublished":"2018-11-21T22:01:41+00:00","dateModified":"2019-07-22T16:35:24+00:00","breadcrumb":{"@id":"https:\/\/www.emoi-france.fr\/fr\/produit\/sac-la-sirene\/#breadcrumb"},"inLanguage":"fr-FR","potentialAction":[{"@type":"ReadAction","target":["https:\/\/www.emoi-france.fr\/fr\/produit\/sac-la-sirene\/"]}]},{"@type":"ImageObject","inLanguage":"fr-FR","@id":"https:\/\/www.emoi-france.fr\/fr\/produit\/sac-la-sirene\/#primaryimage","url":"https:\/\/www.emoi-france.fr\/wp-content\/uploads\/2018\/11\/Mermaid-yellow.jpg","contentUrl":"https:\/\/www.emoi-france.fr\/wp-content\/uploads\/2018\/11\/Mermaid-yellow.jpg","width":1050,"height":675},{"@type":"BreadcrumbList","@id":"https:\/\/www.emoi-france.fr\/fr\/produit\/sac-la-sirene\/#breadcrumb","itemListElement":[{"@type":"ListItem","position":1,"name":"Home","item":"https:\/\/www.emoi-france.fr\/fr\/"},{"@type":"ListItem","position":2,"name":"Boutique en ligne","item":"https:\/\/www.emoi-france.fr\/fr\/boutique\/"},{"@type":"ListItem","position":3,"name":"LA SIRENE"}]},{"@type":"WebSite","@id":"https:\/\/www.emoi-france.fr\/#website","url":"https:\/\/www.emoi-france.fr\/","name":"E-Moi","description":"","potentialAction":[{"@type":"SearchAction","target":{"@type":"EntryPoint","urlTemplate":"https:\/\/www.emoi-france.fr\/?s={search_term_string}"},"query-input":{"@type":"PropertyValueSpecification","valueRequired":true,"valueName":"search_term_string"}}],"inLanguage":"fr-FR"}]}},"_links":{"self":[{"href":"https:\/\/www.emoi-france.fr\/fr\/wp-json\/wp\/v2\/product\/3089"}],"collection":[{"href":"https:\/\/www.emoi-france.fr\/fr\/wp-json\/wp\/v2\/product"}],"about":[{"href":"https:\/\/www.emoi-france.fr\/fr\/wp-json\/wp\/v2\/types\/product"}],"replies":[{"embeddable":true,"href":"https:\/\/www.emoi-france.fr\/fr\/wp-json\/wp\/v2\/comments?post=3089"}],"wp:featuredmedia":[{"embeddable":true,"href":"https:\/\/www.emoi-france.fr\/fr\/wp-json\/wp\/v2\/media\/3075"}],"wp:attachment":[{"href":"https:\/\/www.emoi-france.fr\/fr\/wp-json\/wp\/v2\/media?parent=3089"}],"wp:term":[{"taxonomy":"product_cat","embeddable":true,"href":"https:\/\/www.emoi-france.fr\/fr\/wp-json\/wp\/v2\/product_cat?post=3089"},{"taxonomy":"product_tag","embeddable":true,"href":"https:\/\/www.emoi-france.fr\/fr\/wp-json\/wp\/v2\/product_tag?post=3089"}],"curies":[{"name":"wp","href":"https:\/\/api.w.org\/{rel}","templated":true}]}}