{"id":2885,"date":"2017-08-11T17:42:28","date_gmt":"2017-08-11T10:42:28","guid":{"rendered":"https:\/\/www.emoi-france.fr\/product\/2885\/"},"modified":"2018-11-22T05:21:27","modified_gmt":"2018-11-21T22:21:27","slug":"sac-messenger-solene-m","status":"publish","type":"product","link":"https:\/\/www.emoi-france.fr\/fr\/produit\/sac-messenger-solene-m\/","title":{"rendered":"MESSENGER"},"content":{"rendered":"<p>Ce sac Messenger Solene M est recycl\u00e9 avec presque 900 pcs languettes de canettes. Anse bandoulier<br \/>\n100% fait main avec une doublure de haute qualit\u00e9 \u00e0 l&rsquo;int\u00e9rieur.<br \/>\nInoxydable<br \/>\nPoids: 410g.<br \/>\nLa dimension: largeur 26cmL\/ Hauteur 23cm \/ Profondeur 2cm<\/p>\n<p>Produits issue du commerce \u00e9quitable, r\u00e9alis\u00e9 par des femmes artisanat au vietnam.<br \/>\nLivraison gratuit en France<\/p>\n","protected":false},"excerpt":{"rendered":"<p>Ce sac Messenger Solene M est recycl\u00e9 avec presque que 900\u00a0pcs languettes de canettes. Anse bandoulier<br \/>\n100% fait main avec une doublure de haute qualit\u00e9 \u00e0 l&rsquo;int\u00e9rieur.<br \/>\nInoxydable<br \/>\nPoids: 410g.<br \/>\nLa dimension: largeur 26cmL\/ Hauteur 23cm \/ Profondeur 2cm<\/p>\n<p>Produits issue du commerce \u00e9quitable, r\u00e9alis\u00e9 par des femmes artisanat au vietnam.<br \/>\nLivraison gratuit en France<\/p>\n","protected":false},"featured_media":2900,"comment_status":"closed","ping_status":"closed","template":"","meta":[],"product_cat":[314],"product_tag":[334],"yoast_head":"<!-- This site is optimized with the Yoast SEO plugin v24.5 - https:\/\/yoast.com\/wordpress\/plugins\/seo\/ -->\n<title>MESSENGER - E-Moi<\/title>\n<meta name=\"robots\" content=\"index, follow, max-snippet:-1, max-image-preview:large, max-video-preview:-1\" \/>\n<link rel=\"canonical\" href=\"https:\/\/www.emoi-france.fr\/fr\/produit\/sac-messenger-solene-m\/\" \/>\n<meta property=\"og:locale\" content=\"fr_FR\" \/>\n<meta property=\"og:type\" content=\"article\" \/>\n<meta property=\"og:title\" content=\"MESSENGER - E-Moi\" \/>\n<meta property=\"og:description\" content=\"Ce sac Messenger Solene M est recycl\u00e9 avec presque que 900\u00a0pcs languettes de canettes. Anse bandoulier 100% fait main avec une doublure de haute qualit\u00e9 \u00e0 l&#039;int\u00e9rieur. Inoxydable Poids: 410g. La dimension: largeur 26cmL\/ Hauteur 23cm \/ Profondeur 2cm  Produits issue du commerce \u00e9quitable, r\u00e9alis\u00e9 par des femmes artisanat au vietnam. Livraison gratuit en France\" \/>\n<meta property=\"og:url\" content=\"https:\/\/www.emoi-france.fr\/fr\/produit\/sac-messenger-solene-m\/\" \/>\n<meta property=\"og:site_name\" content=\"E-Moi\" \/>\n<meta property=\"article:modified_time\" content=\"2018-11-21T22:21:27+00:00\" \/>\n<meta property=\"og:image\" content=\"https:\/\/www.emoi-france.fr\/wp-content\/uploads\/2017\/08\/pop-tabs-messenger-bag@-1.jpg\" \/>\n\t<meta property=\"og:image:width\" content=\"1890\" \/>\n\t<meta property=\"og:image:height\" content=\"1417\" \/>\n\t<meta property=\"og:image:type\" content=\"image\/jpeg\" \/>\n<meta name=\"twitter:card\" content=\"summary_large_image\" \/>\n<script type=\"application\/ld+json\" class=\"yoast-schema-graph\">{\"@context\":\"https:\/\/schema.org\",\"@graph\":[{\"@type\":\"WebPage\",\"@id\":\"https:\/\/www.emoi-france.fr\/fr\/produit\/sac-messenger-solene-m\/\",\"url\":\"https:\/\/www.emoi-france.fr\/fr\/produit\/sac-messenger-solene-m\/\",\"name\":\"MESSENGER - E-Moi\",\"isPartOf\":{\"@id\":\"https:\/\/www.emoi-france.fr\/#website\"},\"primaryImageOfPage\":{\"@id\":\"https:\/\/www.emoi-france.fr\/fr\/produit\/sac-messenger-solene-m\/#primaryimage\"},\"image\":{\"@id\":\"https:\/\/www.emoi-france.fr\/fr\/produit\/sac-messenger-solene-m\/#primaryimage\"},\"thumbnailUrl\":\"https:\/\/www.emoi-france.fr\/wp-content\/uploads\/2017\/08\/pop-tabs-messenger-bag@-1.jpg\",\"datePublished\":\"2017-08-11T10:42:28+00:00\",\"dateModified\":\"2018-11-21T22:21:27+00:00\",\"breadcrumb\":{\"@id\":\"https:\/\/www.emoi-france.fr\/fr\/produit\/sac-messenger-solene-m\/#breadcrumb\"},\"inLanguage\":\"fr-FR\",\"potentialAction\":[{\"@type\":\"ReadAction\",\"target\":[\"https:\/\/www.emoi-france.fr\/fr\/produit\/sac-messenger-solene-m\/\"]}]},{\"@type\":\"ImageObject\",\"inLanguage\":\"fr-FR\",\"@id\":\"https:\/\/www.emoi-france.fr\/fr\/produit\/sac-messenger-solene-m\/#primaryimage\",\"url\":\"https:\/\/www.emoi-france.fr\/wp-content\/uploads\/2017\/08\/pop-tabs-messenger-bag@-1.jpg\",\"contentUrl\":\"https:\/\/www.emoi-france.fr\/wp-content\/uploads\/2017\/08\/pop-tabs-messenger-bag@-1.jpg\",\"width\":1890,\"height\":1417},{\"@type\":\"BreadcrumbList\",\"@id\":\"https:\/\/www.emoi-france.fr\/fr\/produit\/sac-messenger-solene-m\/#breadcrumb\",\"itemListElement\":[{\"@type\":\"ListItem\",\"position\":1,\"name\":\"Home\",\"item\":\"https:\/\/www.emoi-france.fr\/fr\/\"},{\"@type\":\"ListItem\",\"position\":2,\"name\":\"Boutique en ligne\",\"item\":\"https:\/\/www.emoi-france.fr\/fr\/boutique\/\"},{\"@type\":\"ListItem\",\"position\":3,\"name\":\"MESSENGER\"}]},{\"@type\":\"WebSite\",\"@id\":\"https:\/\/www.emoi-france.fr\/#website\",\"url\":\"https:\/\/www.emoi-france.fr\/\",\"name\":\"E-Moi\",\"description\":\"\",\"potentialAction\":[{\"@type\":\"SearchAction\",\"target\":{\"@type\":\"EntryPoint\",\"urlTemplate\":\"https:\/\/www.emoi-france.fr\/?s={search_term_string}\"},\"query-input\":{\"@type\":\"PropertyValueSpecification\",\"valueRequired\":true,\"valueName\":\"search_term_string\"}}],\"inLanguage\":\"fr-FR\"}]}<\/script>\n<!-- \/ Yoast SEO plugin. -->","yoast_head_json":{"title":"MESSENGER - E-Moi","robots":{"index":"index","follow":"follow","max-snippet":"max-snippet:-1","max-image-preview":"max-image-preview:large","max-video-preview":"max-video-preview:-1"},"canonical":"https:\/\/www.emoi-france.fr\/fr\/produit\/sac-messenger-solene-m\/","og_locale":"fr_FR","og_type":"article","og_title":"MESSENGER - E-Moi","og_description":"Ce sac Messenger Solene M est recycl\u00e9 avec presque que 900\u00a0pcs languettes de canettes. Anse bandoulier 100% fait main avec une doublure de haute qualit\u00e9 \u00e0 l'int\u00e9rieur. Inoxydable Poids: 410g. La dimension: largeur 26cmL\/ Hauteur 23cm \/ Profondeur 2cm  Produits issue du commerce \u00e9quitable, r\u00e9alis\u00e9 par des femmes artisanat au vietnam. Livraison gratuit en France","og_url":"https:\/\/www.emoi-france.fr\/fr\/produit\/sac-messenger-solene-m\/","og_site_name":"E-Moi","article_modified_time":"2018-11-21T22:21:27+00:00","og_image":[{"width":1890,"height":1417,"url":"https:\/\/www.emoi-france.fr\/wp-content\/uploads\/2017\/08\/pop-tabs-messenger-bag@-1.jpg","type":"image\/jpeg"}],"twitter_card":"summary_large_image","schema":{"@context":"https:\/\/schema.org","@graph":[{"@type":"WebPage","@id":"https:\/\/www.emoi-france.fr\/fr\/produit\/sac-messenger-solene-m\/","url":"https:\/\/www.emoi-france.fr\/fr\/produit\/sac-messenger-solene-m\/","name":"MESSENGER - E-Moi","isPartOf":{"@id":"https:\/\/www.emoi-france.fr\/#website"},"primaryImageOfPage":{"@id":"https:\/\/www.emoi-france.fr\/fr\/produit\/sac-messenger-solene-m\/#primaryimage"},"image":{"@id":"https:\/\/www.emoi-france.fr\/fr\/produit\/sac-messenger-solene-m\/#primaryimage"},"thumbnailUrl":"https:\/\/www.emoi-france.fr\/wp-content\/uploads\/2017\/08\/pop-tabs-messenger-bag@-1.jpg","datePublished":"2017-08-11T10:42:28+00:00","dateModified":"2018-11-21T22:21:27+00:00","breadcrumb":{"@id":"https:\/\/www.emoi-france.fr\/fr\/produit\/sac-messenger-solene-m\/#breadcrumb"},"inLanguage":"fr-FR","potentialAction":[{"@type":"ReadAction","target":["https:\/\/www.emoi-france.fr\/fr\/produit\/sac-messenger-solene-m\/"]}]},{"@type":"ImageObject","inLanguage":"fr-FR","@id":"https:\/\/www.emoi-france.fr\/fr\/produit\/sac-messenger-solene-m\/#primaryimage","url":"https:\/\/www.emoi-france.fr\/wp-content\/uploads\/2017\/08\/pop-tabs-messenger-bag@-1.jpg","contentUrl":"https:\/\/www.emoi-france.fr\/wp-content\/uploads\/2017\/08\/pop-tabs-messenger-bag@-1.jpg","width":1890,"height":1417},{"@type":"BreadcrumbList","@id":"https:\/\/www.emoi-france.fr\/fr\/produit\/sac-messenger-solene-m\/#breadcrumb","itemListElement":[{"@type":"ListItem","position":1,"name":"Home","item":"https:\/\/www.emoi-france.fr\/fr\/"},{"@type":"ListItem","position":2,"name":"Boutique en ligne","item":"https:\/\/www.emoi-france.fr\/fr\/boutique\/"},{"@type":"ListItem","position":3,"name":"MESSENGER"}]},{"@type":"WebSite","@id":"https:\/\/www.emoi-france.fr\/#website","url":"https:\/\/www.emoi-france.fr\/","name":"E-Moi","description":"","potentialAction":[{"@type":"SearchAction","target":{"@type":"EntryPoint","urlTemplate":"https:\/\/www.emoi-france.fr\/?s={search_term_string}"},"query-input":{"@type":"PropertyValueSpecification","valueRequired":true,"valueName":"search_term_string"}}],"inLanguage":"fr-FR"}]}},"_links":{"self":[{"href":"https:\/\/www.emoi-france.fr\/fr\/wp-json\/wp\/v2\/product\/2885"}],"collection":[{"href":"https:\/\/www.emoi-france.fr\/fr\/wp-json\/wp\/v2\/product"}],"about":[{"href":"https:\/\/www.emoi-france.fr\/fr\/wp-json\/wp\/v2\/types\/product"}],"replies":[{"embeddable":true,"href":"https:\/\/www.emoi-france.fr\/fr\/wp-json\/wp\/v2\/comments?post=2885"}],"wp:featuredmedia":[{"embeddable":true,"href":"https:\/\/www.emoi-france.fr\/fr\/wp-json\/wp\/v2\/media\/2900"}],"wp:attachment":[{"href":"https:\/\/www.emoi-france.fr\/fr\/wp-json\/wp\/v2\/media?parent=2885"}],"wp:term":[{"taxonomy":"product_cat","embeddable":true,"href":"https:\/\/www.emoi-france.fr\/fr\/wp-json\/wp\/v2\/product_cat?post=2885"},{"taxonomy":"product_tag","embeddable":true,"href":"https:\/\/www.emoi-france.fr\/fr\/wp-json\/wp\/v2\/product_tag?post=2885"}],"curies":[{"name":"wp","href":"https:\/\/api.w.org\/{rel}","templated":true}]}}