{"id":2860,"date":"2017-08-11T01:57:46","date_gmt":"2017-08-10T18:59:46","guid":{"rendered":"https:\/\/www.emoi-france.fr\/?post_type=product&#038;p=2860\/"},"modified":"2019-11-09T22:38:25","modified_gmt":"2019-11-09T15:38:25","slug":"origami-en-forme-de-tubes","status":"publish","type":"product","link":"https:\/\/www.emoi-france.fr\/fr\/produit\/origami-en-forme-de-tubes\/","title":{"rendered":"Origami en forme de tubes"},"content":{"rendered":"<p>Origami en forme de tubes, recycl\u00e9e \u00e0 partir d&#8217;emballages de jus de fruits<br \/>\nPr\u00eat \u00e0 faire des bijoux fantaisistes \u00e0 votre propre style.<br \/>\nColor\u00e9 et unique, naturellement imperm\u00e9able et tr\u00e8s l\u00e9ger<br \/>\n100% fabriqu\u00e9 \u00e0 la main par notre coop\u00e9rative f\u00e9minine aux Philippines<br \/>\nLa longueur du tube est d&rsquo;environ 1,2 cm.<\/p>\n<p>Livraison gratuite en France<\/p>\n","protected":false},"excerpt":{"rendered":"<p>Origami en forme de tubes, recycl\u00e9e \u00e0 partir d&#8217;emballages de jus de fruits<br \/>\nPr\u00eat \u00e0 faire des bijoux fantaisistes \u00e0 votre propre style.<br \/>\nLa longueur du tube est d&rsquo;environ 1,2 cm.<\/p>\n<p>Livraison gratuite en France<\/p>\n","protected":false},"featured_media":2851,"comment_status":"closed","ping_status":"closed","template":"","meta":[],"product_cat":[315],"product_tag":[],"yoast_head":"<!-- This site is optimized with the Yoast SEO plugin v24.5 - https:\/\/yoast.com\/wordpress\/plugins\/seo\/ -->\n<title>Origami en forme de tubes - E-Moi<\/title>\n<meta name=\"robots\" content=\"index, follow, max-snippet:-1, max-image-preview:large, max-video-preview:-1\" \/>\n<link rel=\"canonical\" href=\"https:\/\/www.emoi-france.fr\/fr\/produit\/origami-en-forme-de-tubes\/\" \/>\n<meta property=\"og:locale\" content=\"fr_FR\" \/>\n<meta property=\"og:type\" content=\"article\" \/>\n<meta property=\"og:title\" content=\"Origami en forme de tubes - E-Moi\" \/>\n<meta property=\"og:description\" content=\"Origami en forme de tubes, recycl\u00e9e \u00e0 partir d&#039;emballages de jus de fruits Pr\u00eat \u00e0 faire des bijoux fantaisistes \u00e0 votre propre style. La longueur du tube est d&#039;environ 1,2 cm.  Livraison gratuite en France\" \/>\n<meta property=\"og:url\" content=\"https:\/\/www.emoi-france.fr\/fr\/produit\/origami-en-forme-de-tubes\/\" \/>\n<meta property=\"og:site_name\" content=\"E-Moi\" \/>\n<meta property=\"article:modified_time\" content=\"2019-11-09T15:38:25+00:00\" \/>\n<meta property=\"og:image\" content=\"https:\/\/www.emoi-france.fr\/wp-content\/uploads\/2017\/08\/origami-hotdog-recycled-jewelry.jpg\" \/>\n\t<meta property=\"og:image:width\" content=\"570\" \/>\n\t<meta property=\"og:image:height\" content=\"621\" \/>\n\t<meta property=\"og:image:type\" content=\"image\/jpeg\" \/>\n<meta name=\"twitter:card\" content=\"summary_large_image\" \/>\n<script type=\"application\/ld+json\" class=\"yoast-schema-graph\">{\"@context\":\"https:\/\/schema.org\",\"@graph\":[{\"@type\":\"WebPage\",\"@id\":\"https:\/\/www.emoi-france.fr\/fr\/produit\/origami-en-forme-de-tubes\/\",\"url\":\"https:\/\/www.emoi-france.fr\/fr\/produit\/origami-en-forme-de-tubes\/\",\"name\":\"Origami en forme de tubes - E-Moi\",\"isPartOf\":{\"@id\":\"https:\/\/www.emoi-france.fr\/#website\"},\"primaryImageOfPage\":{\"@id\":\"https:\/\/www.emoi-france.fr\/fr\/produit\/origami-en-forme-de-tubes\/#primaryimage\"},\"image\":{\"@id\":\"https:\/\/www.emoi-france.fr\/fr\/produit\/origami-en-forme-de-tubes\/#primaryimage\"},\"thumbnailUrl\":\"https:\/\/www.emoi-france.fr\/wp-content\/uploads\/2017\/08\/origami-hotdog-recycled-jewelry.jpg\",\"datePublished\":\"2017-08-10T18:59:46+00:00\",\"dateModified\":\"2019-11-09T15:38:25+00:00\",\"breadcrumb\":{\"@id\":\"https:\/\/www.emoi-france.fr\/fr\/produit\/origami-en-forme-de-tubes\/#breadcrumb\"},\"inLanguage\":\"fr-FR\",\"potentialAction\":[{\"@type\":\"ReadAction\",\"target\":[\"https:\/\/www.emoi-france.fr\/fr\/produit\/origami-en-forme-de-tubes\/\"]}]},{\"@type\":\"ImageObject\",\"inLanguage\":\"fr-FR\",\"@id\":\"https:\/\/www.emoi-france.fr\/fr\/produit\/origami-en-forme-de-tubes\/#primaryimage\",\"url\":\"https:\/\/www.emoi-france.fr\/wp-content\/uploads\/2017\/08\/origami-hotdog-recycled-jewelry.jpg\",\"contentUrl\":\"https:\/\/www.emoi-france.fr\/wp-content\/uploads\/2017\/08\/origami-hotdog-recycled-jewelry.jpg\",\"width\":570,\"height\":621},{\"@type\":\"BreadcrumbList\",\"@id\":\"https:\/\/www.emoi-france.fr\/fr\/produit\/origami-en-forme-de-tubes\/#breadcrumb\",\"itemListElement\":[{\"@type\":\"ListItem\",\"position\":1,\"name\":\"Home\",\"item\":\"https:\/\/www.emoi-france.fr\/fr\/\"},{\"@type\":\"ListItem\",\"position\":2,\"name\":\"Boutique en ligne\",\"item\":\"https:\/\/www.emoi-france.fr\/fr\/boutique\/\"},{\"@type\":\"ListItem\",\"position\":3,\"name\":\"Origami en forme de tubes\"}]},{\"@type\":\"WebSite\",\"@id\":\"https:\/\/www.emoi-france.fr\/#website\",\"url\":\"https:\/\/www.emoi-france.fr\/\",\"name\":\"E-Moi\",\"description\":\"\",\"potentialAction\":[{\"@type\":\"SearchAction\",\"target\":{\"@type\":\"EntryPoint\",\"urlTemplate\":\"https:\/\/www.emoi-france.fr\/?s={search_term_string}\"},\"query-input\":{\"@type\":\"PropertyValueSpecification\",\"valueRequired\":true,\"valueName\":\"search_term_string\"}}],\"inLanguage\":\"fr-FR\"}]}<\/script>\n<!-- \/ Yoast SEO plugin. -->","yoast_head_json":{"title":"Origami en forme de tubes - E-Moi","robots":{"index":"index","follow":"follow","max-snippet":"max-snippet:-1","max-image-preview":"max-image-preview:large","max-video-preview":"max-video-preview:-1"},"canonical":"https:\/\/www.emoi-france.fr\/fr\/produit\/origami-en-forme-de-tubes\/","og_locale":"fr_FR","og_type":"article","og_title":"Origami en forme de tubes - E-Moi","og_description":"Origami en forme de tubes, recycl\u00e9e \u00e0 partir d'emballages de jus de fruits Pr\u00eat \u00e0 faire des bijoux fantaisistes \u00e0 votre propre style. La longueur du tube est d'environ 1,2 cm.  Livraison gratuite en France","og_url":"https:\/\/www.emoi-france.fr\/fr\/produit\/origami-en-forme-de-tubes\/","og_site_name":"E-Moi","article_modified_time":"2019-11-09T15:38:25+00:00","og_image":[{"width":570,"height":621,"url":"https:\/\/www.emoi-france.fr\/wp-content\/uploads\/2017\/08\/origami-hotdog-recycled-jewelry.jpg","type":"image\/jpeg"}],"twitter_card":"summary_large_image","schema":{"@context":"https:\/\/schema.org","@graph":[{"@type":"WebPage","@id":"https:\/\/www.emoi-france.fr\/fr\/produit\/origami-en-forme-de-tubes\/","url":"https:\/\/www.emoi-france.fr\/fr\/produit\/origami-en-forme-de-tubes\/","name":"Origami en forme de tubes - E-Moi","isPartOf":{"@id":"https:\/\/www.emoi-france.fr\/#website"},"primaryImageOfPage":{"@id":"https:\/\/www.emoi-france.fr\/fr\/produit\/origami-en-forme-de-tubes\/#primaryimage"},"image":{"@id":"https:\/\/www.emoi-france.fr\/fr\/produit\/origami-en-forme-de-tubes\/#primaryimage"},"thumbnailUrl":"https:\/\/www.emoi-france.fr\/wp-content\/uploads\/2017\/08\/origami-hotdog-recycled-jewelry.jpg","datePublished":"2017-08-10T18:59:46+00:00","dateModified":"2019-11-09T15:38:25+00:00","breadcrumb":{"@id":"https:\/\/www.emoi-france.fr\/fr\/produit\/origami-en-forme-de-tubes\/#breadcrumb"},"inLanguage":"fr-FR","potentialAction":[{"@type":"ReadAction","target":["https:\/\/www.emoi-france.fr\/fr\/produit\/origami-en-forme-de-tubes\/"]}]},{"@type":"ImageObject","inLanguage":"fr-FR","@id":"https:\/\/www.emoi-france.fr\/fr\/produit\/origami-en-forme-de-tubes\/#primaryimage","url":"https:\/\/www.emoi-france.fr\/wp-content\/uploads\/2017\/08\/origami-hotdog-recycled-jewelry.jpg","contentUrl":"https:\/\/www.emoi-france.fr\/wp-content\/uploads\/2017\/08\/origami-hotdog-recycled-jewelry.jpg","width":570,"height":621},{"@type":"BreadcrumbList","@id":"https:\/\/www.emoi-france.fr\/fr\/produit\/origami-en-forme-de-tubes\/#breadcrumb","itemListElement":[{"@type":"ListItem","position":1,"name":"Home","item":"https:\/\/www.emoi-france.fr\/fr\/"},{"@type":"ListItem","position":2,"name":"Boutique en ligne","item":"https:\/\/www.emoi-france.fr\/fr\/boutique\/"},{"@type":"ListItem","position":3,"name":"Origami en forme de tubes"}]},{"@type":"WebSite","@id":"https:\/\/www.emoi-france.fr\/#website","url":"https:\/\/www.emoi-france.fr\/","name":"E-Moi","description":"","potentialAction":[{"@type":"SearchAction","target":{"@type":"EntryPoint","urlTemplate":"https:\/\/www.emoi-france.fr\/?s={search_term_string}"},"query-input":{"@type":"PropertyValueSpecification","valueRequired":true,"valueName":"search_term_string"}}],"inLanguage":"fr-FR"}]}},"_links":{"self":[{"href":"https:\/\/www.emoi-france.fr\/fr\/wp-json\/wp\/v2\/product\/2860"}],"collection":[{"href":"https:\/\/www.emoi-france.fr\/fr\/wp-json\/wp\/v2\/product"}],"about":[{"href":"https:\/\/www.emoi-france.fr\/fr\/wp-json\/wp\/v2\/types\/product"}],"replies":[{"embeddable":true,"href":"https:\/\/www.emoi-france.fr\/fr\/wp-json\/wp\/v2\/comments?post=2860"}],"wp:featuredmedia":[{"embeddable":true,"href":"https:\/\/www.emoi-france.fr\/fr\/wp-json\/wp\/v2\/media\/2851"}],"wp:attachment":[{"href":"https:\/\/www.emoi-france.fr\/fr\/wp-json\/wp\/v2\/media?parent=2860"}],"wp:term":[{"taxonomy":"product_cat","embeddable":true,"href":"https:\/\/www.emoi-france.fr\/fr\/wp-json\/wp\/v2\/product_cat?post=2860"},{"taxonomy":"product_tag","embeddable":true,"href":"https:\/\/www.emoi-france.fr\/fr\/wp-json\/wp\/v2\/product_tag?post=2860"}],"curies":[{"name":"wp","href":"https:\/\/api.w.org\/{rel}","templated":true}]}}