{"id":2842,"date":"2017-08-11T01:28:20","date_gmt":"2017-08-10T18:31:37","guid":{"rendered":"https:\/\/www.emoi-france.fr\/?post_type=product&#038;p=2842\/"},"modified":"2019-11-09T22:29:55","modified_gmt":"2019-11-09T15:29:55","slug":"origami-forme-triangle","status":"publish","type":"product","link":"https:\/\/www.emoi-france.fr\/fr\/produit\/origami-forme-triangle\/","title":{"rendered":"Petits triangles d&rsquo;origami avec \u00e9pingle"},"content":{"rendered":"<p>Petits triangles d&rsquo;origami avec \u00e9pingle, recycl\u00e9s \u00e0 partir d&#8217;emballages alimentaires et boissons (nouilles instantan\u00e9es, caf\u00e9, jus de fruits, chips, &#8230;).<\/p>\n<p>Pr\u00eat \u00e0 faire des bijoux fantaisistes \u00e0 votre propre style.<br \/>\nColor\u00e9 et unique, naturellement imperm\u00e9able et tr\u00e8s l\u00e9ger<br \/>\n100% fabriqu\u00e9 \u00e0 la main par notre coop\u00e9rative des femmes aux Philippines<br \/>\nLa longueur du triangle est d&rsquo;environ 1 cm.<\/p>\n<p>Livraison gratuite en France<\/p>\n","protected":false},"excerpt":{"rendered":"<p>Petits triangles d&rsquo;origami avec \u00e9pingle, recycl\u00e9s \u00e0 partir d&#8217;emballages alimentaires et boissons (nouilles instantan\u00e9es, caf\u00e9, jus de fruits, chips, &#8230;).<\/p>\n<p>Pr\u00eat \u00e0 faire des bijoux fantaisistes \u00e0 votre propre style.<\/p>\n<p>La longueur du triangle est d&rsquo;environ 1 cm.<\/p>\n<p>Livraison gratuite en France<\/p>\n","protected":false},"featured_media":2841,"comment_status":"closed","ping_status":"closed","template":"","meta":[],"product_cat":[315],"product_tag":[335],"yoast_head":"<!-- This site is optimized with the Yoast SEO plugin v24.5 - https:\/\/yoast.com\/wordpress\/plugins\/seo\/ -->\n<title>Petits triangles d&#039;origami avec \u00e9pingle - E-Moi<\/title>\n<meta name=\"robots\" content=\"index, follow, max-snippet:-1, max-image-preview:large, max-video-preview:-1\" \/>\n<link rel=\"canonical\" href=\"https:\/\/www.emoi-france.fr\/fr\/produit\/origami-forme-triangle\/\" \/>\n<meta property=\"og:locale\" content=\"fr_FR\" \/>\n<meta property=\"og:type\" content=\"article\" \/>\n<meta property=\"og:title\" content=\"Petits triangles d&#039;origami avec \u00e9pingle - E-Moi\" \/>\n<meta property=\"og:description\" content=\"Petits triangles d&#039;origami avec \u00e9pingle, recycl\u00e9s \u00e0 partir d&#039;emballages alimentaires et boissons (nouilles instantan\u00e9es, caf\u00e9, jus de fruits, chips, ...).  Pr\u00eat \u00e0 faire des bijoux fantaisistes \u00e0 votre propre style.  La longueur du triangle est d&#039;environ 1 cm.  Livraison gratuite en France\" \/>\n<meta property=\"og:url\" content=\"https:\/\/www.emoi-france.fr\/fr\/produit\/origami-forme-triangle\/\" \/>\n<meta property=\"og:site_name\" content=\"E-Moi\" \/>\n<meta property=\"article:modified_time\" content=\"2019-11-09T15:29:55+00:00\" \/>\n<meta property=\"og:image\" content=\"https:\/\/www.emoi-france.fr\/wp-content\/uploads\/2017\/08\/origami-recycled-triangle-for-jewelry.jpg\" \/>\n\t<meta property=\"og:image:width\" content=\"911\" \/>\n\t<meta property=\"og:image:height\" content=\"949\" \/>\n\t<meta property=\"og:image:type\" content=\"image\/jpeg\" \/>\n<meta name=\"twitter:card\" content=\"summary_large_image\" \/>\n<script type=\"application\/ld+json\" class=\"yoast-schema-graph\">{\"@context\":\"https:\/\/schema.org\",\"@graph\":[{\"@type\":\"WebPage\",\"@id\":\"https:\/\/www.emoi-france.fr\/fr\/produit\/origami-forme-triangle\/\",\"url\":\"https:\/\/www.emoi-france.fr\/fr\/produit\/origami-forme-triangle\/\",\"name\":\"Petits triangles d'origami avec \u00e9pingle - E-Moi\",\"isPartOf\":{\"@id\":\"https:\/\/www.emoi-france.fr\/#website\"},\"primaryImageOfPage\":{\"@id\":\"https:\/\/www.emoi-france.fr\/fr\/produit\/origami-forme-triangle\/#primaryimage\"},\"image\":{\"@id\":\"https:\/\/www.emoi-france.fr\/fr\/produit\/origami-forme-triangle\/#primaryimage\"},\"thumbnailUrl\":\"https:\/\/www.emoi-france.fr\/wp-content\/uploads\/2017\/08\/origami-recycled-triangle-for-jewelry.jpg\",\"datePublished\":\"2017-08-10T18:31:37+00:00\",\"dateModified\":\"2019-11-09T15:29:55+00:00\",\"breadcrumb\":{\"@id\":\"https:\/\/www.emoi-france.fr\/fr\/produit\/origami-forme-triangle\/#breadcrumb\"},\"inLanguage\":\"fr-FR\",\"potentialAction\":[{\"@type\":\"ReadAction\",\"target\":[\"https:\/\/www.emoi-france.fr\/fr\/produit\/origami-forme-triangle\/\"]}]},{\"@type\":\"ImageObject\",\"inLanguage\":\"fr-FR\",\"@id\":\"https:\/\/www.emoi-france.fr\/fr\/produit\/origami-forme-triangle\/#primaryimage\",\"url\":\"https:\/\/www.emoi-france.fr\/wp-content\/uploads\/2017\/08\/origami-recycled-triangle-for-jewelry.jpg\",\"contentUrl\":\"https:\/\/www.emoi-france.fr\/wp-content\/uploads\/2017\/08\/origami-recycled-triangle-for-jewelry.jpg\",\"width\":911,\"height\":949},{\"@type\":\"BreadcrumbList\",\"@id\":\"https:\/\/www.emoi-france.fr\/fr\/produit\/origami-forme-triangle\/#breadcrumb\",\"itemListElement\":[{\"@type\":\"ListItem\",\"position\":1,\"name\":\"Home\",\"item\":\"https:\/\/www.emoi-france.fr\/fr\/\"},{\"@type\":\"ListItem\",\"position\":2,\"name\":\"Boutique en ligne\",\"item\":\"https:\/\/www.emoi-france.fr\/fr\/boutique\/\"},{\"@type\":\"ListItem\",\"position\":3,\"name\":\"Petits triangles d&rsquo;origami avec \u00e9pingle\"}]},{\"@type\":\"WebSite\",\"@id\":\"https:\/\/www.emoi-france.fr\/#website\",\"url\":\"https:\/\/www.emoi-france.fr\/\",\"name\":\"E-Moi\",\"description\":\"\",\"potentialAction\":[{\"@type\":\"SearchAction\",\"target\":{\"@type\":\"EntryPoint\",\"urlTemplate\":\"https:\/\/www.emoi-france.fr\/?s={search_term_string}\"},\"query-input\":{\"@type\":\"PropertyValueSpecification\",\"valueRequired\":true,\"valueName\":\"search_term_string\"}}],\"inLanguage\":\"fr-FR\"}]}<\/script>\n<!-- \/ Yoast SEO plugin. -->","yoast_head_json":{"title":"Petits triangles d'origami avec \u00e9pingle - E-Moi","robots":{"index":"index","follow":"follow","max-snippet":"max-snippet:-1","max-image-preview":"max-image-preview:large","max-video-preview":"max-video-preview:-1"},"canonical":"https:\/\/www.emoi-france.fr\/fr\/produit\/origami-forme-triangle\/","og_locale":"fr_FR","og_type":"article","og_title":"Petits triangles d'origami avec \u00e9pingle - E-Moi","og_description":"Petits triangles d'origami avec \u00e9pingle, recycl\u00e9s \u00e0 partir d'emballages alimentaires et boissons (nouilles instantan\u00e9es, caf\u00e9, jus de fruits, chips, ...).  Pr\u00eat \u00e0 faire des bijoux fantaisistes \u00e0 votre propre style.  La longueur du triangle est d'environ 1 cm.  Livraison gratuite en France","og_url":"https:\/\/www.emoi-france.fr\/fr\/produit\/origami-forme-triangle\/","og_site_name":"E-Moi","article_modified_time":"2019-11-09T15:29:55+00:00","og_image":[{"width":911,"height":949,"url":"https:\/\/www.emoi-france.fr\/wp-content\/uploads\/2017\/08\/origami-recycled-triangle-for-jewelry.jpg","type":"image\/jpeg"}],"twitter_card":"summary_large_image","schema":{"@context":"https:\/\/schema.org","@graph":[{"@type":"WebPage","@id":"https:\/\/www.emoi-france.fr\/fr\/produit\/origami-forme-triangle\/","url":"https:\/\/www.emoi-france.fr\/fr\/produit\/origami-forme-triangle\/","name":"Petits triangles d'origami avec \u00e9pingle - E-Moi","isPartOf":{"@id":"https:\/\/www.emoi-france.fr\/#website"},"primaryImageOfPage":{"@id":"https:\/\/www.emoi-france.fr\/fr\/produit\/origami-forme-triangle\/#primaryimage"},"image":{"@id":"https:\/\/www.emoi-france.fr\/fr\/produit\/origami-forme-triangle\/#primaryimage"},"thumbnailUrl":"https:\/\/www.emoi-france.fr\/wp-content\/uploads\/2017\/08\/origami-recycled-triangle-for-jewelry.jpg","datePublished":"2017-08-10T18:31:37+00:00","dateModified":"2019-11-09T15:29:55+00:00","breadcrumb":{"@id":"https:\/\/www.emoi-france.fr\/fr\/produit\/origami-forme-triangle\/#breadcrumb"},"inLanguage":"fr-FR","potentialAction":[{"@type":"ReadAction","target":["https:\/\/www.emoi-france.fr\/fr\/produit\/origami-forme-triangle\/"]}]},{"@type":"ImageObject","inLanguage":"fr-FR","@id":"https:\/\/www.emoi-france.fr\/fr\/produit\/origami-forme-triangle\/#primaryimage","url":"https:\/\/www.emoi-france.fr\/wp-content\/uploads\/2017\/08\/origami-recycled-triangle-for-jewelry.jpg","contentUrl":"https:\/\/www.emoi-france.fr\/wp-content\/uploads\/2017\/08\/origami-recycled-triangle-for-jewelry.jpg","width":911,"height":949},{"@type":"BreadcrumbList","@id":"https:\/\/www.emoi-france.fr\/fr\/produit\/origami-forme-triangle\/#breadcrumb","itemListElement":[{"@type":"ListItem","position":1,"name":"Home","item":"https:\/\/www.emoi-france.fr\/fr\/"},{"@type":"ListItem","position":2,"name":"Boutique en ligne","item":"https:\/\/www.emoi-france.fr\/fr\/boutique\/"},{"@type":"ListItem","position":3,"name":"Petits triangles d&rsquo;origami avec \u00e9pingle"}]},{"@type":"WebSite","@id":"https:\/\/www.emoi-france.fr\/#website","url":"https:\/\/www.emoi-france.fr\/","name":"E-Moi","description":"","potentialAction":[{"@type":"SearchAction","target":{"@type":"EntryPoint","urlTemplate":"https:\/\/www.emoi-france.fr\/?s={search_term_string}"},"query-input":{"@type":"PropertyValueSpecification","valueRequired":true,"valueName":"search_term_string"}}],"inLanguage":"fr-FR"}]}},"_links":{"self":[{"href":"https:\/\/www.emoi-france.fr\/fr\/wp-json\/wp\/v2\/product\/2842"}],"collection":[{"href":"https:\/\/www.emoi-france.fr\/fr\/wp-json\/wp\/v2\/product"}],"about":[{"href":"https:\/\/www.emoi-france.fr\/fr\/wp-json\/wp\/v2\/types\/product"}],"replies":[{"embeddable":true,"href":"https:\/\/www.emoi-france.fr\/fr\/wp-json\/wp\/v2\/comments?post=2842"}],"wp:featuredmedia":[{"embeddable":true,"href":"https:\/\/www.emoi-france.fr\/fr\/wp-json\/wp\/v2\/media\/2841"}],"wp:attachment":[{"href":"https:\/\/www.emoi-france.fr\/fr\/wp-json\/wp\/v2\/media?parent=2842"}],"wp:term":[{"taxonomy":"product_cat","embeddable":true,"href":"https:\/\/www.emoi-france.fr\/fr\/wp-json\/wp\/v2\/product_cat?post=2842"},{"taxonomy":"product_tag","embeddable":true,"href":"https:\/\/www.emoi-france.fr\/fr\/wp-json\/wp\/v2\/product_tag?post=2842"}],"curies":[{"name":"wp","href":"https:\/\/api.w.org\/{rel}","templated":true}]}}