{"id":2818,"date":"2017-08-11T00:41:31","date_gmt":"2017-08-10T17:48:06","guid":{"rendered":"https:\/\/www.emoi-france.fr\/?post_type=product&#038;p=2818\/"},"modified":"2019-11-09T22:49:32","modified_gmt":"2019-11-09T15:49:32","slug":"petite-boules-origamis-recycles","status":"publish","type":"product","link":"https:\/\/www.emoi-france.fr\/fr\/produit\/petite-boules-origamis-recycles\/","title":{"rendered":"Petite boules origamis recycl\u00e9s"},"content":{"rendered":"<p>Petites boules origamis recycl\u00e9es \u00e0 partir d&#8217;emballages de jus de fruits; Pr\u00eat \u00e0 fabriquer des bijoux fantaisistes \u00e0 votre propre style.<\/p>\n<p>Petite taille. Diam\u00e8tre d&rsquo;environ 0,5 cm.<\/p>\n<p>Color\u00e9 et unique, naturellement imperm\u00e9able et tr\u00e8s l\u00e9ger<br \/>\n100% fabriqu\u00e9 \u00e0 la main par notre coop\u00e9rative f\u00e9minine aux Philippines<\/p>\n<p>Vendu dans un sac de 20\/50\/100 boules.<br \/>\nLivraison gratuite en France.<\/p>\n","protected":false},"excerpt":{"rendered":"<p>Petites boules origamis recycl\u00e9es \u00e0 partir d&#8217;emballages de jus de fruits; Pr\u00eat \u00e0 fabriquer des bijoux fantaisistes \u00e0 votre propre style.<\/p>\n<p>Petite taille. Diam\u00e8tre d&rsquo;environ 0,5 cm.<br \/>\nLivraison gratuite en France.<\/p>\n","protected":false},"featured_media":2809,"comment_status":"closed","ping_status":"closed","template":"","meta":[],"product_cat":[315],"product_tag":[],"yoast_head":"<!-- This site is optimized with the Yoast SEO plugin v24.5 - https:\/\/yoast.com\/wordpress\/plugins\/seo\/ -->\n<title>Petite boules origamis recycl\u00e9s - E-Moi<\/title>\n<meta name=\"robots\" content=\"index, follow, max-snippet:-1, max-image-preview:large, max-video-preview:-1\" \/>\n<link rel=\"canonical\" href=\"https:\/\/www.emoi-france.fr\/fr\/produit\/petite-boules-origamis-recycles\/\" \/>\n<meta property=\"og:locale\" content=\"fr_FR\" \/>\n<meta property=\"og:type\" content=\"article\" \/>\n<meta property=\"og:title\" content=\"Petite boules origamis recycl\u00e9s - E-Moi\" \/>\n<meta property=\"og:description\" content=\"Petites boules origamis recycl\u00e9es \u00e0 partir d&#039;emballages de jus de fruits; Pr\u00eat \u00e0 fabriquer des bijoux fantaisistes \u00e0 votre propre style.  Petite taille. Diam\u00e8tre d&#039;environ 0,5 cm. Livraison gratuite en France.\" \/>\n<meta property=\"og:url\" content=\"https:\/\/www.emoi-france.fr\/fr\/produit\/petite-boules-origamis-recycles\/\" \/>\n<meta property=\"og:site_name\" content=\"E-Moi\" \/>\n<meta property=\"article:modified_time\" content=\"2019-11-09T15:49:32+00:00\" \/>\n<meta property=\"og:image\" content=\"https:\/\/www.emoi-france.fr\/wp-content\/uploads\/2017\/08\/petite-boules-origamis-emoi.jpg\" \/>\n\t<meta property=\"og:image:width\" content=\"570\" \/>\n\t<meta property=\"og:image:height\" content=\"505\" \/>\n\t<meta property=\"og:image:type\" content=\"image\/jpeg\" \/>\n<meta name=\"twitter:card\" content=\"summary_large_image\" \/>\n<script type=\"application\/ld+json\" class=\"yoast-schema-graph\">{\"@context\":\"https:\/\/schema.org\",\"@graph\":[{\"@type\":\"WebPage\",\"@id\":\"https:\/\/www.emoi-france.fr\/fr\/produit\/petite-boules-origamis-recycles\/\",\"url\":\"https:\/\/www.emoi-france.fr\/fr\/produit\/petite-boules-origamis-recycles\/\",\"name\":\"Petite boules origamis recycl\u00e9s - E-Moi\",\"isPartOf\":{\"@id\":\"https:\/\/www.emoi-france.fr\/#website\"},\"primaryImageOfPage\":{\"@id\":\"https:\/\/www.emoi-france.fr\/fr\/produit\/petite-boules-origamis-recycles\/#primaryimage\"},\"image\":{\"@id\":\"https:\/\/www.emoi-france.fr\/fr\/produit\/petite-boules-origamis-recycles\/#primaryimage\"},\"thumbnailUrl\":\"https:\/\/www.emoi-france.fr\/wp-content\/uploads\/2017\/08\/petite-boules-origamis-emoi.jpg\",\"datePublished\":\"2017-08-10T17:48:06+00:00\",\"dateModified\":\"2019-11-09T15:49:32+00:00\",\"breadcrumb\":{\"@id\":\"https:\/\/www.emoi-france.fr\/fr\/produit\/petite-boules-origamis-recycles\/#breadcrumb\"},\"inLanguage\":\"fr-FR\",\"potentialAction\":[{\"@type\":\"ReadAction\",\"target\":[\"https:\/\/www.emoi-france.fr\/fr\/produit\/petite-boules-origamis-recycles\/\"]}]},{\"@type\":\"ImageObject\",\"inLanguage\":\"fr-FR\",\"@id\":\"https:\/\/www.emoi-france.fr\/fr\/produit\/petite-boules-origamis-recycles\/#primaryimage\",\"url\":\"https:\/\/www.emoi-france.fr\/wp-content\/uploads\/2017\/08\/petite-boules-origamis-emoi.jpg\",\"contentUrl\":\"https:\/\/www.emoi-france.fr\/wp-content\/uploads\/2017\/08\/petite-boules-origamis-emoi.jpg\",\"width\":570,\"height\":505},{\"@type\":\"BreadcrumbList\",\"@id\":\"https:\/\/www.emoi-france.fr\/fr\/produit\/petite-boules-origamis-recycles\/#breadcrumb\",\"itemListElement\":[{\"@type\":\"ListItem\",\"position\":1,\"name\":\"Home\",\"item\":\"https:\/\/www.emoi-france.fr\/fr\/\"},{\"@type\":\"ListItem\",\"position\":2,\"name\":\"Boutique en ligne\",\"item\":\"https:\/\/www.emoi-france.fr\/fr\/boutique\/\"},{\"@type\":\"ListItem\",\"position\":3,\"name\":\"Petite boules origamis recycl\u00e9s\"}]},{\"@type\":\"WebSite\",\"@id\":\"https:\/\/www.emoi-france.fr\/#website\",\"url\":\"https:\/\/www.emoi-france.fr\/\",\"name\":\"E-Moi\",\"description\":\"\",\"potentialAction\":[{\"@type\":\"SearchAction\",\"target\":{\"@type\":\"EntryPoint\",\"urlTemplate\":\"https:\/\/www.emoi-france.fr\/?s={search_term_string}\"},\"query-input\":{\"@type\":\"PropertyValueSpecification\",\"valueRequired\":true,\"valueName\":\"search_term_string\"}}],\"inLanguage\":\"fr-FR\"}]}<\/script>\n<!-- \/ Yoast SEO plugin. -->","yoast_head_json":{"title":"Petite boules origamis recycl\u00e9s - E-Moi","robots":{"index":"index","follow":"follow","max-snippet":"max-snippet:-1","max-image-preview":"max-image-preview:large","max-video-preview":"max-video-preview:-1"},"canonical":"https:\/\/www.emoi-france.fr\/fr\/produit\/petite-boules-origamis-recycles\/","og_locale":"fr_FR","og_type":"article","og_title":"Petite boules origamis recycl\u00e9s - E-Moi","og_description":"Petites boules origamis recycl\u00e9es \u00e0 partir d'emballages de jus de fruits; Pr\u00eat \u00e0 fabriquer des bijoux fantaisistes \u00e0 votre propre style.  Petite taille. Diam\u00e8tre d'environ 0,5 cm. Livraison gratuite en France.","og_url":"https:\/\/www.emoi-france.fr\/fr\/produit\/petite-boules-origamis-recycles\/","og_site_name":"E-Moi","article_modified_time":"2019-11-09T15:49:32+00:00","og_image":[{"width":570,"height":505,"url":"https:\/\/www.emoi-france.fr\/wp-content\/uploads\/2017\/08\/petite-boules-origamis-emoi.jpg","type":"image\/jpeg"}],"twitter_card":"summary_large_image","schema":{"@context":"https:\/\/schema.org","@graph":[{"@type":"WebPage","@id":"https:\/\/www.emoi-france.fr\/fr\/produit\/petite-boules-origamis-recycles\/","url":"https:\/\/www.emoi-france.fr\/fr\/produit\/petite-boules-origamis-recycles\/","name":"Petite boules origamis recycl\u00e9s - E-Moi","isPartOf":{"@id":"https:\/\/www.emoi-france.fr\/#website"},"primaryImageOfPage":{"@id":"https:\/\/www.emoi-france.fr\/fr\/produit\/petite-boules-origamis-recycles\/#primaryimage"},"image":{"@id":"https:\/\/www.emoi-france.fr\/fr\/produit\/petite-boules-origamis-recycles\/#primaryimage"},"thumbnailUrl":"https:\/\/www.emoi-france.fr\/wp-content\/uploads\/2017\/08\/petite-boules-origamis-emoi.jpg","datePublished":"2017-08-10T17:48:06+00:00","dateModified":"2019-11-09T15:49:32+00:00","breadcrumb":{"@id":"https:\/\/www.emoi-france.fr\/fr\/produit\/petite-boules-origamis-recycles\/#breadcrumb"},"inLanguage":"fr-FR","potentialAction":[{"@type":"ReadAction","target":["https:\/\/www.emoi-france.fr\/fr\/produit\/petite-boules-origamis-recycles\/"]}]},{"@type":"ImageObject","inLanguage":"fr-FR","@id":"https:\/\/www.emoi-france.fr\/fr\/produit\/petite-boules-origamis-recycles\/#primaryimage","url":"https:\/\/www.emoi-france.fr\/wp-content\/uploads\/2017\/08\/petite-boules-origamis-emoi.jpg","contentUrl":"https:\/\/www.emoi-france.fr\/wp-content\/uploads\/2017\/08\/petite-boules-origamis-emoi.jpg","width":570,"height":505},{"@type":"BreadcrumbList","@id":"https:\/\/www.emoi-france.fr\/fr\/produit\/petite-boules-origamis-recycles\/#breadcrumb","itemListElement":[{"@type":"ListItem","position":1,"name":"Home","item":"https:\/\/www.emoi-france.fr\/fr\/"},{"@type":"ListItem","position":2,"name":"Boutique en ligne","item":"https:\/\/www.emoi-france.fr\/fr\/boutique\/"},{"@type":"ListItem","position":3,"name":"Petite boules origamis recycl\u00e9s"}]},{"@type":"WebSite","@id":"https:\/\/www.emoi-france.fr\/#website","url":"https:\/\/www.emoi-france.fr\/","name":"E-Moi","description":"","potentialAction":[{"@type":"SearchAction","target":{"@type":"EntryPoint","urlTemplate":"https:\/\/www.emoi-france.fr\/?s={search_term_string}"},"query-input":{"@type":"PropertyValueSpecification","valueRequired":true,"valueName":"search_term_string"}}],"inLanguage":"fr-FR"}]}},"_links":{"self":[{"href":"https:\/\/www.emoi-france.fr\/fr\/wp-json\/wp\/v2\/product\/2818"}],"collection":[{"href":"https:\/\/www.emoi-france.fr\/fr\/wp-json\/wp\/v2\/product"}],"about":[{"href":"https:\/\/www.emoi-france.fr\/fr\/wp-json\/wp\/v2\/types\/product"}],"replies":[{"embeddable":true,"href":"https:\/\/www.emoi-france.fr\/fr\/wp-json\/wp\/v2\/comments?post=2818"}],"wp:featuredmedia":[{"embeddable":true,"href":"https:\/\/www.emoi-france.fr\/fr\/wp-json\/wp\/v2\/media\/2809"}],"wp:attachment":[{"href":"https:\/\/www.emoi-france.fr\/fr\/wp-json\/wp\/v2\/media?parent=2818"}],"wp:term":[{"taxonomy":"product_cat","embeddable":true,"href":"https:\/\/www.emoi-france.fr\/fr\/wp-json\/wp\/v2\/product_cat?post=2818"},{"taxonomy":"product_tag","embeddable":true,"href":"https:\/\/www.emoi-france.fr\/fr\/wp-json\/wp\/v2\/product_tag?post=2818"}],"curies":[{"name":"wp","href":"https:\/\/api.w.org\/{rel}","templated":true}]}}