{"id":2741,"date":"2017-08-09T20:47:27","date_gmt":"2017-08-09T13:47:27","guid":{"rendered":"https:\/\/www.emoi-france.fr\/product\/port-monnaie-tournesol\/"},"modified":"2020-06-05T04:26:30","modified_gmt":"2020-06-04T21:26:30","slug":"port-monnaie-tournesol","status":"publish","type":"product","link":"https:\/\/www.emoi-france.fr\/fr\/produit\/port-monnaie-tournesol\/","title":{"rendered":"TOURNESOL"},"content":{"rendered":"<p>Ce porte-monnaie ronde de Solene M est recycl\u00e9 \u00e0 partir de languettes de canettes<\/p>\n<p>100% fait main. Fermeture zipp\u00e9e. Inoxydable<\/p>\n<p>Poids: 35g environ. Diam\u00e8tre environ 9cm<\/p>\n<p>Deux couleur au choix : gris et jaune<\/p>\n<p>Livraison gratuit en France<\/p>\n","protected":false},"excerpt":{"rendered":"<p>Ce porte-monnaie ronde de \u00a0Solene M est recycl\u00e9 \u00e0 partir de languettes de canettes<\/p>\n<p>100% fait main. Fermeture zipp\u00e9e. Inoxydable<\/p>\n<p>Poids: 35g\u00a0 environ. Diam\u00e8tre environ 9cm<\/p>\n<p>Livraison gratuit en France<\/p>\n","protected":false},"featured_media":10697,"comment_status":"closed","ping_status":"closed","template":"","meta":[],"product_cat":[314],"product_tag":[],"yoast_head":"<!-- This site is optimized with the Yoast SEO plugin v24.5 - https:\/\/yoast.com\/wordpress\/plugins\/seo\/ -->\n<title>TOURNESOL - E-Moi<\/title>\n<meta name=\"robots\" content=\"index, follow, max-snippet:-1, max-image-preview:large, max-video-preview:-1\" \/>\n<link rel=\"canonical\" href=\"https:\/\/www.emoi-france.fr\/fr\/produit\/port-monnaie-tournesol\/\" \/>\n<meta property=\"og:locale\" content=\"fr_FR\" \/>\n<meta property=\"og:type\" content=\"article\" \/>\n<meta property=\"og:title\" content=\"TOURNESOL - E-Moi\" \/>\n<meta property=\"og:description\" content=\"Ce porte-monnaie ronde de \u00a0Solene M est recycl\u00e9 \u00e0 partir de languettes de canettes  100% fait main. Fermeture zipp\u00e9e. Inoxydable  Poids: 35g\u00a0 environ. Diam\u00e8tre environ 9cm  Livraison gratuit en France\" \/>\n<meta property=\"og:url\" content=\"https:\/\/www.emoi-france.fr\/fr\/produit\/port-monnaie-tournesol\/\" \/>\n<meta property=\"og:site_name\" content=\"E-Moi\" \/>\n<meta property=\"article:modified_time\" content=\"2020-06-04T21:26:30+00:00\" \/>\n<meta property=\"og:image\" content=\"https:\/\/www.emoi-france.fr\/wp-content\/uploads\/2017\/08\/tournesol-vert-3-retouche-scaled-e1591304977456.jpg\" \/>\n\t<meta property=\"og:image:width\" content=\"1869\" \/>\n\t<meta property=\"og:image:height\" content=\"2048\" \/>\n\t<meta property=\"og:image:type\" content=\"image\/jpeg\" \/>\n<meta name=\"twitter:card\" content=\"summary_large_image\" \/>\n<script type=\"application\/ld+json\" class=\"yoast-schema-graph\">{\"@context\":\"https:\/\/schema.org\",\"@graph\":[{\"@type\":\"WebPage\",\"@id\":\"https:\/\/www.emoi-france.fr\/fr\/produit\/port-monnaie-tournesol\/\",\"url\":\"https:\/\/www.emoi-france.fr\/fr\/produit\/port-monnaie-tournesol\/\",\"name\":\"TOURNESOL - E-Moi\",\"isPartOf\":{\"@id\":\"https:\/\/www.emoi-france.fr\/#website\"},\"primaryImageOfPage\":{\"@id\":\"https:\/\/www.emoi-france.fr\/fr\/produit\/port-monnaie-tournesol\/#primaryimage\"},\"image\":{\"@id\":\"https:\/\/www.emoi-france.fr\/fr\/produit\/port-monnaie-tournesol\/#primaryimage\"},\"thumbnailUrl\":\"https:\/\/www.emoi-france.fr\/wp-content\/uploads\/2017\/08\/tournesol-vert-3-retouche-scaled-e1591304977456.jpg\",\"datePublished\":\"2017-08-09T13:47:27+00:00\",\"dateModified\":\"2020-06-04T21:26:30+00:00\",\"breadcrumb\":{\"@id\":\"https:\/\/www.emoi-france.fr\/fr\/produit\/port-monnaie-tournesol\/#breadcrumb\"},\"inLanguage\":\"fr-FR\",\"potentialAction\":[{\"@type\":\"ReadAction\",\"target\":[\"https:\/\/www.emoi-france.fr\/fr\/produit\/port-monnaie-tournesol\/\"]}]},{\"@type\":\"ImageObject\",\"inLanguage\":\"fr-FR\",\"@id\":\"https:\/\/www.emoi-france.fr\/fr\/produit\/port-monnaie-tournesol\/#primaryimage\",\"url\":\"https:\/\/www.emoi-france.fr\/wp-content\/uploads\/2017\/08\/tournesol-vert-3-retouche-scaled-e1591304977456.jpg\",\"contentUrl\":\"https:\/\/www.emoi-france.fr\/wp-content\/uploads\/2017\/08\/tournesol-vert-3-retouche-scaled-e1591304977456.jpg\",\"width\":1869,\"height\":2048},{\"@type\":\"BreadcrumbList\",\"@id\":\"https:\/\/www.emoi-france.fr\/fr\/produit\/port-monnaie-tournesol\/#breadcrumb\",\"itemListElement\":[{\"@type\":\"ListItem\",\"position\":1,\"name\":\"Home\",\"item\":\"https:\/\/www.emoi-france.fr\/fr\/\"},{\"@type\":\"ListItem\",\"position\":2,\"name\":\"Boutique en ligne\",\"item\":\"https:\/\/www.emoi-france.fr\/fr\/boutique\/\"},{\"@type\":\"ListItem\",\"position\":3,\"name\":\"TOURNESOL\"}]},{\"@type\":\"WebSite\",\"@id\":\"https:\/\/www.emoi-france.fr\/#website\",\"url\":\"https:\/\/www.emoi-france.fr\/\",\"name\":\"E-Moi\",\"description\":\"\",\"potentialAction\":[{\"@type\":\"SearchAction\",\"target\":{\"@type\":\"EntryPoint\",\"urlTemplate\":\"https:\/\/www.emoi-france.fr\/?s={search_term_string}\"},\"query-input\":{\"@type\":\"PropertyValueSpecification\",\"valueRequired\":true,\"valueName\":\"search_term_string\"}}],\"inLanguage\":\"fr-FR\"}]}<\/script>\n<!-- \/ Yoast SEO plugin. -->","yoast_head_json":{"title":"TOURNESOL - E-Moi","robots":{"index":"index","follow":"follow","max-snippet":"max-snippet:-1","max-image-preview":"max-image-preview:large","max-video-preview":"max-video-preview:-1"},"canonical":"https:\/\/www.emoi-france.fr\/fr\/produit\/port-monnaie-tournesol\/","og_locale":"fr_FR","og_type":"article","og_title":"TOURNESOL - E-Moi","og_description":"Ce porte-monnaie ronde de \u00a0Solene M est recycl\u00e9 \u00e0 partir de languettes de canettes  100% fait main. Fermeture zipp\u00e9e. Inoxydable  Poids: 35g\u00a0 environ. Diam\u00e8tre environ 9cm  Livraison gratuit en France","og_url":"https:\/\/www.emoi-france.fr\/fr\/produit\/port-monnaie-tournesol\/","og_site_name":"E-Moi","article_modified_time":"2020-06-04T21:26:30+00:00","og_image":[{"width":1869,"height":2048,"url":"https:\/\/www.emoi-france.fr\/wp-content\/uploads\/2017\/08\/tournesol-vert-3-retouche-scaled-e1591304977456.jpg","type":"image\/jpeg"}],"twitter_card":"summary_large_image","schema":{"@context":"https:\/\/schema.org","@graph":[{"@type":"WebPage","@id":"https:\/\/www.emoi-france.fr\/fr\/produit\/port-monnaie-tournesol\/","url":"https:\/\/www.emoi-france.fr\/fr\/produit\/port-monnaie-tournesol\/","name":"TOURNESOL - E-Moi","isPartOf":{"@id":"https:\/\/www.emoi-france.fr\/#website"},"primaryImageOfPage":{"@id":"https:\/\/www.emoi-france.fr\/fr\/produit\/port-monnaie-tournesol\/#primaryimage"},"image":{"@id":"https:\/\/www.emoi-france.fr\/fr\/produit\/port-monnaie-tournesol\/#primaryimage"},"thumbnailUrl":"https:\/\/www.emoi-france.fr\/wp-content\/uploads\/2017\/08\/tournesol-vert-3-retouche-scaled-e1591304977456.jpg","datePublished":"2017-08-09T13:47:27+00:00","dateModified":"2020-06-04T21:26:30+00:00","breadcrumb":{"@id":"https:\/\/www.emoi-france.fr\/fr\/produit\/port-monnaie-tournesol\/#breadcrumb"},"inLanguage":"fr-FR","potentialAction":[{"@type":"ReadAction","target":["https:\/\/www.emoi-france.fr\/fr\/produit\/port-monnaie-tournesol\/"]}]},{"@type":"ImageObject","inLanguage":"fr-FR","@id":"https:\/\/www.emoi-france.fr\/fr\/produit\/port-monnaie-tournesol\/#primaryimage","url":"https:\/\/www.emoi-france.fr\/wp-content\/uploads\/2017\/08\/tournesol-vert-3-retouche-scaled-e1591304977456.jpg","contentUrl":"https:\/\/www.emoi-france.fr\/wp-content\/uploads\/2017\/08\/tournesol-vert-3-retouche-scaled-e1591304977456.jpg","width":1869,"height":2048},{"@type":"BreadcrumbList","@id":"https:\/\/www.emoi-france.fr\/fr\/produit\/port-monnaie-tournesol\/#breadcrumb","itemListElement":[{"@type":"ListItem","position":1,"name":"Home","item":"https:\/\/www.emoi-france.fr\/fr\/"},{"@type":"ListItem","position":2,"name":"Boutique en ligne","item":"https:\/\/www.emoi-france.fr\/fr\/boutique\/"},{"@type":"ListItem","position":3,"name":"TOURNESOL"}]},{"@type":"WebSite","@id":"https:\/\/www.emoi-france.fr\/#website","url":"https:\/\/www.emoi-france.fr\/","name":"E-Moi","description":"","potentialAction":[{"@type":"SearchAction","target":{"@type":"EntryPoint","urlTemplate":"https:\/\/www.emoi-france.fr\/?s={search_term_string}"},"query-input":{"@type":"PropertyValueSpecification","valueRequired":true,"valueName":"search_term_string"}}],"inLanguage":"fr-FR"}]}},"_links":{"self":[{"href":"https:\/\/www.emoi-france.fr\/fr\/wp-json\/wp\/v2\/product\/2741"}],"collection":[{"href":"https:\/\/www.emoi-france.fr\/fr\/wp-json\/wp\/v2\/product"}],"about":[{"href":"https:\/\/www.emoi-france.fr\/fr\/wp-json\/wp\/v2\/types\/product"}],"replies":[{"embeddable":true,"href":"https:\/\/www.emoi-france.fr\/fr\/wp-json\/wp\/v2\/comments?post=2741"}],"wp:featuredmedia":[{"embeddable":true,"href":"https:\/\/www.emoi-france.fr\/fr\/wp-json\/wp\/v2\/media\/10697"}],"wp:attachment":[{"href":"https:\/\/www.emoi-france.fr\/fr\/wp-json\/wp\/v2\/media?parent=2741"}],"wp:term":[{"taxonomy":"product_cat","embeddable":true,"href":"https:\/\/www.emoi-france.fr\/fr\/wp-json\/wp\/v2\/product_cat?post=2741"},{"taxonomy":"product_tag","embeddable":true,"href":"https:\/\/www.emoi-france.fr\/fr\/wp-json\/wp\/v2\/product_tag?post=2741"}],"curies":[{"name":"wp","href":"https:\/\/api.w.org\/{rel}","templated":true}]}}