{"id":2610,"date":"2017-05-23T01:46:01","date_gmt":"2017-05-22T18:46:01","guid":{"rendered":"https:\/\/www.emoi-france.fr\/product\/bracelet-recycle-chic-a-la-folie\/"},"modified":"2017-05-23T01:46:01","modified_gmt":"2017-05-22T18:46:01","slug":"bracelet-recycle-chic-a-la-folie","status":"publish","type":"product","link":"https:\/\/www.emoi-france.fr\/fr\/produit\/bracelet-recycle-chic-a-la-folie\/","title":{"rendered":"Bracelet recycl\u00e9 \u00ab\u00a0Chic \u00e0 la folie\u00a0\u00bb"},"content":{"rendered":"<p>Bracelet recycl\u00e9 colllection \u00ab\u00a0Chic \u00e0 la folie\u00a0\u00bb.<\/p>\n<p>Fait \u00e0 partir d&#8217;emballages de jus de fruits<\/p>\n<p>Motif multicolor<\/p>\n<p>Longeur total de bracelet est environ 23cm, modifiable grace \u00e0 une chaine.<\/p>\n<p>Design exclusif\u00a0par E-MOI.<br \/>\nProduits issues du commerce \u00e9quitable, r\u00e9alis\u00e9s par notre coop\u00e9rative des femmes au Philippines.<\/p>\n","protected":false},"excerpt":{"rendered":"<p>Bracelet recycl\u00e9 colllection \u00ab\u00a0Chic \u00e0 la folie\u00a0\u00bb.<\/p>\n<p>Fait \u00e0 partir d&#8217;emballages de jus de fruits<\/p>\n<p>Motif multicolor<\/p>\n<p>Longeur total de bracelet est environ 23cm, modifiable grace \u00e0 une chaine.<\/p>\n","protected":false},"featured_media":2606,"comment_status":"closed","ping_status":"closed","template":"","meta":[],"product_cat":[161,195,199,202,205,206,254],"product_tag":[],"yoast_head":"<!-- This site is optimized with the Yoast SEO plugin v24.5 - https:\/\/yoast.com\/wordpress\/plugins\/seo\/ -->\n<title>Bracelet recycl\u00e9 &quot;Chic \u00e0 la folie&quot; - E-Moi<\/title>\n<meta name=\"robots\" content=\"index, follow, max-snippet:-1, max-image-preview:large, max-video-preview:-1\" \/>\n<link rel=\"canonical\" href=\"https:\/\/www.emoi-france.fr\/fr\/produit\/bracelet-recycle-chic-a-la-folie\/\" \/>\n<meta property=\"og:locale\" content=\"fr_FR\" \/>\n<meta property=\"og:type\" content=\"article\" \/>\n<meta property=\"og:title\" content=\"Bracelet recycl\u00e9 &quot;Chic \u00e0 la folie&quot; - E-Moi\" \/>\n<meta property=\"og:description\" content=\"Bracelet recycl\u00e9 colllection &quot;Chic \u00e0 la folie&quot;.  Fait \u00e0 partir d&#039;emballages de jus de fruits  Motif multicolor  Longeur total de bracelet est environ 23cm, modifiable grace \u00e0 une chaine.\" \/>\n<meta property=\"og:url\" content=\"https:\/\/www.emoi-france.fr\/fr\/produit\/bracelet-recycle-chic-a-la-folie\/\" \/>\n<meta property=\"og:site_name\" content=\"E-Moi\" \/>\n<meta property=\"og:image\" content=\"https:\/\/www.emoi-france.fr\/wp-content\/uploads\/2017\/05\/IMG_8284resize.jpg\" \/>\n\t<meta property=\"og:image:width\" content=\"2376\" \/>\n\t<meta property=\"og:image:height\" content=\"1977\" \/>\n\t<meta property=\"og:image:type\" content=\"image\/jpeg\" \/>\n<meta name=\"twitter:card\" content=\"summary_large_image\" \/>\n<script type=\"application\/ld+json\" class=\"yoast-schema-graph\">{\"@context\":\"https:\/\/schema.org\",\"@graph\":[{\"@type\":\"WebPage\",\"@id\":\"https:\/\/www.emoi-france.fr\/fr\/produit\/bracelet-recycle-chic-a-la-folie\/\",\"url\":\"https:\/\/www.emoi-france.fr\/fr\/produit\/bracelet-recycle-chic-a-la-folie\/\",\"name\":\"Bracelet recycl\u00e9 \\\"Chic \u00e0 la folie\\\" - E-Moi\",\"isPartOf\":{\"@id\":\"https:\/\/www.emoi-france.fr\/#website\"},\"primaryImageOfPage\":{\"@id\":\"https:\/\/www.emoi-france.fr\/fr\/produit\/bracelet-recycle-chic-a-la-folie\/#primaryimage\"},\"image\":{\"@id\":\"https:\/\/www.emoi-france.fr\/fr\/produit\/bracelet-recycle-chic-a-la-folie\/#primaryimage\"},\"thumbnailUrl\":\"https:\/\/www.emoi-france.fr\/wp-content\/uploads\/2017\/05\/IMG_8284resize.jpg\",\"datePublished\":\"2017-05-22T18:46:01+00:00\",\"breadcrumb\":{\"@id\":\"https:\/\/www.emoi-france.fr\/fr\/produit\/bracelet-recycle-chic-a-la-folie\/#breadcrumb\"},\"inLanguage\":\"fr-FR\",\"potentialAction\":[{\"@type\":\"ReadAction\",\"target\":[\"https:\/\/www.emoi-france.fr\/fr\/produit\/bracelet-recycle-chic-a-la-folie\/\"]}]},{\"@type\":\"ImageObject\",\"inLanguage\":\"fr-FR\",\"@id\":\"https:\/\/www.emoi-france.fr\/fr\/produit\/bracelet-recycle-chic-a-la-folie\/#primaryimage\",\"url\":\"https:\/\/www.emoi-france.fr\/wp-content\/uploads\/2017\/05\/IMG_8284resize.jpg\",\"contentUrl\":\"https:\/\/www.emoi-france.fr\/wp-content\/uploads\/2017\/05\/IMG_8284resize.jpg\",\"width\":2376,\"height\":1977,\"caption\":\"bracelet-recycl\u00e9-emoi\"},{\"@type\":\"BreadcrumbList\",\"@id\":\"https:\/\/www.emoi-france.fr\/fr\/produit\/bracelet-recycle-chic-a-la-folie\/#breadcrumb\",\"itemListElement\":[{\"@type\":\"ListItem\",\"position\":1,\"name\":\"Home\",\"item\":\"https:\/\/www.emoi-france.fr\/fr\/\"},{\"@type\":\"ListItem\",\"position\":2,\"name\":\"Boutique en ligne\",\"item\":\"https:\/\/www.emoi-france.fr\/fr\/boutique\/\"},{\"@type\":\"ListItem\",\"position\":3,\"name\":\"Bracelet recycl\u00e9 \u00ab\u00a0Chic \u00e0 la folie\u00a0\u00bb\"}]},{\"@type\":\"WebSite\",\"@id\":\"https:\/\/www.emoi-france.fr\/#website\",\"url\":\"https:\/\/www.emoi-france.fr\/\",\"name\":\"E-Moi\",\"description\":\"\",\"potentialAction\":[{\"@type\":\"SearchAction\",\"target\":{\"@type\":\"EntryPoint\",\"urlTemplate\":\"https:\/\/www.emoi-france.fr\/?s={search_term_string}\"},\"query-input\":{\"@type\":\"PropertyValueSpecification\",\"valueRequired\":true,\"valueName\":\"search_term_string\"}}],\"inLanguage\":\"fr-FR\"}]}<\/script>\n<!-- \/ Yoast SEO plugin. -->","yoast_head_json":{"title":"Bracelet recycl\u00e9 \"Chic \u00e0 la folie\" - E-Moi","robots":{"index":"index","follow":"follow","max-snippet":"max-snippet:-1","max-image-preview":"max-image-preview:large","max-video-preview":"max-video-preview:-1"},"canonical":"https:\/\/www.emoi-france.fr\/fr\/produit\/bracelet-recycle-chic-a-la-folie\/","og_locale":"fr_FR","og_type":"article","og_title":"Bracelet recycl\u00e9 \"Chic \u00e0 la folie\" - E-Moi","og_description":"Bracelet recycl\u00e9 colllection \"Chic \u00e0 la folie\".  Fait \u00e0 partir d'emballages de jus de fruits  Motif multicolor  Longeur total de bracelet est environ 23cm, modifiable grace \u00e0 une chaine.","og_url":"https:\/\/www.emoi-france.fr\/fr\/produit\/bracelet-recycle-chic-a-la-folie\/","og_site_name":"E-Moi","og_image":[{"width":2376,"height":1977,"url":"https:\/\/www.emoi-france.fr\/wp-content\/uploads\/2017\/05\/IMG_8284resize.jpg","type":"image\/jpeg"}],"twitter_card":"summary_large_image","schema":{"@context":"https:\/\/schema.org","@graph":[{"@type":"WebPage","@id":"https:\/\/www.emoi-france.fr\/fr\/produit\/bracelet-recycle-chic-a-la-folie\/","url":"https:\/\/www.emoi-france.fr\/fr\/produit\/bracelet-recycle-chic-a-la-folie\/","name":"Bracelet recycl\u00e9 \"Chic \u00e0 la folie\" - E-Moi","isPartOf":{"@id":"https:\/\/www.emoi-france.fr\/#website"},"primaryImageOfPage":{"@id":"https:\/\/www.emoi-france.fr\/fr\/produit\/bracelet-recycle-chic-a-la-folie\/#primaryimage"},"image":{"@id":"https:\/\/www.emoi-france.fr\/fr\/produit\/bracelet-recycle-chic-a-la-folie\/#primaryimage"},"thumbnailUrl":"https:\/\/www.emoi-france.fr\/wp-content\/uploads\/2017\/05\/IMG_8284resize.jpg","datePublished":"2017-05-22T18:46:01+00:00","breadcrumb":{"@id":"https:\/\/www.emoi-france.fr\/fr\/produit\/bracelet-recycle-chic-a-la-folie\/#breadcrumb"},"inLanguage":"fr-FR","potentialAction":[{"@type":"ReadAction","target":["https:\/\/www.emoi-france.fr\/fr\/produit\/bracelet-recycle-chic-a-la-folie\/"]}]},{"@type":"ImageObject","inLanguage":"fr-FR","@id":"https:\/\/www.emoi-france.fr\/fr\/produit\/bracelet-recycle-chic-a-la-folie\/#primaryimage","url":"https:\/\/www.emoi-france.fr\/wp-content\/uploads\/2017\/05\/IMG_8284resize.jpg","contentUrl":"https:\/\/www.emoi-france.fr\/wp-content\/uploads\/2017\/05\/IMG_8284resize.jpg","width":2376,"height":1977,"caption":"bracelet-recycl\u00e9-emoi"},{"@type":"BreadcrumbList","@id":"https:\/\/www.emoi-france.fr\/fr\/produit\/bracelet-recycle-chic-a-la-folie\/#breadcrumb","itemListElement":[{"@type":"ListItem","position":1,"name":"Home","item":"https:\/\/www.emoi-france.fr\/fr\/"},{"@type":"ListItem","position":2,"name":"Boutique en ligne","item":"https:\/\/www.emoi-france.fr\/fr\/boutique\/"},{"@type":"ListItem","position":3,"name":"Bracelet recycl\u00e9 \u00ab\u00a0Chic \u00e0 la folie\u00a0\u00bb"}]},{"@type":"WebSite","@id":"https:\/\/www.emoi-france.fr\/#website","url":"https:\/\/www.emoi-france.fr\/","name":"E-Moi","description":"","potentialAction":[{"@type":"SearchAction","target":{"@type":"EntryPoint","urlTemplate":"https:\/\/www.emoi-france.fr\/?s={search_term_string}"},"query-input":{"@type":"PropertyValueSpecification","valueRequired":true,"valueName":"search_term_string"}}],"inLanguage":"fr-FR"}]}},"_links":{"self":[{"href":"https:\/\/www.emoi-france.fr\/fr\/wp-json\/wp\/v2\/product\/2610"}],"collection":[{"href":"https:\/\/www.emoi-france.fr\/fr\/wp-json\/wp\/v2\/product"}],"about":[{"href":"https:\/\/www.emoi-france.fr\/fr\/wp-json\/wp\/v2\/types\/product"}],"replies":[{"embeddable":true,"href":"https:\/\/www.emoi-france.fr\/fr\/wp-json\/wp\/v2\/comments?post=2610"}],"wp:featuredmedia":[{"embeddable":true,"href":"https:\/\/www.emoi-france.fr\/fr\/wp-json\/wp\/v2\/media\/2606"}],"wp:attachment":[{"href":"https:\/\/www.emoi-france.fr\/fr\/wp-json\/wp\/v2\/media?parent=2610"}],"wp:term":[{"taxonomy":"product_cat","embeddable":true,"href":"https:\/\/www.emoi-france.fr\/fr\/wp-json\/wp\/v2\/product_cat?post=2610"},{"taxonomy":"product_tag","embeddable":true,"href":"https:\/\/www.emoi-france.fr\/fr\/wp-json\/wp\/v2\/product_tag?post=2610"}],"curies":[{"name":"wp","href":"https:\/\/api.w.org\/{rel}","templated":true}]}}