{"id":2397,"date":"2017-05-13T08:15:25","date_gmt":"2017-05-13T01:15:25","guid":{"rendered":"https:\/\/www.emoi-france.fr\/fr\/produit\/produit-dessai\/"},"modified":"2018-11-22T05:23:07","modified_gmt":"2018-11-21T22:23:07","slug":"petit-pochette-solene-mrecycle-en-capsules-de-canettes","status":"publish","type":"product","link":"https:\/\/www.emoi-france.fr\/fr\/produit\/petit-pochette-solene-mrecycle-en-capsules-de-canettes\/","title":{"rendered":"Pochette DAY IN"},"content":{"rendered":"<p>Pochette Solene M est recycl\u00e9 de capsules de canettes<\/p>\n<p>Pochette le plus vendu chez les fans il aiment avoir quelques choses d&rsquo;unique et simple.<br \/>\nCe petit sac est assez grand pour ranger votre t\u00e9l\u00e9phone, vos cl\u00e9s, vos cartes bancaires et vos maquillages.<br \/>\nIl a une anse bandouli\u00e8re pour lib\u00e9rer vos mains, la doublure de haute qualit\u00e9 avec une petite pochette \u00e0 l&rsquo;int\u00e9rieur vous permet de s\u00e9parer des affaires importantes.<br \/>\nFermeture zipp\u00e9 et un poids tr\u00e8s l\u00e9ger sont un atout de plus<\/p>\n<p>Livraison gratuit en France.<br \/>\nPoids: 170g.<\/p>\n<p>Dimension: Largueur 21cm\/ Hauteur 12cm\/ Profondeur 3cm.<\/p>\n<p>Il y a 2 couleurs au choix: blanc et noir<\/p>\n<p>Envoi gratuit en France.<\/p>\n","protected":false},"excerpt":{"rendered":"<p>Ce jolie pochette Solene M est recycl\u00e9 de capsules de canettes<br \/>\nL&rsquo;anse bandouli\u00e8re<\/p>\n<p>Fermeture zipp\u00e9 et un poids tr\u00e8s l\u00e9ger sont un atout de plus<br \/>\n100% fabriqu\u00e9 \u00e0 la main. Doublure de haute qualit\u00e9 avec une petite pochette \u00e0 l&rsquo;int\u00e9rieur vous permet de s\u00e9parer des affaires importantes.<\/p>\n<p>Poids: 170g. Dimension: Largueur 21cm\/ Hauteur 12cm\/ Profondeur 3cm.<\/p>\n<p>Il y a 2 couleurs au choix: blanc et noir<\/p>\n","protected":false},"featured_media":2414,"comment_status":"open","ping_status":"closed","template":"","meta":[],"product_cat":[314],"product_tag":[],"yoast_head":"<!-- This site is optimized with the Yoast SEO plugin v24.5 - https:\/\/yoast.com\/wordpress\/plugins\/seo\/ -->\n<title>Pochette DAY IN - E-Moi<\/title>\n<meta name=\"robots\" content=\"index, follow, max-snippet:-1, max-image-preview:large, max-video-preview:-1\" \/>\n<link rel=\"canonical\" href=\"https:\/\/www.emoi-france.fr\/fr\/produit\/petit-pochette-solene-mrecycle-en-capsules-de-canettes\/\" \/>\n<meta property=\"og:locale\" content=\"fr_FR\" \/>\n<meta property=\"og:type\" content=\"article\" \/>\n<meta property=\"og:title\" content=\"Pochette DAY IN - E-Moi\" \/>\n<meta property=\"og:description\" content=\"Ce jolie pochette Solene M est recycl\u00e9 de capsules de canettes L&#039;anse bandouli\u00e8re  Fermeture zipp\u00e9 et un poids tr\u00e8s l\u00e9ger sont un atout de plus 100% fabriqu\u00e9 \u00e0 la main. Doublure de haute qualit\u00e9 avec une petite pochette \u00e0 l&#039;int\u00e9rieur vous permet de s\u00e9parer des affaires importantes.  Poids: 170g. Dimension: Largueur 21cm\/ Hauteur 12cm\/ Profondeur 3cm.  Il y a 2 couleurs au choix: blanc et noir\" \/>\n<meta property=\"og:url\" content=\"https:\/\/www.emoi-france.fr\/fr\/produit\/petit-pochette-solene-mrecycle-en-capsules-de-canettes\/\" \/>\n<meta property=\"og:site_name\" content=\"E-Moi\" \/>\n<meta property=\"article:modified_time\" content=\"2018-11-21T22:23:07+00:00\" \/>\n<meta property=\"og:image\" content=\"https:\/\/www.emoi-france.fr\/wp-content\/uploads\/2017\/05\/18493046_10154490217184149_1417385699_2.jpg\" \/>\n\t<meta property=\"og:image:width\" content=\"908\" \/>\n\t<meta property=\"og:image:height\" content=\"1081\" \/>\n\t<meta property=\"og:image:type\" content=\"image\/jpeg\" \/>\n<meta name=\"twitter:card\" content=\"summary_large_image\" \/>\n<meta name=\"twitter:label1\" content=\"Dur\u00e9e de lecture estim\u00e9e\" \/>\n\t<meta name=\"twitter:data1\" content=\"1 minute\" \/>\n<script type=\"application\/ld+json\" class=\"yoast-schema-graph\">{\"@context\":\"https:\/\/schema.org\",\"@graph\":[{\"@type\":\"WebPage\",\"@id\":\"https:\/\/www.emoi-france.fr\/fr\/produit\/petit-pochette-solene-mrecycle-en-capsules-de-canettes\/\",\"url\":\"https:\/\/www.emoi-france.fr\/fr\/produit\/petit-pochette-solene-mrecycle-en-capsules-de-canettes\/\",\"name\":\"Pochette DAY IN - E-Moi\",\"isPartOf\":{\"@id\":\"https:\/\/www.emoi-france.fr\/#website\"},\"primaryImageOfPage\":{\"@id\":\"https:\/\/www.emoi-france.fr\/fr\/produit\/petit-pochette-solene-mrecycle-en-capsules-de-canettes\/#primaryimage\"},\"image\":{\"@id\":\"https:\/\/www.emoi-france.fr\/fr\/produit\/petit-pochette-solene-mrecycle-en-capsules-de-canettes\/#primaryimage\"},\"thumbnailUrl\":\"https:\/\/www.emoi-france.fr\/wp-content\/uploads\/2017\/05\/18493046_10154490217184149_1417385699_2.jpg\",\"datePublished\":\"2017-05-13T01:15:25+00:00\",\"dateModified\":\"2018-11-21T22:23:07+00:00\",\"breadcrumb\":{\"@id\":\"https:\/\/www.emoi-france.fr\/fr\/produit\/petit-pochette-solene-mrecycle-en-capsules-de-canettes\/#breadcrumb\"},\"inLanguage\":\"fr-FR\",\"potentialAction\":[{\"@type\":\"ReadAction\",\"target\":[\"https:\/\/www.emoi-france.fr\/fr\/produit\/petit-pochette-solene-mrecycle-en-capsules-de-canettes\/\"]}]},{\"@type\":\"ImageObject\",\"inLanguage\":\"fr-FR\",\"@id\":\"https:\/\/www.emoi-france.fr\/fr\/produit\/petit-pochette-solene-mrecycle-en-capsules-de-canettes\/#primaryimage\",\"url\":\"https:\/\/www.emoi-france.fr\/wp-content\/uploads\/2017\/05\/18493046_10154490217184149_1417385699_2.jpg\",\"contentUrl\":\"https:\/\/www.emoi-france.fr\/wp-content\/uploads\/2017\/05\/18493046_10154490217184149_1417385699_2.jpg\",\"width\":908,\"height\":1081},{\"@type\":\"BreadcrumbList\",\"@id\":\"https:\/\/www.emoi-france.fr\/fr\/produit\/petit-pochette-solene-mrecycle-en-capsules-de-canettes\/#breadcrumb\",\"itemListElement\":[{\"@type\":\"ListItem\",\"position\":1,\"name\":\"Home\",\"item\":\"https:\/\/www.emoi-france.fr\/fr\/\"},{\"@type\":\"ListItem\",\"position\":2,\"name\":\"Boutique en ligne\",\"item\":\"https:\/\/www.emoi-france.fr\/fr\/boutique\/\"},{\"@type\":\"ListItem\",\"position\":3,\"name\":\"Pochette DAY IN\"}]},{\"@type\":\"WebSite\",\"@id\":\"https:\/\/www.emoi-france.fr\/#website\",\"url\":\"https:\/\/www.emoi-france.fr\/\",\"name\":\"E-Moi\",\"description\":\"\",\"potentialAction\":[{\"@type\":\"SearchAction\",\"target\":{\"@type\":\"EntryPoint\",\"urlTemplate\":\"https:\/\/www.emoi-france.fr\/?s={search_term_string}\"},\"query-input\":{\"@type\":\"PropertyValueSpecification\",\"valueRequired\":true,\"valueName\":\"search_term_string\"}}],\"inLanguage\":\"fr-FR\"}]}<\/script>\n<!-- \/ Yoast SEO plugin. -->","yoast_head_json":{"title":"Pochette DAY IN - E-Moi","robots":{"index":"index","follow":"follow","max-snippet":"max-snippet:-1","max-image-preview":"max-image-preview:large","max-video-preview":"max-video-preview:-1"},"canonical":"https:\/\/www.emoi-france.fr\/fr\/produit\/petit-pochette-solene-mrecycle-en-capsules-de-canettes\/","og_locale":"fr_FR","og_type":"article","og_title":"Pochette DAY IN - E-Moi","og_description":"Ce jolie pochette Solene M est recycl\u00e9 de capsules de canettes L'anse bandouli\u00e8re  Fermeture zipp\u00e9 et un poids tr\u00e8s l\u00e9ger sont un atout de plus 100% fabriqu\u00e9 \u00e0 la main. Doublure de haute qualit\u00e9 avec une petite pochette \u00e0 l'int\u00e9rieur vous permet de s\u00e9parer des affaires importantes.  Poids: 170g. Dimension: Largueur 21cm\/ Hauteur 12cm\/ Profondeur 3cm.  Il y a 2 couleurs au choix: blanc et noir","og_url":"https:\/\/www.emoi-france.fr\/fr\/produit\/petit-pochette-solene-mrecycle-en-capsules-de-canettes\/","og_site_name":"E-Moi","article_modified_time":"2018-11-21T22:23:07+00:00","og_image":[{"width":908,"height":1081,"url":"https:\/\/www.emoi-france.fr\/wp-content\/uploads\/2017\/05\/18493046_10154490217184149_1417385699_2.jpg","type":"image\/jpeg"}],"twitter_card":"summary_large_image","twitter_misc":{"Dur\u00e9e de lecture estim\u00e9e":"1 minute"},"schema":{"@context":"https:\/\/schema.org","@graph":[{"@type":"WebPage","@id":"https:\/\/www.emoi-france.fr\/fr\/produit\/petit-pochette-solene-mrecycle-en-capsules-de-canettes\/","url":"https:\/\/www.emoi-france.fr\/fr\/produit\/petit-pochette-solene-mrecycle-en-capsules-de-canettes\/","name":"Pochette DAY IN - E-Moi","isPartOf":{"@id":"https:\/\/www.emoi-france.fr\/#website"},"primaryImageOfPage":{"@id":"https:\/\/www.emoi-france.fr\/fr\/produit\/petit-pochette-solene-mrecycle-en-capsules-de-canettes\/#primaryimage"},"image":{"@id":"https:\/\/www.emoi-france.fr\/fr\/produit\/petit-pochette-solene-mrecycle-en-capsules-de-canettes\/#primaryimage"},"thumbnailUrl":"https:\/\/www.emoi-france.fr\/wp-content\/uploads\/2017\/05\/18493046_10154490217184149_1417385699_2.jpg","datePublished":"2017-05-13T01:15:25+00:00","dateModified":"2018-11-21T22:23:07+00:00","breadcrumb":{"@id":"https:\/\/www.emoi-france.fr\/fr\/produit\/petit-pochette-solene-mrecycle-en-capsules-de-canettes\/#breadcrumb"},"inLanguage":"fr-FR","potentialAction":[{"@type":"ReadAction","target":["https:\/\/www.emoi-france.fr\/fr\/produit\/petit-pochette-solene-mrecycle-en-capsules-de-canettes\/"]}]},{"@type":"ImageObject","inLanguage":"fr-FR","@id":"https:\/\/www.emoi-france.fr\/fr\/produit\/petit-pochette-solene-mrecycle-en-capsules-de-canettes\/#primaryimage","url":"https:\/\/www.emoi-france.fr\/wp-content\/uploads\/2017\/05\/18493046_10154490217184149_1417385699_2.jpg","contentUrl":"https:\/\/www.emoi-france.fr\/wp-content\/uploads\/2017\/05\/18493046_10154490217184149_1417385699_2.jpg","width":908,"height":1081},{"@type":"BreadcrumbList","@id":"https:\/\/www.emoi-france.fr\/fr\/produit\/petit-pochette-solene-mrecycle-en-capsules-de-canettes\/#breadcrumb","itemListElement":[{"@type":"ListItem","position":1,"name":"Home","item":"https:\/\/www.emoi-france.fr\/fr\/"},{"@type":"ListItem","position":2,"name":"Boutique en ligne","item":"https:\/\/www.emoi-france.fr\/fr\/boutique\/"},{"@type":"ListItem","position":3,"name":"Pochette DAY IN"}]},{"@type":"WebSite","@id":"https:\/\/www.emoi-france.fr\/#website","url":"https:\/\/www.emoi-france.fr\/","name":"E-Moi","description":"","potentialAction":[{"@type":"SearchAction","target":{"@type":"EntryPoint","urlTemplate":"https:\/\/www.emoi-france.fr\/?s={search_term_string}"},"query-input":{"@type":"PropertyValueSpecification","valueRequired":true,"valueName":"search_term_string"}}],"inLanguage":"fr-FR"}]}},"_links":{"self":[{"href":"https:\/\/www.emoi-france.fr\/fr\/wp-json\/wp\/v2\/product\/2397"}],"collection":[{"href":"https:\/\/www.emoi-france.fr\/fr\/wp-json\/wp\/v2\/product"}],"about":[{"href":"https:\/\/www.emoi-france.fr\/fr\/wp-json\/wp\/v2\/types\/product"}],"replies":[{"embeddable":true,"href":"https:\/\/www.emoi-france.fr\/fr\/wp-json\/wp\/v2\/comments?post=2397"}],"wp:featuredmedia":[{"embeddable":true,"href":"https:\/\/www.emoi-france.fr\/fr\/wp-json\/wp\/v2\/media\/2414"}],"wp:attachment":[{"href":"https:\/\/www.emoi-france.fr\/fr\/wp-json\/wp\/v2\/media?parent=2397"}],"wp:term":[{"taxonomy":"product_cat","embeddable":true,"href":"https:\/\/www.emoi-france.fr\/fr\/wp-json\/wp\/v2\/product_cat?post=2397"},{"taxonomy":"product_tag","embeddable":true,"href":"https:\/\/www.emoi-france.fr\/fr\/wp-json\/wp\/v2\/product_tag?post=2397"}],"curies":[{"name":"wp","href":"https:\/\/api.w.org\/{rel}","templated":true}]}}