{"id":2373,"date":"2016-07-27T06:55:48","date_gmt":"2016-07-26T23:55:48","guid":{"rendered":"https:\/\/www.emoi-france.fr\/product\/sac-a-main-recouvert-de-journaux\/"},"modified":"2017-05-23T02:25:27","modified_gmt":"2017-05-22T19:25:27","slug":"porte-monnaie-journaux","status":"publish","type":"product","link":"https:\/\/www.emoi-france.fr\/fr\/produit\/porte-monnaie-journaux\/","title":{"rendered":"Mini Porte monnaie \u00ab\u00a0Journaux\u00a0\u00bb"},"content":{"rendered":"<p>Petite porte monnaie, recycl\u00e9 \u00e0 partir de papiers de journaux<br \/>\nTaille: 10cmx5cm<\/p>\n<p>Design exclusif\u00a0par E-MOI.<br \/>\nProduits issues du commerce \u00e9quitable, r\u00e9alis\u00e9s par notre coop\u00e9rative des femmes au Philippines.<\/p>\n","protected":false},"excerpt":{"rendered":"<p>Petite porte monnaie, recycl\u00e9 \u00e0 partir de papiers de journaux<br \/>\nTaille: 10cmx5cm<\/p>\n","protected":false},"featured_media":10741,"comment_status":"open","ping_status":"closed","template":"","meta":[],"product_cat":[170,175,291],"product_tag":[],"yoast_head":"<!-- This site is optimized with the Yoast SEO plugin v24.5 - https:\/\/yoast.com\/wordpress\/plugins\/seo\/ -->\n<title>Mini Porte monnaie &quot;Journaux&quot; - E-Moi<\/title>\n<meta name=\"robots\" content=\"index, follow, max-snippet:-1, max-image-preview:large, max-video-preview:-1\" \/>\n<link rel=\"canonical\" href=\"https:\/\/www.emoi-france.fr\/fr\/produit\/porte-monnaie-journaux\/\" \/>\n<meta property=\"og:locale\" content=\"fr_FR\" \/>\n<meta property=\"og:type\" content=\"article\" \/>\n<meta property=\"og:title\" content=\"Mini Porte monnaie &quot;Journaux&quot; - E-Moi\" \/>\n<meta property=\"og:description\" content=\"Petite porte monnaie, recycl\u00e9 \u00e0 partir de papiers de journaux Taille: 10cmx5cm\" \/>\n<meta property=\"og:url\" content=\"https:\/\/www.emoi-france.fr\/fr\/produit\/porte-monnaie-journaux\/\" \/>\n<meta property=\"og:site_name\" content=\"E-Moi\" \/>\n<meta property=\"article:modified_time\" content=\"2017-05-22T19:25:27+00:00\" \/>\n<meta property=\"og:image\" content=\"https:\/\/www.emoi-france.fr\/wp-content\/uploads\/2020\/06\/@small-coin-purse-newspaper.jpg\" \/>\n\t<meta property=\"og:image:width\" content=\"1654\" \/>\n\t<meta property=\"og:image:height\" content=\"1142\" \/>\n\t<meta property=\"og:image:type\" content=\"image\/jpeg\" \/>\n<meta name=\"twitter:card\" content=\"summary_large_image\" \/>\n<script type=\"application\/ld+json\" class=\"yoast-schema-graph\">{\"@context\":\"https:\/\/schema.org\",\"@graph\":[{\"@type\":\"WebPage\",\"@id\":\"https:\/\/www.emoi-france.fr\/fr\/produit\/porte-monnaie-journaux\/\",\"url\":\"https:\/\/www.emoi-france.fr\/fr\/produit\/porte-monnaie-journaux\/\",\"name\":\"Mini Porte monnaie \\\"Journaux\\\" - E-Moi\",\"isPartOf\":{\"@id\":\"https:\/\/www.emoi-france.fr\/#website\"},\"primaryImageOfPage\":{\"@id\":\"https:\/\/www.emoi-france.fr\/fr\/produit\/porte-monnaie-journaux\/#primaryimage\"},\"image\":{\"@id\":\"https:\/\/www.emoi-france.fr\/fr\/produit\/porte-monnaie-journaux\/#primaryimage\"},\"thumbnailUrl\":\"https:\/\/www.emoi-france.fr\/wp-content\/uploads\/2020\/06\/@small-coin-purse-newspaper.jpg\",\"datePublished\":\"2016-07-26T23:55:48+00:00\",\"dateModified\":\"2017-05-22T19:25:27+00:00\",\"breadcrumb\":{\"@id\":\"https:\/\/www.emoi-france.fr\/fr\/produit\/porte-monnaie-journaux\/#breadcrumb\"},\"inLanguage\":\"fr-FR\",\"potentialAction\":[{\"@type\":\"ReadAction\",\"target\":[\"https:\/\/www.emoi-france.fr\/fr\/produit\/porte-monnaie-journaux\/\"]}]},{\"@type\":\"ImageObject\",\"inLanguage\":\"fr-FR\",\"@id\":\"https:\/\/www.emoi-france.fr\/fr\/produit\/porte-monnaie-journaux\/#primaryimage\",\"url\":\"https:\/\/www.emoi-france.fr\/wp-content\/uploads\/2020\/06\/@small-coin-purse-newspaper.jpg\",\"contentUrl\":\"https:\/\/www.emoi-france.fr\/wp-content\/uploads\/2020\/06\/@small-coin-purse-newspaper.jpg\",\"width\":1654,\"height\":1142},{\"@type\":\"BreadcrumbList\",\"@id\":\"https:\/\/www.emoi-france.fr\/fr\/produit\/porte-monnaie-journaux\/#breadcrumb\",\"itemListElement\":[{\"@type\":\"ListItem\",\"position\":1,\"name\":\"Home\",\"item\":\"https:\/\/www.emoi-france.fr\/fr\/\"},{\"@type\":\"ListItem\",\"position\":2,\"name\":\"Boutique en ligne\",\"item\":\"https:\/\/www.emoi-france.fr\/fr\/boutique\/\"},{\"@type\":\"ListItem\",\"position\":3,\"name\":\"Mini Porte monnaie \u00ab\u00a0Journaux\u00a0\u00bb\"}]},{\"@type\":\"WebSite\",\"@id\":\"https:\/\/www.emoi-france.fr\/#website\",\"url\":\"https:\/\/www.emoi-france.fr\/\",\"name\":\"E-Moi\",\"description\":\"\",\"potentialAction\":[{\"@type\":\"SearchAction\",\"target\":{\"@type\":\"EntryPoint\",\"urlTemplate\":\"https:\/\/www.emoi-france.fr\/?s={search_term_string}\"},\"query-input\":{\"@type\":\"PropertyValueSpecification\",\"valueRequired\":true,\"valueName\":\"search_term_string\"}}],\"inLanguage\":\"fr-FR\"}]}<\/script>\n<!-- \/ Yoast SEO plugin. -->","yoast_head_json":{"title":"Mini Porte monnaie \"Journaux\" - E-Moi","robots":{"index":"index","follow":"follow","max-snippet":"max-snippet:-1","max-image-preview":"max-image-preview:large","max-video-preview":"max-video-preview:-1"},"canonical":"https:\/\/www.emoi-france.fr\/fr\/produit\/porte-monnaie-journaux\/","og_locale":"fr_FR","og_type":"article","og_title":"Mini Porte monnaie \"Journaux\" - E-Moi","og_description":"Petite porte monnaie, recycl\u00e9 \u00e0 partir de papiers de journaux Taille: 10cmx5cm","og_url":"https:\/\/www.emoi-france.fr\/fr\/produit\/porte-monnaie-journaux\/","og_site_name":"E-Moi","article_modified_time":"2017-05-22T19:25:27+00:00","og_image":[{"width":1654,"height":1142,"url":"https:\/\/www.emoi-france.fr\/wp-content\/uploads\/2020\/06\/@small-coin-purse-newspaper.jpg","type":"image\/jpeg"}],"twitter_card":"summary_large_image","schema":{"@context":"https:\/\/schema.org","@graph":[{"@type":"WebPage","@id":"https:\/\/www.emoi-france.fr\/fr\/produit\/porte-monnaie-journaux\/","url":"https:\/\/www.emoi-france.fr\/fr\/produit\/porte-monnaie-journaux\/","name":"Mini Porte monnaie \"Journaux\" - E-Moi","isPartOf":{"@id":"https:\/\/www.emoi-france.fr\/#website"},"primaryImageOfPage":{"@id":"https:\/\/www.emoi-france.fr\/fr\/produit\/porte-monnaie-journaux\/#primaryimage"},"image":{"@id":"https:\/\/www.emoi-france.fr\/fr\/produit\/porte-monnaie-journaux\/#primaryimage"},"thumbnailUrl":"https:\/\/www.emoi-france.fr\/wp-content\/uploads\/2020\/06\/@small-coin-purse-newspaper.jpg","datePublished":"2016-07-26T23:55:48+00:00","dateModified":"2017-05-22T19:25:27+00:00","breadcrumb":{"@id":"https:\/\/www.emoi-france.fr\/fr\/produit\/porte-monnaie-journaux\/#breadcrumb"},"inLanguage":"fr-FR","potentialAction":[{"@type":"ReadAction","target":["https:\/\/www.emoi-france.fr\/fr\/produit\/porte-monnaie-journaux\/"]}]},{"@type":"ImageObject","inLanguage":"fr-FR","@id":"https:\/\/www.emoi-france.fr\/fr\/produit\/porte-monnaie-journaux\/#primaryimage","url":"https:\/\/www.emoi-france.fr\/wp-content\/uploads\/2020\/06\/@small-coin-purse-newspaper.jpg","contentUrl":"https:\/\/www.emoi-france.fr\/wp-content\/uploads\/2020\/06\/@small-coin-purse-newspaper.jpg","width":1654,"height":1142},{"@type":"BreadcrumbList","@id":"https:\/\/www.emoi-france.fr\/fr\/produit\/porte-monnaie-journaux\/#breadcrumb","itemListElement":[{"@type":"ListItem","position":1,"name":"Home","item":"https:\/\/www.emoi-france.fr\/fr\/"},{"@type":"ListItem","position":2,"name":"Boutique en ligne","item":"https:\/\/www.emoi-france.fr\/fr\/boutique\/"},{"@type":"ListItem","position":3,"name":"Mini Porte monnaie \u00ab\u00a0Journaux\u00a0\u00bb"}]},{"@type":"WebSite","@id":"https:\/\/www.emoi-france.fr\/#website","url":"https:\/\/www.emoi-france.fr\/","name":"E-Moi","description":"","potentialAction":[{"@type":"SearchAction","target":{"@type":"EntryPoint","urlTemplate":"https:\/\/www.emoi-france.fr\/?s={search_term_string}"},"query-input":{"@type":"PropertyValueSpecification","valueRequired":true,"valueName":"search_term_string"}}],"inLanguage":"fr-FR"}]}},"_links":{"self":[{"href":"https:\/\/www.emoi-france.fr\/fr\/wp-json\/wp\/v2\/product\/2373"}],"collection":[{"href":"https:\/\/www.emoi-france.fr\/fr\/wp-json\/wp\/v2\/product"}],"about":[{"href":"https:\/\/www.emoi-france.fr\/fr\/wp-json\/wp\/v2\/types\/product"}],"replies":[{"embeddable":true,"href":"https:\/\/www.emoi-france.fr\/fr\/wp-json\/wp\/v2\/comments?post=2373"}],"wp:featuredmedia":[{"embeddable":true,"href":"https:\/\/www.emoi-france.fr\/fr\/wp-json\/wp\/v2\/media\/10741"}],"wp:attachment":[{"href":"https:\/\/www.emoi-france.fr\/fr\/wp-json\/wp\/v2\/media?parent=2373"}],"wp:term":[{"taxonomy":"product_cat","embeddable":true,"href":"https:\/\/www.emoi-france.fr\/fr\/wp-json\/wp\/v2\/product_cat?post=2373"},{"taxonomy":"product_tag","embeddable":true,"href":"https:\/\/www.emoi-france.fr\/fr\/wp-json\/wp\/v2\/product_tag?post=2373"}],"curies":[{"name":"wp","href":"https:\/\/api.w.org\/{rel}","templated":true}]}}