{"id":2371,"date":"2016-07-27T07:03:24","date_gmt":"2016-07-27T00:03:24","guid":{"rendered":"https:\/\/www.emoi-france.fr\/product\/sac-mini-sling\/"},"modified":"2017-05-23T02:30:10","modified_gmt":"2017-05-22T19:30:10","slug":"sac-mini-sling-magazine","status":"publish","type":"product","link":"https:\/\/www.emoi-france.fr\/fr\/produit\/sac-mini-sling-magazine\/","title":{"rendered":"Sac Mini Sling \u00ab\u00a0Magazine\u00a0\u00bb"},"content":{"rendered":"<p>Petit sac \u00ab\u00a0Mini Sling\u00a0\u00bb recycl\u00e9 \u00e0 partir des papiers de magasine.<\/p>\n<p>Anse bandouli\u00e8re en cuir authentique<br \/>\nTaille: 25cmx14cmx3cm<br \/>\nDesign exclusif\u00a0par E-MOI.<br \/>\nProduits issues du commerce \u00e9quitable, r\u00e9alis\u00e9s par notre coop\u00e9rative des femmes au Philippines.<\/p>\n<p>&nbsp;<\/p>\n","protected":false},"excerpt":{"rendered":"<p>Petit sac \u00ab\u00a0Mini Sling\u00a0\u00bb recycl\u00e9 \u00e0 partir des papiers de magasine.<\/p>\n<p>Anse bandouli\u00e8re en cuir authentique<br \/>\nTaille: 25cmx14cmx3cm<\/p>\n","protected":false},"featured_media":10729,"comment_status":"open","ping_status":"closed","template":"","meta":[],"product_cat":[170,175],"product_tag":[],"yoast_head":"<!-- This site is optimized with the Yoast SEO plugin v24.5 - https:\/\/yoast.com\/wordpress\/plugins\/seo\/ -->\n<title>Sac Mini Sling &quot;Magazine&quot; - E-Moi<\/title>\n<meta name=\"robots\" content=\"index, follow, max-snippet:-1, max-image-preview:large, max-video-preview:-1\" \/>\n<link rel=\"canonical\" href=\"https:\/\/www.emoi-france.fr\/fr\/produit\/sac-mini-sling-magazine\/\" \/>\n<meta property=\"og:locale\" content=\"fr_FR\" \/>\n<meta property=\"og:type\" content=\"article\" \/>\n<meta property=\"og:title\" content=\"Sac Mini Sling &quot;Magazine&quot; - E-Moi\" \/>\n<meta property=\"og:description\" content=\"Petit sac &quot;Mini Sling&quot; recycl\u00e9 \u00e0 partir des papiers de magasine.  Anse bandouli\u00e8re en cuir authentique Taille: 25cmx14cmx3cm\" \/>\n<meta property=\"og:url\" content=\"https:\/\/www.emoi-france.fr\/fr\/produit\/sac-mini-sling-magazine\/\" \/>\n<meta property=\"og:site_name\" content=\"E-Moi\" \/>\n<meta property=\"article:modified_time\" content=\"2017-05-22T19:30:10+00:00\" \/>\n<meta property=\"og:image\" content=\"https:\/\/www.emoi-france.fr\/wp-content\/uploads\/2020\/06\/@Mini-Sling-bag.jpg\" \/>\n\t<meta property=\"og:image:width\" content=\"1654\" \/>\n\t<meta property=\"og:image:height\" content=\"1142\" \/>\n\t<meta property=\"og:image:type\" content=\"image\/jpeg\" \/>\n<meta name=\"twitter:card\" content=\"summary_large_image\" \/>\n<script type=\"application\/ld+json\" class=\"yoast-schema-graph\">{\"@context\":\"https:\/\/schema.org\",\"@graph\":[{\"@type\":\"WebPage\",\"@id\":\"https:\/\/www.emoi-france.fr\/fr\/produit\/sac-mini-sling-magazine\/\",\"url\":\"https:\/\/www.emoi-france.fr\/fr\/produit\/sac-mini-sling-magazine\/\",\"name\":\"Sac Mini Sling \\\"Magazine\\\" - E-Moi\",\"isPartOf\":{\"@id\":\"https:\/\/www.emoi-france.fr\/#website\"},\"primaryImageOfPage\":{\"@id\":\"https:\/\/www.emoi-france.fr\/fr\/produit\/sac-mini-sling-magazine\/#primaryimage\"},\"image\":{\"@id\":\"https:\/\/www.emoi-france.fr\/fr\/produit\/sac-mini-sling-magazine\/#primaryimage\"},\"thumbnailUrl\":\"https:\/\/www.emoi-france.fr\/wp-content\/uploads\/2020\/06\/@Mini-Sling-bag.jpg\",\"datePublished\":\"2016-07-27T00:03:24+00:00\",\"dateModified\":\"2017-05-22T19:30:10+00:00\",\"breadcrumb\":{\"@id\":\"https:\/\/www.emoi-france.fr\/fr\/produit\/sac-mini-sling-magazine\/#breadcrumb\"},\"inLanguage\":\"fr-FR\",\"potentialAction\":[{\"@type\":\"ReadAction\",\"target\":[\"https:\/\/www.emoi-france.fr\/fr\/produit\/sac-mini-sling-magazine\/\"]}]},{\"@type\":\"ImageObject\",\"inLanguage\":\"fr-FR\",\"@id\":\"https:\/\/www.emoi-france.fr\/fr\/produit\/sac-mini-sling-magazine\/#primaryimage\",\"url\":\"https:\/\/www.emoi-france.fr\/wp-content\/uploads\/2020\/06\/@Mini-Sling-bag.jpg\",\"contentUrl\":\"https:\/\/www.emoi-france.fr\/wp-content\/uploads\/2020\/06\/@Mini-Sling-bag.jpg\",\"width\":1654,\"height\":1142},{\"@type\":\"BreadcrumbList\",\"@id\":\"https:\/\/www.emoi-france.fr\/fr\/produit\/sac-mini-sling-magazine\/#breadcrumb\",\"itemListElement\":[{\"@type\":\"ListItem\",\"position\":1,\"name\":\"Home\",\"item\":\"https:\/\/www.emoi-france.fr\/fr\/\"},{\"@type\":\"ListItem\",\"position\":2,\"name\":\"Boutique en ligne\",\"item\":\"https:\/\/www.emoi-france.fr\/fr\/boutique\/\"},{\"@type\":\"ListItem\",\"position\":3,\"name\":\"Sac Mini Sling \u00ab\u00a0Magazine\u00a0\u00bb\"}]},{\"@type\":\"WebSite\",\"@id\":\"https:\/\/www.emoi-france.fr\/#website\",\"url\":\"https:\/\/www.emoi-france.fr\/\",\"name\":\"E-Moi\",\"description\":\"\",\"potentialAction\":[{\"@type\":\"SearchAction\",\"target\":{\"@type\":\"EntryPoint\",\"urlTemplate\":\"https:\/\/www.emoi-france.fr\/?s={search_term_string}\"},\"query-input\":{\"@type\":\"PropertyValueSpecification\",\"valueRequired\":true,\"valueName\":\"search_term_string\"}}],\"inLanguage\":\"fr-FR\"}]}<\/script>\n<!-- \/ Yoast SEO plugin. -->","yoast_head_json":{"title":"Sac Mini Sling \"Magazine\" - E-Moi","robots":{"index":"index","follow":"follow","max-snippet":"max-snippet:-1","max-image-preview":"max-image-preview:large","max-video-preview":"max-video-preview:-1"},"canonical":"https:\/\/www.emoi-france.fr\/fr\/produit\/sac-mini-sling-magazine\/","og_locale":"fr_FR","og_type":"article","og_title":"Sac Mini Sling \"Magazine\" - E-Moi","og_description":"Petit sac \"Mini Sling\" recycl\u00e9 \u00e0 partir des papiers de magasine.  Anse bandouli\u00e8re en cuir authentique Taille: 25cmx14cmx3cm","og_url":"https:\/\/www.emoi-france.fr\/fr\/produit\/sac-mini-sling-magazine\/","og_site_name":"E-Moi","article_modified_time":"2017-05-22T19:30:10+00:00","og_image":[{"width":1654,"height":1142,"url":"https:\/\/www.emoi-france.fr\/wp-content\/uploads\/2020\/06\/@Mini-Sling-bag.jpg","type":"image\/jpeg"}],"twitter_card":"summary_large_image","schema":{"@context":"https:\/\/schema.org","@graph":[{"@type":"WebPage","@id":"https:\/\/www.emoi-france.fr\/fr\/produit\/sac-mini-sling-magazine\/","url":"https:\/\/www.emoi-france.fr\/fr\/produit\/sac-mini-sling-magazine\/","name":"Sac Mini Sling \"Magazine\" - E-Moi","isPartOf":{"@id":"https:\/\/www.emoi-france.fr\/#website"},"primaryImageOfPage":{"@id":"https:\/\/www.emoi-france.fr\/fr\/produit\/sac-mini-sling-magazine\/#primaryimage"},"image":{"@id":"https:\/\/www.emoi-france.fr\/fr\/produit\/sac-mini-sling-magazine\/#primaryimage"},"thumbnailUrl":"https:\/\/www.emoi-france.fr\/wp-content\/uploads\/2020\/06\/@Mini-Sling-bag.jpg","datePublished":"2016-07-27T00:03:24+00:00","dateModified":"2017-05-22T19:30:10+00:00","breadcrumb":{"@id":"https:\/\/www.emoi-france.fr\/fr\/produit\/sac-mini-sling-magazine\/#breadcrumb"},"inLanguage":"fr-FR","potentialAction":[{"@type":"ReadAction","target":["https:\/\/www.emoi-france.fr\/fr\/produit\/sac-mini-sling-magazine\/"]}]},{"@type":"ImageObject","inLanguage":"fr-FR","@id":"https:\/\/www.emoi-france.fr\/fr\/produit\/sac-mini-sling-magazine\/#primaryimage","url":"https:\/\/www.emoi-france.fr\/wp-content\/uploads\/2020\/06\/@Mini-Sling-bag.jpg","contentUrl":"https:\/\/www.emoi-france.fr\/wp-content\/uploads\/2020\/06\/@Mini-Sling-bag.jpg","width":1654,"height":1142},{"@type":"BreadcrumbList","@id":"https:\/\/www.emoi-france.fr\/fr\/produit\/sac-mini-sling-magazine\/#breadcrumb","itemListElement":[{"@type":"ListItem","position":1,"name":"Home","item":"https:\/\/www.emoi-france.fr\/fr\/"},{"@type":"ListItem","position":2,"name":"Boutique en ligne","item":"https:\/\/www.emoi-france.fr\/fr\/boutique\/"},{"@type":"ListItem","position":3,"name":"Sac Mini Sling \u00ab\u00a0Magazine\u00a0\u00bb"}]},{"@type":"WebSite","@id":"https:\/\/www.emoi-france.fr\/#website","url":"https:\/\/www.emoi-france.fr\/","name":"E-Moi","description":"","potentialAction":[{"@type":"SearchAction","target":{"@type":"EntryPoint","urlTemplate":"https:\/\/www.emoi-france.fr\/?s={search_term_string}"},"query-input":{"@type":"PropertyValueSpecification","valueRequired":true,"valueName":"search_term_string"}}],"inLanguage":"fr-FR"}]}},"_links":{"self":[{"href":"https:\/\/www.emoi-france.fr\/fr\/wp-json\/wp\/v2\/product\/2371"}],"collection":[{"href":"https:\/\/www.emoi-france.fr\/fr\/wp-json\/wp\/v2\/product"}],"about":[{"href":"https:\/\/www.emoi-france.fr\/fr\/wp-json\/wp\/v2\/types\/product"}],"replies":[{"embeddable":true,"href":"https:\/\/www.emoi-france.fr\/fr\/wp-json\/wp\/v2\/comments?post=2371"}],"wp:featuredmedia":[{"embeddable":true,"href":"https:\/\/www.emoi-france.fr\/fr\/wp-json\/wp\/v2\/media\/10729"}],"wp:attachment":[{"href":"https:\/\/www.emoi-france.fr\/fr\/wp-json\/wp\/v2\/media?parent=2371"}],"wp:term":[{"taxonomy":"product_cat","embeddable":true,"href":"https:\/\/www.emoi-france.fr\/fr\/wp-json\/wp\/v2\/product_cat?post=2371"},{"taxonomy":"product_tag","embeddable":true,"href":"https:\/\/www.emoi-france.fr\/fr\/wp-json\/wp\/v2\/product_tag?post=2371"}],"curies":[{"name":"wp","href":"https:\/\/api.w.org\/{rel}","templated":true}]}}