{"id":1894,"date":"2017-02-13T23:47:02","date_gmt":"2017-02-13T16:47:02","guid":{"rendered":"https:\/\/www.emoi-france.fr\/?post_type=product&#038;p=1894"},"modified":"2019-07-22T23:44:15","modified_gmt":"2019-07-22T16:44:15","slug":"collier-recycles-en-capsules-de-cannettes__trashed","status":"publish","type":"product","link":"https:\/\/www.emoi-france.fr\/fr\/produit\/collier-recycles-en-capsules-de-cannettes__trashed\/","title":{"rendered":"Collier recycl\u00e9s en capsules de cannettes"},"content":{"rendered":"<p>Collier recycl\u00e9s en capsules de canettes.<\/p>\n<p>Longueur de collier est modifiable grace \u00e0 une chaine.<\/p>\n<p>4 couleur au choix: Argent\u00e9, Jaune, Vert, Rouge<\/p>\n<p>Exclusive collection de E-MOI<br \/>\nProduit commerce \u00e9quitable, fabriqu\u00e9 par nos coop\u00e9rative de femmes au Philippines<\/p>\n","protected":false},"excerpt":{"rendered":"<p>Collier recycl\u00e9s en capsules de canettes.<\/p>\n<p>Longueur de collier est modifiable grace \u00e0 une chaine.<\/p>\n<p>4 couleur au choix: Argent\u00e9, Jaune, Vert, Rouge<\/p>\n<p>Exclusive collection de E-MOI<br \/>\nProduit commerce \u00e9quitable, fabriqu\u00e9 par nos coop\u00e9rative de femmes au Philippines<\/p>\n","protected":false},"featured_media":1881,"comment_status":"closed","ping_status":"closed","template":"","meta":[],"product_cat":[161],"product_tag":[334,338,335],"yoast_head":"<!-- This site is optimized with the Yoast SEO plugin v24.5 - https:\/\/yoast.com\/wordpress\/plugins\/seo\/ -->\n<title>Collier recycl\u00e9s en capsules de cannettes - E-Moi<\/title>\n<meta name=\"robots\" content=\"index, follow, max-snippet:-1, max-image-preview:large, max-video-preview:-1\" \/>\n<link rel=\"canonical\" href=\"https:\/\/www.emoi-france.fr\/fr\/produit\/collier-recycles-en-capsules-de-cannettes__trashed\/\" \/>\n<meta property=\"og:locale\" content=\"fr_FR\" \/>\n<meta property=\"og:type\" content=\"article\" \/>\n<meta property=\"og:title\" content=\"Collier recycl\u00e9s en capsules de cannettes - E-Moi\" \/>\n<meta property=\"og:description\" content=\"Collier recycl\u00e9s en capsules de canettes.  Longueur de collier est modifiable grace \u00e0 une chaine.  4 couleur au choix: Argent\u00e9, Jaune, Vert, Rouge  Exclusive collection de E-MOI Produit commerce \u00e9quitable, fabriqu\u00e9 par nos coop\u00e9rative de femmes au Philippines\" \/>\n<meta property=\"og:url\" content=\"https:\/\/www.emoi-france.fr\/fr\/produit\/collier-recycles-en-capsules-de-cannettes__trashed\/\" \/>\n<meta property=\"og:site_name\" content=\"E-Moi\" \/>\n<meta property=\"article:modified_time\" content=\"2019-07-22T16:44:15+00:00\" \/>\n<meta property=\"og:image\" content=\"https:\/\/www.emoi-france.fr\/wp-content\/uploads\/2017\/02\/yellow-resize.jpg\" \/>\n\t<meta property=\"og:image:width\" content=\"4032\" \/>\n\t<meta property=\"og:image:height\" content=\"3024\" \/>\n\t<meta property=\"og:image:type\" content=\"image\/jpeg\" \/>\n<meta name=\"twitter:card\" content=\"summary_large_image\" \/>\n<script type=\"application\/ld+json\" class=\"yoast-schema-graph\">{\"@context\":\"https:\/\/schema.org\",\"@graph\":[{\"@type\":\"WebPage\",\"@id\":\"https:\/\/www.emoi-france.fr\/fr\/produit\/collier-recycles-en-capsules-de-cannettes__trashed\/\",\"url\":\"https:\/\/www.emoi-france.fr\/fr\/produit\/collier-recycles-en-capsules-de-cannettes__trashed\/\",\"name\":\"Collier recycl\u00e9s en capsules de cannettes - E-Moi\",\"isPartOf\":{\"@id\":\"https:\/\/www.emoi-france.fr\/#website\"},\"primaryImageOfPage\":{\"@id\":\"https:\/\/www.emoi-france.fr\/fr\/produit\/collier-recycles-en-capsules-de-cannettes__trashed\/#primaryimage\"},\"image\":{\"@id\":\"https:\/\/www.emoi-france.fr\/fr\/produit\/collier-recycles-en-capsules-de-cannettes__trashed\/#primaryimage\"},\"thumbnailUrl\":\"https:\/\/www.emoi-france.fr\/wp-content\/uploads\/2017\/02\/yellow-resize.jpg\",\"datePublished\":\"2017-02-13T16:47:02+00:00\",\"dateModified\":\"2019-07-22T16:44:15+00:00\",\"breadcrumb\":{\"@id\":\"https:\/\/www.emoi-france.fr\/fr\/produit\/collier-recycles-en-capsules-de-cannettes__trashed\/#breadcrumb\"},\"inLanguage\":\"fr-FR\",\"potentialAction\":[{\"@type\":\"ReadAction\",\"target\":[\"https:\/\/www.emoi-france.fr\/fr\/produit\/collier-recycles-en-capsules-de-cannettes__trashed\/\"]}]},{\"@type\":\"ImageObject\",\"inLanguage\":\"fr-FR\",\"@id\":\"https:\/\/www.emoi-france.fr\/fr\/produit\/collier-recycles-en-capsules-de-cannettes__trashed\/#primaryimage\",\"url\":\"https:\/\/www.emoi-france.fr\/wp-content\/uploads\/2017\/02\/yellow-resize.jpg\",\"contentUrl\":\"https:\/\/www.emoi-france.fr\/wp-content\/uploads\/2017\/02\/yellow-resize.jpg\",\"width\":4032,\"height\":3024},{\"@type\":\"BreadcrumbList\",\"@id\":\"https:\/\/www.emoi-france.fr\/fr\/produit\/collier-recycles-en-capsules-de-cannettes__trashed\/#breadcrumb\",\"itemListElement\":[{\"@type\":\"ListItem\",\"position\":1,\"name\":\"Home\",\"item\":\"https:\/\/www.emoi-france.fr\/fr\/\"},{\"@type\":\"ListItem\",\"position\":2,\"name\":\"Boutique en ligne\",\"item\":\"https:\/\/www.emoi-france.fr\/fr\/boutique\/\"},{\"@type\":\"ListItem\",\"position\":3,\"name\":\"Collier recycl\u00e9s en capsules de cannettes\"}]},{\"@type\":\"WebSite\",\"@id\":\"https:\/\/www.emoi-france.fr\/#website\",\"url\":\"https:\/\/www.emoi-france.fr\/\",\"name\":\"E-Moi\",\"description\":\"\",\"potentialAction\":[{\"@type\":\"SearchAction\",\"target\":{\"@type\":\"EntryPoint\",\"urlTemplate\":\"https:\/\/www.emoi-france.fr\/?s={search_term_string}\"},\"query-input\":{\"@type\":\"PropertyValueSpecification\",\"valueRequired\":true,\"valueName\":\"search_term_string\"}}],\"inLanguage\":\"fr-FR\"}]}<\/script>\n<!-- \/ Yoast SEO plugin. -->","yoast_head_json":{"title":"Collier recycl\u00e9s en capsules de cannettes - E-Moi","robots":{"index":"index","follow":"follow","max-snippet":"max-snippet:-1","max-image-preview":"max-image-preview:large","max-video-preview":"max-video-preview:-1"},"canonical":"https:\/\/www.emoi-france.fr\/fr\/produit\/collier-recycles-en-capsules-de-cannettes__trashed\/","og_locale":"fr_FR","og_type":"article","og_title":"Collier recycl\u00e9s en capsules de cannettes - E-Moi","og_description":"Collier recycl\u00e9s en capsules de canettes.  Longueur de collier est modifiable grace \u00e0 une chaine.  4 couleur au choix: Argent\u00e9, Jaune, Vert, Rouge  Exclusive collection de E-MOI Produit commerce \u00e9quitable, fabriqu\u00e9 par nos coop\u00e9rative de femmes au Philippines","og_url":"https:\/\/www.emoi-france.fr\/fr\/produit\/collier-recycles-en-capsules-de-cannettes__trashed\/","og_site_name":"E-Moi","article_modified_time":"2019-07-22T16:44:15+00:00","og_image":[{"width":4032,"height":3024,"url":"https:\/\/www.emoi-france.fr\/wp-content\/uploads\/2017\/02\/yellow-resize.jpg","type":"image\/jpeg"}],"twitter_card":"summary_large_image","schema":{"@context":"https:\/\/schema.org","@graph":[{"@type":"WebPage","@id":"https:\/\/www.emoi-france.fr\/fr\/produit\/collier-recycles-en-capsules-de-cannettes__trashed\/","url":"https:\/\/www.emoi-france.fr\/fr\/produit\/collier-recycles-en-capsules-de-cannettes__trashed\/","name":"Collier recycl\u00e9s en capsules de cannettes - E-Moi","isPartOf":{"@id":"https:\/\/www.emoi-france.fr\/#website"},"primaryImageOfPage":{"@id":"https:\/\/www.emoi-france.fr\/fr\/produit\/collier-recycles-en-capsules-de-cannettes__trashed\/#primaryimage"},"image":{"@id":"https:\/\/www.emoi-france.fr\/fr\/produit\/collier-recycles-en-capsules-de-cannettes__trashed\/#primaryimage"},"thumbnailUrl":"https:\/\/www.emoi-france.fr\/wp-content\/uploads\/2017\/02\/yellow-resize.jpg","datePublished":"2017-02-13T16:47:02+00:00","dateModified":"2019-07-22T16:44:15+00:00","breadcrumb":{"@id":"https:\/\/www.emoi-france.fr\/fr\/produit\/collier-recycles-en-capsules-de-cannettes__trashed\/#breadcrumb"},"inLanguage":"fr-FR","potentialAction":[{"@type":"ReadAction","target":["https:\/\/www.emoi-france.fr\/fr\/produit\/collier-recycles-en-capsules-de-cannettes__trashed\/"]}]},{"@type":"ImageObject","inLanguage":"fr-FR","@id":"https:\/\/www.emoi-france.fr\/fr\/produit\/collier-recycles-en-capsules-de-cannettes__trashed\/#primaryimage","url":"https:\/\/www.emoi-france.fr\/wp-content\/uploads\/2017\/02\/yellow-resize.jpg","contentUrl":"https:\/\/www.emoi-france.fr\/wp-content\/uploads\/2017\/02\/yellow-resize.jpg","width":4032,"height":3024},{"@type":"BreadcrumbList","@id":"https:\/\/www.emoi-france.fr\/fr\/produit\/collier-recycles-en-capsules-de-cannettes__trashed\/#breadcrumb","itemListElement":[{"@type":"ListItem","position":1,"name":"Home","item":"https:\/\/www.emoi-france.fr\/fr\/"},{"@type":"ListItem","position":2,"name":"Boutique en ligne","item":"https:\/\/www.emoi-france.fr\/fr\/boutique\/"},{"@type":"ListItem","position":3,"name":"Collier recycl\u00e9s en capsules de cannettes"}]},{"@type":"WebSite","@id":"https:\/\/www.emoi-france.fr\/#website","url":"https:\/\/www.emoi-france.fr\/","name":"E-Moi","description":"","potentialAction":[{"@type":"SearchAction","target":{"@type":"EntryPoint","urlTemplate":"https:\/\/www.emoi-france.fr\/?s={search_term_string}"},"query-input":{"@type":"PropertyValueSpecification","valueRequired":true,"valueName":"search_term_string"}}],"inLanguage":"fr-FR"}]}},"_links":{"self":[{"href":"https:\/\/www.emoi-france.fr\/fr\/wp-json\/wp\/v2\/product\/1894"}],"collection":[{"href":"https:\/\/www.emoi-france.fr\/fr\/wp-json\/wp\/v2\/product"}],"about":[{"href":"https:\/\/www.emoi-france.fr\/fr\/wp-json\/wp\/v2\/types\/product"}],"replies":[{"embeddable":true,"href":"https:\/\/www.emoi-france.fr\/fr\/wp-json\/wp\/v2\/comments?post=1894"}],"wp:featuredmedia":[{"embeddable":true,"href":"https:\/\/www.emoi-france.fr\/fr\/wp-json\/wp\/v2\/media\/1881"}],"wp:attachment":[{"href":"https:\/\/www.emoi-france.fr\/fr\/wp-json\/wp\/v2\/media?parent=1894"}],"wp:term":[{"taxonomy":"product_cat","embeddable":true,"href":"https:\/\/www.emoi-france.fr\/fr\/wp-json\/wp\/v2\/product_cat?post=1894"},{"taxonomy":"product_tag","embeddable":true,"href":"https:\/\/www.emoi-france.fr\/fr\/wp-json\/wp\/v2\/product_tag?post=1894"}],"curies":[{"name":"wp","href":"https:\/\/api.w.org\/{rel}","templated":true}]}}