{"id":1852,"date":"2016-07-27T07:31:48","date_gmt":"2016-07-27T00:31:48","guid":{"rendered":"https:\/\/www.emoi-france.fr\/product\/collier-mosaique-recycle-en-emballages-de-jus-de-fruits\/"},"modified":"2017-05-23T02:39:27","modified_gmt":"2017-05-22T19:39:27","slug":"collier-mosaique-recycle-en-emballages-de-jus-de-fruits__trashed","status":"publish","type":"product","link":"https:\/\/www.emoi-france.fr\/fr\/produit\/collier-mosaique-recycle-en-emballages-de-jus-de-fruits__trashed\/","title":{"rendered":"Collier &lsquo;MOSAIQUE\u00a0\u00bb"},"content":{"rendered":"<p>Collier fantaisie avec des petites boules recycl\u00e9s en emballages de jus de fruits.<\/p>\n<p>Collection \u00ab\u00a0MOSA\u00cfQUE\u00a0\u00bb .<\/p>\n<p>Longueur total de collier est environ de 55cm. modifiable gr\u00e2ce \u00e0 une chaine.<\/p>\n<p>Design exclusif de E-MOI.<\/p>\n<p>Produit commerce \u00e9quitable, r\u00e9alis\u00e9 par le coop\u00e9rative de femmes au Philippines.<\/p>\n<p>&nbsp;<\/p>\n","protected":false},"excerpt":{"rendered":"<p>Collier fantaisie avec des petites boules recycl\u00e9s en emballages de jus de fruits.<\/p>\n<p>Collection \u00ab\u00a0MOSA\u00cfQUE\u00a0\u00bb .<\/p>\n<p>Longueur total de collier est environ de 55cm. modifiable gr\u00e2ce \u00e0 une chaine.<\/p>\n","protected":false},"featured_media":0,"comment_status":"open","ping_status":"closed","template":"","meta":[],"product_cat":[161,217,220,222,264,308],"product_tag":[],"yoast_head":"<!-- This site is optimized with the Yoast SEO plugin v24.5 - https:\/\/yoast.com\/wordpress\/plugins\/seo\/ -->\n<title>Collier &#039;MOSAIQUE&quot; - E-Moi<\/title>\n<meta name=\"robots\" content=\"index, follow, max-snippet:-1, max-image-preview:large, max-video-preview:-1\" \/>\n<link rel=\"canonical\" href=\"https:\/\/www.emoi-france.fr\/fr\/produit\/collier-mosaique-recycle-en-emballages-de-jus-de-fruits__trashed\/\" \/>\n<meta property=\"og:locale\" content=\"fr_FR\" \/>\n<meta property=\"og:type\" content=\"article\" \/>\n<meta property=\"og:title\" content=\"Collier &#039;MOSAIQUE&quot; - E-Moi\" \/>\n<meta property=\"og:description\" content=\"Collier fantaisie avec des petites boules recycl\u00e9s en emballages de jus de fruits.  Collection &quot;MOSA\u00cfQUE&quot; .  Longueur total de collier est environ de 55cm. modifiable gr\u00e2ce \u00e0 une chaine.\" \/>\n<meta property=\"og:url\" content=\"https:\/\/www.emoi-france.fr\/fr\/produit\/collier-mosaique-recycle-en-emballages-de-jus-de-fruits__trashed\/\" \/>\n<meta property=\"og:site_name\" content=\"E-Moi\" \/>\n<meta property=\"article:modified_time\" content=\"2017-05-22T19:39:27+00:00\" \/>\n<meta property=\"og:image\" content=\"https:\/\/www.emoi-france.fr\/wp-content\/uploads\/2016\/07\/NB12-07-150.jpg\" \/>\n\t<meta property=\"og:image:width\" content=\"1200\" \/>\n\t<meta property=\"og:image:height\" content=\"797\" \/>\n\t<meta property=\"og:image:type\" content=\"image\/jpeg\" \/>\n<meta name=\"twitter:card\" content=\"summary_large_image\" \/>\n<script type=\"application\/ld+json\" class=\"yoast-schema-graph\">{\"@context\":\"https:\/\/schema.org\",\"@graph\":[{\"@type\":\"WebPage\",\"@id\":\"https:\/\/www.emoi-france.fr\/fr\/produit\/collier-mosaique-recycle-en-emballages-de-jus-de-fruits__trashed\/\",\"url\":\"https:\/\/www.emoi-france.fr\/fr\/produit\/collier-mosaique-recycle-en-emballages-de-jus-de-fruits__trashed\/\",\"name\":\"Collier 'MOSAIQUE\\\" - E-Moi\",\"isPartOf\":{\"@id\":\"https:\/\/www.emoi-france.fr\/#website\"},\"datePublished\":\"2016-07-27T00:31:48+00:00\",\"dateModified\":\"2017-05-22T19:39:27+00:00\",\"breadcrumb\":{\"@id\":\"https:\/\/www.emoi-france.fr\/fr\/produit\/collier-mosaique-recycle-en-emballages-de-jus-de-fruits__trashed\/#breadcrumb\"},\"inLanguage\":\"fr-FR\",\"potentialAction\":[{\"@type\":\"ReadAction\",\"target\":[\"https:\/\/www.emoi-france.fr\/fr\/produit\/collier-mosaique-recycle-en-emballages-de-jus-de-fruits__trashed\/\"]}]},{\"@type\":\"BreadcrumbList\",\"@id\":\"https:\/\/www.emoi-france.fr\/fr\/produit\/collier-mosaique-recycle-en-emballages-de-jus-de-fruits__trashed\/#breadcrumb\",\"itemListElement\":[{\"@type\":\"ListItem\",\"position\":1,\"name\":\"Home\",\"item\":\"https:\/\/www.emoi-france.fr\/fr\/\"},{\"@type\":\"ListItem\",\"position\":2,\"name\":\"Boutique en ligne\",\"item\":\"https:\/\/www.emoi-france.fr\/fr\/boutique\/\"},{\"@type\":\"ListItem\",\"position\":3,\"name\":\"Collier &lsquo;MOSAIQUE\u00a0\u00bb\"}]},{\"@type\":\"WebSite\",\"@id\":\"https:\/\/www.emoi-france.fr\/#website\",\"url\":\"https:\/\/www.emoi-france.fr\/\",\"name\":\"E-Moi\",\"description\":\"\",\"potentialAction\":[{\"@type\":\"SearchAction\",\"target\":{\"@type\":\"EntryPoint\",\"urlTemplate\":\"https:\/\/www.emoi-france.fr\/?s={search_term_string}\"},\"query-input\":{\"@type\":\"PropertyValueSpecification\",\"valueRequired\":true,\"valueName\":\"search_term_string\"}}],\"inLanguage\":\"fr-FR\"}]}<\/script>\n<!-- \/ Yoast SEO plugin. -->","yoast_head_json":{"title":"Collier 'MOSAIQUE\" - E-Moi","robots":{"index":"index","follow":"follow","max-snippet":"max-snippet:-1","max-image-preview":"max-image-preview:large","max-video-preview":"max-video-preview:-1"},"canonical":"https:\/\/www.emoi-france.fr\/fr\/produit\/collier-mosaique-recycle-en-emballages-de-jus-de-fruits__trashed\/","og_locale":"fr_FR","og_type":"article","og_title":"Collier 'MOSAIQUE\" - E-Moi","og_description":"Collier fantaisie avec des petites boules recycl\u00e9s en emballages de jus de fruits.  Collection \"MOSA\u00cfQUE\" .  Longueur total de collier est environ de 55cm. modifiable gr\u00e2ce \u00e0 une chaine.","og_url":"https:\/\/www.emoi-france.fr\/fr\/produit\/collier-mosaique-recycle-en-emballages-de-jus-de-fruits__trashed\/","og_site_name":"E-Moi","article_modified_time":"2017-05-22T19:39:27+00:00","og_image":[{"width":1200,"height":797,"url":"https:\/\/www.emoi-france.fr\/wp-content\/uploads\/2016\/07\/NB12-07-150.jpg","type":"image\/jpeg"}],"twitter_card":"summary_large_image","schema":{"@context":"https:\/\/schema.org","@graph":[{"@type":"WebPage","@id":"https:\/\/www.emoi-france.fr\/fr\/produit\/collier-mosaique-recycle-en-emballages-de-jus-de-fruits__trashed\/","url":"https:\/\/www.emoi-france.fr\/fr\/produit\/collier-mosaique-recycle-en-emballages-de-jus-de-fruits__trashed\/","name":"Collier 'MOSAIQUE\" - E-Moi","isPartOf":{"@id":"https:\/\/www.emoi-france.fr\/#website"},"datePublished":"2016-07-27T00:31:48+00:00","dateModified":"2017-05-22T19:39:27+00:00","breadcrumb":{"@id":"https:\/\/www.emoi-france.fr\/fr\/produit\/collier-mosaique-recycle-en-emballages-de-jus-de-fruits__trashed\/#breadcrumb"},"inLanguage":"fr-FR","potentialAction":[{"@type":"ReadAction","target":["https:\/\/www.emoi-france.fr\/fr\/produit\/collier-mosaique-recycle-en-emballages-de-jus-de-fruits__trashed\/"]}]},{"@type":"BreadcrumbList","@id":"https:\/\/www.emoi-france.fr\/fr\/produit\/collier-mosaique-recycle-en-emballages-de-jus-de-fruits__trashed\/#breadcrumb","itemListElement":[{"@type":"ListItem","position":1,"name":"Home","item":"https:\/\/www.emoi-france.fr\/fr\/"},{"@type":"ListItem","position":2,"name":"Boutique en ligne","item":"https:\/\/www.emoi-france.fr\/fr\/boutique\/"},{"@type":"ListItem","position":3,"name":"Collier &lsquo;MOSAIQUE\u00a0\u00bb"}]},{"@type":"WebSite","@id":"https:\/\/www.emoi-france.fr\/#website","url":"https:\/\/www.emoi-france.fr\/","name":"E-Moi","description":"","potentialAction":[{"@type":"SearchAction","target":{"@type":"EntryPoint","urlTemplate":"https:\/\/www.emoi-france.fr\/?s={search_term_string}"},"query-input":{"@type":"PropertyValueSpecification","valueRequired":true,"valueName":"search_term_string"}}],"inLanguage":"fr-FR"}]}},"_links":{"self":[{"href":"https:\/\/www.emoi-france.fr\/fr\/wp-json\/wp\/v2\/product\/1852"}],"collection":[{"href":"https:\/\/www.emoi-france.fr\/fr\/wp-json\/wp\/v2\/product"}],"about":[{"href":"https:\/\/www.emoi-france.fr\/fr\/wp-json\/wp\/v2\/types\/product"}],"replies":[{"embeddable":true,"href":"https:\/\/www.emoi-france.fr\/fr\/wp-json\/wp\/v2\/comments?post=1852"}],"wp:attachment":[{"href":"https:\/\/www.emoi-france.fr\/fr\/wp-json\/wp\/v2\/media?parent=1852"}],"wp:term":[{"taxonomy":"product_cat","embeddable":true,"href":"https:\/\/www.emoi-france.fr\/fr\/wp-json\/wp\/v2\/product_cat?post=1852"},{"taxonomy":"product_tag","embeddable":true,"href":"https:\/\/www.emoi-france.fr\/fr\/wp-json\/wp\/v2\/product_tag?post=1852"}],"curies":[{"name":"wp","href":"https:\/\/api.w.org\/{rel}","templated":true}]}}