{"id":10866,"date":"2020-06-06T03:11:15","date_gmt":"2020-06-05T20:11:15","guid":{"rendered":"https:\/\/www.emoi-france.fr\/product\/necklace-5-fleurs\/"},"modified":"2020-06-06T03:11:15","modified_gmt":"2020-06-05T20:11:15","slug":"necklace-5-fleurs","status":"publish","type":"product","link":"https:\/\/www.emoi-france.fr\/fr\/produit\/necklace-5-fleurs\/","title":{"rendered":"Necklace \u00ab\u00a05 FLEURS\u00a0\u00bb"},"content":{"rendered":"<p>Collier avec 5 fleurs en cuir, recycl\u00e9 en chutes de cuir<br \/>\nModifiable gr\u00e2ce \u00e0 une chaine<br \/>\nMulticolor avec plusieurs combinations de couleurs vari\u00e9<\/p>\n<p>Livraison gratuit en France<br \/>\nVeuillez nous informer votre couleur pr\u00e9fer\u00e9e avant que nous vous expedions votre commande.<\/p>\n","protected":false},"excerpt":{"rendered":"<p>Collier avec 5 fleurs en cuir, recycl\u00e9 en chutes de cuir Modifiable gr\u00e2ce \u00e0 une chaine Multicolor avec plusieurs combinations de couleurs vari\u00e9 Livraison gratuit en France Veuillez nous informer votre couleur pr\u00e9fer\u00e9e avant que nous vous expedions votre commande.<\/p>\n","protected":false},"featured_media":10447,"comment_status":"closed","ping_status":"closed","template":"","meta":[],"product_cat":[161,217,223],"product_tag":[],"yoast_head":"<!-- This site is optimized with the Yoast SEO plugin v24.5 - https:\/\/yoast.com\/wordpress\/plugins\/seo\/ -->\n<title>Necklace &quot;5 FLEURS&quot; - E-Moi<\/title>\n<meta name=\"robots\" content=\"index, follow, max-snippet:-1, max-image-preview:large, max-video-preview:-1\" \/>\n<link rel=\"canonical\" href=\"https:\/\/www.emoi-france.fr\/fr\/produit\/necklace-5-fleurs\/\" \/>\n<meta property=\"og:locale\" content=\"fr_FR\" \/>\n<meta property=\"og:type\" content=\"article\" \/>\n<meta property=\"og:title\" content=\"Necklace &quot;5 FLEURS&quot; - E-Moi\" \/>\n<meta property=\"og:description\" content=\"Collier avec 5 fleurs en cuir, recycl\u00e9 en chutes de cuir Modifiable gr\u00e2ce \u00e0 une chaine Multicolor avec plusieurs combinations de couleurs vari\u00e9 Livraison gratuit en France Veuillez nous informer votre couleur pr\u00e9fer\u00e9e avant que nous vous expedions votre commande.\" \/>\n<meta property=\"og:url\" content=\"https:\/\/www.emoi-france.fr\/fr\/produit\/necklace-5-fleurs\/\" \/>\n<meta property=\"og:site_name\" content=\"E-Moi\" \/>\n<meta property=\"og:image\" content=\"https:\/\/www.emoi-france.fr\/wp-content\/uploads\/2020\/06\/collier-fleur-cuir-5-resize.jpg\" \/>\n\t<meta property=\"og:image:width\" content=\"776\" \/>\n\t<meta property=\"og:image:height\" content=\"960\" \/>\n\t<meta property=\"og:image:type\" content=\"image\/jpeg\" \/>\n<meta name=\"twitter:card\" content=\"summary_large_image\" \/>\n<script type=\"application\/ld+json\" class=\"yoast-schema-graph\">{\"@context\":\"https:\/\/schema.org\",\"@graph\":[{\"@type\":\"WebPage\",\"@id\":\"https:\/\/www.emoi-france.fr\/fr\/produit\/necklace-5-fleurs\/\",\"url\":\"https:\/\/www.emoi-france.fr\/fr\/produit\/necklace-5-fleurs\/\",\"name\":\"Necklace \\\"5 FLEURS\\\" - E-Moi\",\"isPartOf\":{\"@id\":\"https:\/\/www.emoi-france.fr\/#website\"},\"primaryImageOfPage\":{\"@id\":\"https:\/\/www.emoi-france.fr\/fr\/produit\/necklace-5-fleurs\/#primaryimage\"},\"image\":{\"@id\":\"https:\/\/www.emoi-france.fr\/fr\/produit\/necklace-5-fleurs\/#primaryimage\"},\"thumbnailUrl\":\"https:\/\/www.emoi-france.fr\/wp-content\/uploads\/2020\/06\/collier-fleur-cuir-5-resize.jpg\",\"datePublished\":\"2020-06-05T20:11:15+00:00\",\"breadcrumb\":{\"@id\":\"https:\/\/www.emoi-france.fr\/fr\/produit\/necklace-5-fleurs\/#breadcrumb\"},\"inLanguage\":\"fr-FR\",\"potentialAction\":[{\"@type\":\"ReadAction\",\"target\":[\"https:\/\/www.emoi-france.fr\/fr\/produit\/necklace-5-fleurs\/\"]}]},{\"@type\":\"ImageObject\",\"inLanguage\":\"fr-FR\",\"@id\":\"https:\/\/www.emoi-france.fr\/fr\/produit\/necklace-5-fleurs\/#primaryimage\",\"url\":\"https:\/\/www.emoi-france.fr\/wp-content\/uploads\/2020\/06\/collier-fleur-cuir-5-resize.jpg\",\"contentUrl\":\"https:\/\/www.emoi-france.fr\/wp-content\/uploads\/2020\/06\/collier-fleur-cuir-5-resize.jpg\",\"width\":776,\"height\":960},{\"@type\":\"BreadcrumbList\",\"@id\":\"https:\/\/www.emoi-france.fr\/fr\/produit\/necklace-5-fleurs\/#breadcrumb\",\"itemListElement\":[{\"@type\":\"ListItem\",\"position\":1,\"name\":\"Home\",\"item\":\"https:\/\/www.emoi-france.fr\/fr\/\"},{\"@type\":\"ListItem\",\"position\":2,\"name\":\"Boutique en ligne\",\"item\":\"https:\/\/www.emoi-france.fr\/fr\/boutique\/\"},{\"@type\":\"ListItem\",\"position\":3,\"name\":\"Necklace \u00ab\u00a05 FLEURS\u00a0\u00bb\"}]},{\"@type\":\"WebSite\",\"@id\":\"https:\/\/www.emoi-france.fr\/#website\",\"url\":\"https:\/\/www.emoi-france.fr\/\",\"name\":\"E-Moi\",\"description\":\"\",\"potentialAction\":[{\"@type\":\"SearchAction\",\"target\":{\"@type\":\"EntryPoint\",\"urlTemplate\":\"https:\/\/www.emoi-france.fr\/?s={search_term_string}\"},\"query-input\":{\"@type\":\"PropertyValueSpecification\",\"valueRequired\":true,\"valueName\":\"search_term_string\"}}],\"inLanguage\":\"fr-FR\"}]}<\/script>\n<!-- \/ Yoast SEO plugin. -->","yoast_head_json":{"title":"Necklace \"5 FLEURS\" - E-Moi","robots":{"index":"index","follow":"follow","max-snippet":"max-snippet:-1","max-image-preview":"max-image-preview:large","max-video-preview":"max-video-preview:-1"},"canonical":"https:\/\/www.emoi-france.fr\/fr\/produit\/necklace-5-fleurs\/","og_locale":"fr_FR","og_type":"article","og_title":"Necklace \"5 FLEURS\" - E-Moi","og_description":"Collier avec 5 fleurs en cuir, recycl\u00e9 en chutes de cuir Modifiable gr\u00e2ce \u00e0 une chaine Multicolor avec plusieurs combinations de couleurs vari\u00e9 Livraison gratuit en France Veuillez nous informer votre couleur pr\u00e9fer\u00e9e avant que nous vous expedions votre commande.","og_url":"https:\/\/www.emoi-france.fr\/fr\/produit\/necklace-5-fleurs\/","og_site_name":"E-Moi","og_image":[{"width":776,"height":960,"url":"https:\/\/www.emoi-france.fr\/wp-content\/uploads\/2020\/06\/collier-fleur-cuir-5-resize.jpg","type":"image\/jpeg"}],"twitter_card":"summary_large_image","schema":{"@context":"https:\/\/schema.org","@graph":[{"@type":"WebPage","@id":"https:\/\/www.emoi-france.fr\/fr\/produit\/necklace-5-fleurs\/","url":"https:\/\/www.emoi-france.fr\/fr\/produit\/necklace-5-fleurs\/","name":"Necklace \"5 FLEURS\" - E-Moi","isPartOf":{"@id":"https:\/\/www.emoi-france.fr\/#website"},"primaryImageOfPage":{"@id":"https:\/\/www.emoi-france.fr\/fr\/produit\/necklace-5-fleurs\/#primaryimage"},"image":{"@id":"https:\/\/www.emoi-france.fr\/fr\/produit\/necklace-5-fleurs\/#primaryimage"},"thumbnailUrl":"https:\/\/www.emoi-france.fr\/wp-content\/uploads\/2020\/06\/collier-fleur-cuir-5-resize.jpg","datePublished":"2020-06-05T20:11:15+00:00","breadcrumb":{"@id":"https:\/\/www.emoi-france.fr\/fr\/produit\/necklace-5-fleurs\/#breadcrumb"},"inLanguage":"fr-FR","potentialAction":[{"@type":"ReadAction","target":["https:\/\/www.emoi-france.fr\/fr\/produit\/necklace-5-fleurs\/"]}]},{"@type":"ImageObject","inLanguage":"fr-FR","@id":"https:\/\/www.emoi-france.fr\/fr\/produit\/necklace-5-fleurs\/#primaryimage","url":"https:\/\/www.emoi-france.fr\/wp-content\/uploads\/2020\/06\/collier-fleur-cuir-5-resize.jpg","contentUrl":"https:\/\/www.emoi-france.fr\/wp-content\/uploads\/2020\/06\/collier-fleur-cuir-5-resize.jpg","width":776,"height":960},{"@type":"BreadcrumbList","@id":"https:\/\/www.emoi-france.fr\/fr\/produit\/necklace-5-fleurs\/#breadcrumb","itemListElement":[{"@type":"ListItem","position":1,"name":"Home","item":"https:\/\/www.emoi-france.fr\/fr\/"},{"@type":"ListItem","position":2,"name":"Boutique en ligne","item":"https:\/\/www.emoi-france.fr\/fr\/boutique\/"},{"@type":"ListItem","position":3,"name":"Necklace \u00ab\u00a05 FLEURS\u00a0\u00bb"}]},{"@type":"WebSite","@id":"https:\/\/www.emoi-france.fr\/#website","url":"https:\/\/www.emoi-france.fr\/","name":"E-Moi","description":"","potentialAction":[{"@type":"SearchAction","target":{"@type":"EntryPoint","urlTemplate":"https:\/\/www.emoi-france.fr\/?s={search_term_string}"},"query-input":{"@type":"PropertyValueSpecification","valueRequired":true,"valueName":"search_term_string"}}],"inLanguage":"fr-FR"}]}},"_links":{"self":[{"href":"https:\/\/www.emoi-france.fr\/fr\/wp-json\/wp\/v2\/product\/10866"}],"collection":[{"href":"https:\/\/www.emoi-france.fr\/fr\/wp-json\/wp\/v2\/product"}],"about":[{"href":"https:\/\/www.emoi-france.fr\/fr\/wp-json\/wp\/v2\/types\/product"}],"replies":[{"embeddable":true,"href":"https:\/\/www.emoi-france.fr\/fr\/wp-json\/wp\/v2\/comments?post=10866"}],"wp:featuredmedia":[{"embeddable":true,"href":"https:\/\/www.emoi-france.fr\/fr\/wp-json\/wp\/v2\/media\/10447"}],"wp:attachment":[{"href":"https:\/\/www.emoi-france.fr\/fr\/wp-json\/wp\/v2\/media?parent=10866"}],"wp:term":[{"taxonomy":"product_cat","embeddable":true,"href":"https:\/\/www.emoi-france.fr\/fr\/wp-json\/wp\/v2\/product_cat?post=10866"},{"taxonomy":"product_tag","embeddable":true,"href":"https:\/\/www.emoi-france.fr\/fr\/wp-json\/wp\/v2\/product_tag?post=10866"}],"curies":[{"name":"wp","href":"https:\/\/api.w.org\/{rel}","templated":true}]}}