{"id":10834,"date":"2020-06-06T01:44:09","date_gmt":"2020-06-05T18:44:09","guid":{"rendered":"https:\/\/www.emoi-france.fr\/product\/bracelet-mindanao\/"},"modified":"2020-06-06T01:44:09","modified_gmt":"2020-06-05T18:44:09","slug":"bracelet-mindanao","status":"publish","type":"product","link":"https:\/\/www.emoi-france.fr\/fr\/produit\/bracelet-mindanao\/","title":{"rendered":"Bracelet \u00ab\u00a0Mindanao\u00a0\u00bb"},"content":{"rendered":"<p>Bracelet recycl\u00e9 avec des boules origamis et des fils d&rsquo;aluminium.<br \/>\nCollection \u00ab\u00a0Mindanao\u00a0\u00bb<br \/>\nModifiable avec une chaine<br \/>\nDimension: longueur environ 25cm en total<\/p>\n<p>Livraison gratuit en France<br \/>\nChaque pi\u00e8ce est fabriqu\u00e9e \u00e0 partir de mat\u00e9riaux collect\u00e9s disponibles et poss\u00e8de sa propre couleur unique. Si vous avez une r\u00e9f\u00e9rence de couleur, veuillez nous envoyer un message avant d\u2019exp\u00e9dier votre commande.<\/p>\n","protected":false},"excerpt":{"rendered":"<p>Bracelet recycl\u00e9 avec des boules origamis et des fils d&rsquo;aluminium.<br \/>\nCollection \u00ab\u00a0Mindanao\u00a0\u00bb<br \/>\nModifiable avec une chaine<br \/>\nDimension: longueur environ 25cm en total<\/p>\n","protected":false},"featured_media":10588,"comment_status":"closed","ping_status":"closed","template":"","meta":[],"product_cat":[161,199],"product_tag":[655,654],"yoast_head":"<!-- This site is optimized with the Yoast SEO plugin v24.5 - https:\/\/yoast.com\/wordpress\/plugins\/seo\/ -->\n<title>Bracelet &quot;Mindanao&quot; - E-Moi<\/title>\n<meta name=\"robots\" content=\"index, follow, max-snippet:-1, max-image-preview:large, max-video-preview:-1\" \/>\n<link rel=\"canonical\" href=\"https:\/\/www.emoi-france.fr\/fr\/produit\/bracelet-mindanao\/\" \/>\n<meta property=\"og:locale\" content=\"fr_FR\" \/>\n<meta property=\"og:type\" content=\"article\" \/>\n<meta property=\"og:title\" content=\"Bracelet &quot;Mindanao&quot; - E-Moi\" \/>\n<meta property=\"og:description\" content=\"Bracelet recycl\u00e9 avec des boules origamis et des fils d&#039;aluminium. Collection &quot;Mindanao&quot; Modifiable avec une chaine Dimension: longueur environ 25cm en total\" \/>\n<meta property=\"og:url\" content=\"https:\/\/www.emoi-france.fr\/fr\/produit\/bracelet-mindanao\/\" \/>\n<meta property=\"og:site_name\" content=\"E-Moi\" \/>\n<meta property=\"og:image\" content=\"https:\/\/www.emoi-france.fr\/wp-content\/uploads\/2020\/06\/BMIN-14-01-2-e1591293156855.jpg\" \/>\n\t<meta property=\"og:image:width\" content=\"1417\" \/>\n\t<meta property=\"og:image:height\" content=\"1437\" \/>\n\t<meta property=\"og:image:type\" content=\"image\/jpeg\" \/>\n<meta name=\"twitter:card\" content=\"summary_large_image\" \/>\n<script type=\"application\/ld+json\" class=\"yoast-schema-graph\">{\"@context\":\"https:\/\/schema.org\",\"@graph\":[{\"@type\":\"WebPage\",\"@id\":\"https:\/\/www.emoi-france.fr\/fr\/produit\/bracelet-mindanao\/\",\"url\":\"https:\/\/www.emoi-france.fr\/fr\/produit\/bracelet-mindanao\/\",\"name\":\"Bracelet \\\"Mindanao\\\" - E-Moi\",\"isPartOf\":{\"@id\":\"https:\/\/www.emoi-france.fr\/#website\"},\"primaryImageOfPage\":{\"@id\":\"https:\/\/www.emoi-france.fr\/fr\/produit\/bracelet-mindanao\/#primaryimage\"},\"image\":{\"@id\":\"https:\/\/www.emoi-france.fr\/fr\/produit\/bracelet-mindanao\/#primaryimage\"},\"thumbnailUrl\":\"https:\/\/www.emoi-france.fr\/wp-content\/uploads\/2020\/06\/BMIN-14-01-2-e1591293156855.jpg\",\"datePublished\":\"2020-06-05T18:44:09+00:00\",\"breadcrumb\":{\"@id\":\"https:\/\/www.emoi-france.fr\/fr\/produit\/bracelet-mindanao\/#breadcrumb\"},\"inLanguage\":\"fr-FR\",\"potentialAction\":[{\"@type\":\"ReadAction\",\"target\":[\"https:\/\/www.emoi-france.fr\/fr\/produit\/bracelet-mindanao\/\"]}]},{\"@type\":\"ImageObject\",\"inLanguage\":\"fr-FR\",\"@id\":\"https:\/\/www.emoi-france.fr\/fr\/produit\/bracelet-mindanao\/#primaryimage\",\"url\":\"https:\/\/www.emoi-france.fr\/wp-content\/uploads\/2020\/06\/BMIN-14-01-2-e1591293156855.jpg\",\"contentUrl\":\"https:\/\/www.emoi-france.fr\/wp-content\/uploads\/2020\/06\/BMIN-14-01-2-e1591293156855.jpg\",\"width\":1417,\"height\":1437},{\"@type\":\"BreadcrumbList\",\"@id\":\"https:\/\/www.emoi-france.fr\/fr\/produit\/bracelet-mindanao\/#breadcrumb\",\"itemListElement\":[{\"@type\":\"ListItem\",\"position\":1,\"name\":\"Home\",\"item\":\"https:\/\/www.emoi-france.fr\/fr\/\"},{\"@type\":\"ListItem\",\"position\":2,\"name\":\"Boutique en ligne\",\"item\":\"https:\/\/www.emoi-france.fr\/fr\/boutique\/\"},{\"@type\":\"ListItem\",\"position\":3,\"name\":\"Bracelet \u00ab\u00a0Mindanao\u00a0\u00bb\"}]},{\"@type\":\"WebSite\",\"@id\":\"https:\/\/www.emoi-france.fr\/#website\",\"url\":\"https:\/\/www.emoi-france.fr\/\",\"name\":\"E-Moi\",\"description\":\"\",\"potentialAction\":[{\"@type\":\"SearchAction\",\"target\":{\"@type\":\"EntryPoint\",\"urlTemplate\":\"https:\/\/www.emoi-france.fr\/?s={search_term_string}\"},\"query-input\":{\"@type\":\"PropertyValueSpecification\",\"valueRequired\":true,\"valueName\":\"search_term_string\"}}],\"inLanguage\":\"fr-FR\"}]}<\/script>\n<!-- \/ Yoast SEO plugin. -->","yoast_head_json":{"title":"Bracelet \"Mindanao\" - E-Moi","robots":{"index":"index","follow":"follow","max-snippet":"max-snippet:-1","max-image-preview":"max-image-preview:large","max-video-preview":"max-video-preview:-1"},"canonical":"https:\/\/www.emoi-france.fr\/fr\/produit\/bracelet-mindanao\/","og_locale":"fr_FR","og_type":"article","og_title":"Bracelet \"Mindanao\" - E-Moi","og_description":"Bracelet recycl\u00e9 avec des boules origamis et des fils d'aluminium. Collection \"Mindanao\" Modifiable avec une chaine Dimension: longueur environ 25cm en total","og_url":"https:\/\/www.emoi-france.fr\/fr\/produit\/bracelet-mindanao\/","og_site_name":"E-Moi","og_image":[{"width":1417,"height":1437,"url":"https:\/\/www.emoi-france.fr\/wp-content\/uploads\/2020\/06\/BMIN-14-01-2-e1591293156855.jpg","type":"image\/jpeg"}],"twitter_card":"summary_large_image","schema":{"@context":"https:\/\/schema.org","@graph":[{"@type":"WebPage","@id":"https:\/\/www.emoi-france.fr\/fr\/produit\/bracelet-mindanao\/","url":"https:\/\/www.emoi-france.fr\/fr\/produit\/bracelet-mindanao\/","name":"Bracelet \"Mindanao\" - E-Moi","isPartOf":{"@id":"https:\/\/www.emoi-france.fr\/#website"},"primaryImageOfPage":{"@id":"https:\/\/www.emoi-france.fr\/fr\/produit\/bracelet-mindanao\/#primaryimage"},"image":{"@id":"https:\/\/www.emoi-france.fr\/fr\/produit\/bracelet-mindanao\/#primaryimage"},"thumbnailUrl":"https:\/\/www.emoi-france.fr\/wp-content\/uploads\/2020\/06\/BMIN-14-01-2-e1591293156855.jpg","datePublished":"2020-06-05T18:44:09+00:00","breadcrumb":{"@id":"https:\/\/www.emoi-france.fr\/fr\/produit\/bracelet-mindanao\/#breadcrumb"},"inLanguage":"fr-FR","potentialAction":[{"@type":"ReadAction","target":["https:\/\/www.emoi-france.fr\/fr\/produit\/bracelet-mindanao\/"]}]},{"@type":"ImageObject","inLanguage":"fr-FR","@id":"https:\/\/www.emoi-france.fr\/fr\/produit\/bracelet-mindanao\/#primaryimage","url":"https:\/\/www.emoi-france.fr\/wp-content\/uploads\/2020\/06\/BMIN-14-01-2-e1591293156855.jpg","contentUrl":"https:\/\/www.emoi-france.fr\/wp-content\/uploads\/2020\/06\/BMIN-14-01-2-e1591293156855.jpg","width":1417,"height":1437},{"@type":"BreadcrumbList","@id":"https:\/\/www.emoi-france.fr\/fr\/produit\/bracelet-mindanao\/#breadcrumb","itemListElement":[{"@type":"ListItem","position":1,"name":"Home","item":"https:\/\/www.emoi-france.fr\/fr\/"},{"@type":"ListItem","position":2,"name":"Boutique en ligne","item":"https:\/\/www.emoi-france.fr\/fr\/boutique\/"},{"@type":"ListItem","position":3,"name":"Bracelet \u00ab\u00a0Mindanao\u00a0\u00bb"}]},{"@type":"WebSite","@id":"https:\/\/www.emoi-france.fr\/#website","url":"https:\/\/www.emoi-france.fr\/","name":"E-Moi","description":"","potentialAction":[{"@type":"SearchAction","target":{"@type":"EntryPoint","urlTemplate":"https:\/\/www.emoi-france.fr\/?s={search_term_string}"},"query-input":{"@type":"PropertyValueSpecification","valueRequired":true,"valueName":"search_term_string"}}],"inLanguage":"fr-FR"}]}},"_links":{"self":[{"href":"https:\/\/www.emoi-france.fr\/fr\/wp-json\/wp\/v2\/product\/10834"}],"collection":[{"href":"https:\/\/www.emoi-france.fr\/fr\/wp-json\/wp\/v2\/product"}],"about":[{"href":"https:\/\/www.emoi-france.fr\/fr\/wp-json\/wp\/v2\/types\/product"}],"replies":[{"embeddable":true,"href":"https:\/\/www.emoi-france.fr\/fr\/wp-json\/wp\/v2\/comments?post=10834"}],"wp:featuredmedia":[{"embeddable":true,"href":"https:\/\/www.emoi-france.fr\/fr\/wp-json\/wp\/v2\/media\/10588"}],"wp:attachment":[{"href":"https:\/\/www.emoi-france.fr\/fr\/wp-json\/wp\/v2\/media?parent=10834"}],"wp:term":[{"taxonomy":"product_cat","embeddable":true,"href":"https:\/\/www.emoi-france.fr\/fr\/wp-json\/wp\/v2\/product_cat?post=10834"},{"taxonomy":"product_tag","embeddable":true,"href":"https:\/\/www.emoi-france.fr\/fr\/wp-json\/wp\/v2\/product_tag?post=10834"}],"curies":[{"name":"wp","href":"https:\/\/api.w.org\/{rel}","templated":true}]}}