{"id":10824,"date":"2020-06-05T14:36:34","date_gmt":"2020-06-05T07:36:34","guid":{"rendered":"https:\/\/www.emoi-france.fr\/product\/b-o-rose-2\/"},"modified":"2020-06-05T14:36:34","modified_gmt":"2020-06-05T07:36:34","slug":"b-o-rose-2","status":"publish","type":"product","link":"https:\/\/www.emoi-france.fr\/fr\/produit\/b-o-rose-2\/","title":{"rendered":"B.O \u00ab\u00a0ROSE\u00a0\u00bb"},"content":{"rendered":"<p>Boucle d\u2019oreille \u00abROSE\u00bb, recycl\u00e9e \u00e0 partir chutes de cuir avec une boule origami fait en emballages de jus de fruits<br \/>\nDimension environ 2cm de hauteur<br \/>\nPlusieurs couleurs disponibles au choix.<\/p>\n<p>Livraison gratuit en France<br \/>\nChaque pi\u00e8ce est fabriqu\u00e9e \u00e0 partir de mat\u00e9riaux collect\u00e9s disponibles et poss\u00e8de sa propre couleur unique. Si vous avez une r\u00e9f\u00e9rence de couleur, veuillez nous envoyer un message avant d\u2019exp\u00e9dier votre commande.<\/p>\n","protected":false},"excerpt":{"rendered":"<p>Boucle d\u2019oreille \u00ab ROSE BUD \u00bb, recycl\u00e9e \u00e0 partir chutes de cuir avec une boule origami fait en emballages de jus de fruits<br \/>\nDimension environ 2cm de hauteur<br \/>\nPlusieurs couleurs disponibles au choix.<\/p>\n","protected":false},"featured_media":10445,"comment_status":"closed","ping_status":"closed","template":"","meta":[],"product_cat":[161,211,213],"product_tag":[647,652,651],"yoast_head":"<!-- This site is optimized with the Yoast SEO plugin v24.5 - https:\/\/yoast.com\/wordpress\/plugins\/seo\/ -->\n<title>B.O &quot;ROSE&quot; - E-Moi<\/title>\n<meta name=\"robots\" content=\"index, follow, max-snippet:-1, max-image-preview:large, max-video-preview:-1\" \/>\n<link rel=\"canonical\" href=\"https:\/\/www.emoi-france.fr\/fr\/produit\/b-o-rose-2\/\" \/>\n<meta property=\"og:locale\" content=\"fr_FR\" \/>\n<meta property=\"og:type\" content=\"article\" \/>\n<meta property=\"og:title\" content=\"B.O &quot;ROSE&quot; - E-Moi\" \/>\n<meta property=\"og:description\" content=\"Boucle d\u2019oreille \u00ab ROSE BUD \u00bb, recycl\u00e9e \u00e0 partir chutes de cuir avec une boule origami fait en emballages de jus de fruits Dimension environ 2cm de hauteur Plusieurs couleurs disponibles au choix.\" \/>\n<meta property=\"og:url\" content=\"https:\/\/www.emoi-france.fr\/fr\/produit\/b-o-rose-2\/\" \/>\n<meta property=\"og:site_name\" content=\"E-Moi\" \/>\n<meta property=\"og:image\" content=\"https:\/\/www.emoi-france.fr\/wp-content\/uploads\/2020\/06\/BO-rose-12-resize.jpg\" \/>\n\t<meta property=\"og:image:width\" content=\"1012\" \/>\n\t<meta property=\"og:image:height\" content=\"707\" \/>\n\t<meta property=\"og:image:type\" content=\"image\/jpeg\" \/>\n<meta name=\"twitter:card\" content=\"summary_large_image\" \/>\n<script type=\"application\/ld+json\" class=\"yoast-schema-graph\">{\"@context\":\"https:\/\/schema.org\",\"@graph\":[{\"@type\":\"WebPage\",\"@id\":\"https:\/\/www.emoi-france.fr\/fr\/produit\/b-o-rose-2\/\",\"url\":\"https:\/\/www.emoi-france.fr\/fr\/produit\/b-o-rose-2\/\",\"name\":\"B.O \\\"ROSE\\\" - E-Moi\",\"isPartOf\":{\"@id\":\"https:\/\/www.emoi-france.fr\/#website\"},\"primaryImageOfPage\":{\"@id\":\"https:\/\/www.emoi-france.fr\/fr\/produit\/b-o-rose-2\/#primaryimage\"},\"image\":{\"@id\":\"https:\/\/www.emoi-france.fr\/fr\/produit\/b-o-rose-2\/#primaryimage\"},\"thumbnailUrl\":\"https:\/\/www.emoi-france.fr\/wp-content\/uploads\/2020\/06\/BO-rose-12-resize.jpg\",\"datePublished\":\"2020-06-05T07:36:34+00:00\",\"breadcrumb\":{\"@id\":\"https:\/\/www.emoi-france.fr\/fr\/produit\/b-o-rose-2\/#breadcrumb\"},\"inLanguage\":\"fr-FR\",\"potentialAction\":[{\"@type\":\"ReadAction\",\"target\":[\"https:\/\/www.emoi-france.fr\/fr\/produit\/b-o-rose-2\/\"]}]},{\"@type\":\"ImageObject\",\"inLanguage\":\"fr-FR\",\"@id\":\"https:\/\/www.emoi-france.fr\/fr\/produit\/b-o-rose-2\/#primaryimage\",\"url\":\"https:\/\/www.emoi-france.fr\/wp-content\/uploads\/2020\/06\/BO-rose-12-resize.jpg\",\"contentUrl\":\"https:\/\/www.emoi-france.fr\/wp-content\/uploads\/2020\/06\/BO-rose-12-resize.jpg\",\"width\":1012,\"height\":707},{\"@type\":\"BreadcrumbList\",\"@id\":\"https:\/\/www.emoi-france.fr\/fr\/produit\/b-o-rose-2\/#breadcrumb\",\"itemListElement\":[{\"@type\":\"ListItem\",\"position\":1,\"name\":\"Home\",\"item\":\"https:\/\/www.emoi-france.fr\/fr\/\"},{\"@type\":\"ListItem\",\"position\":2,\"name\":\"Boutique en ligne\",\"item\":\"https:\/\/www.emoi-france.fr\/fr\/boutique\/\"},{\"@type\":\"ListItem\",\"position\":3,\"name\":\"B.O \u00ab\u00a0ROSE\u00a0\u00bb\"}]},{\"@type\":\"WebSite\",\"@id\":\"https:\/\/www.emoi-france.fr\/#website\",\"url\":\"https:\/\/www.emoi-france.fr\/\",\"name\":\"E-Moi\",\"description\":\"\",\"potentialAction\":[{\"@type\":\"SearchAction\",\"target\":{\"@type\":\"EntryPoint\",\"urlTemplate\":\"https:\/\/www.emoi-france.fr\/?s={search_term_string}\"},\"query-input\":{\"@type\":\"PropertyValueSpecification\",\"valueRequired\":true,\"valueName\":\"search_term_string\"}}],\"inLanguage\":\"fr-FR\"}]}<\/script>\n<!-- \/ Yoast SEO plugin. -->","yoast_head_json":{"title":"B.O \"ROSE\" - E-Moi","robots":{"index":"index","follow":"follow","max-snippet":"max-snippet:-1","max-image-preview":"max-image-preview:large","max-video-preview":"max-video-preview:-1"},"canonical":"https:\/\/www.emoi-france.fr\/fr\/produit\/b-o-rose-2\/","og_locale":"fr_FR","og_type":"article","og_title":"B.O \"ROSE\" - E-Moi","og_description":"Boucle d\u2019oreille \u00ab ROSE BUD \u00bb, recycl\u00e9e \u00e0 partir chutes de cuir avec une boule origami fait en emballages de jus de fruits Dimension environ 2cm de hauteur Plusieurs couleurs disponibles au choix.","og_url":"https:\/\/www.emoi-france.fr\/fr\/produit\/b-o-rose-2\/","og_site_name":"E-Moi","og_image":[{"width":1012,"height":707,"url":"https:\/\/www.emoi-france.fr\/wp-content\/uploads\/2020\/06\/BO-rose-12-resize.jpg","type":"image\/jpeg"}],"twitter_card":"summary_large_image","schema":{"@context":"https:\/\/schema.org","@graph":[{"@type":"WebPage","@id":"https:\/\/www.emoi-france.fr\/fr\/produit\/b-o-rose-2\/","url":"https:\/\/www.emoi-france.fr\/fr\/produit\/b-o-rose-2\/","name":"B.O \"ROSE\" - E-Moi","isPartOf":{"@id":"https:\/\/www.emoi-france.fr\/#website"},"primaryImageOfPage":{"@id":"https:\/\/www.emoi-france.fr\/fr\/produit\/b-o-rose-2\/#primaryimage"},"image":{"@id":"https:\/\/www.emoi-france.fr\/fr\/produit\/b-o-rose-2\/#primaryimage"},"thumbnailUrl":"https:\/\/www.emoi-france.fr\/wp-content\/uploads\/2020\/06\/BO-rose-12-resize.jpg","datePublished":"2020-06-05T07:36:34+00:00","breadcrumb":{"@id":"https:\/\/www.emoi-france.fr\/fr\/produit\/b-o-rose-2\/#breadcrumb"},"inLanguage":"fr-FR","potentialAction":[{"@type":"ReadAction","target":["https:\/\/www.emoi-france.fr\/fr\/produit\/b-o-rose-2\/"]}]},{"@type":"ImageObject","inLanguage":"fr-FR","@id":"https:\/\/www.emoi-france.fr\/fr\/produit\/b-o-rose-2\/#primaryimage","url":"https:\/\/www.emoi-france.fr\/wp-content\/uploads\/2020\/06\/BO-rose-12-resize.jpg","contentUrl":"https:\/\/www.emoi-france.fr\/wp-content\/uploads\/2020\/06\/BO-rose-12-resize.jpg","width":1012,"height":707},{"@type":"BreadcrumbList","@id":"https:\/\/www.emoi-france.fr\/fr\/produit\/b-o-rose-2\/#breadcrumb","itemListElement":[{"@type":"ListItem","position":1,"name":"Home","item":"https:\/\/www.emoi-france.fr\/fr\/"},{"@type":"ListItem","position":2,"name":"Boutique en ligne","item":"https:\/\/www.emoi-france.fr\/fr\/boutique\/"},{"@type":"ListItem","position":3,"name":"B.O \u00ab\u00a0ROSE\u00a0\u00bb"}]},{"@type":"WebSite","@id":"https:\/\/www.emoi-france.fr\/#website","url":"https:\/\/www.emoi-france.fr\/","name":"E-Moi","description":"","potentialAction":[{"@type":"SearchAction","target":{"@type":"EntryPoint","urlTemplate":"https:\/\/www.emoi-france.fr\/?s={search_term_string}"},"query-input":{"@type":"PropertyValueSpecification","valueRequired":true,"valueName":"search_term_string"}}],"inLanguage":"fr-FR"}]}},"_links":{"self":[{"href":"https:\/\/www.emoi-france.fr\/fr\/wp-json\/wp\/v2\/product\/10824"}],"collection":[{"href":"https:\/\/www.emoi-france.fr\/fr\/wp-json\/wp\/v2\/product"}],"about":[{"href":"https:\/\/www.emoi-france.fr\/fr\/wp-json\/wp\/v2\/types\/product"}],"replies":[{"embeddable":true,"href":"https:\/\/www.emoi-france.fr\/fr\/wp-json\/wp\/v2\/comments?post=10824"}],"wp:featuredmedia":[{"embeddable":true,"href":"https:\/\/www.emoi-france.fr\/fr\/wp-json\/wp\/v2\/media\/10445"}],"wp:attachment":[{"href":"https:\/\/www.emoi-france.fr\/fr\/wp-json\/wp\/v2\/media?parent=10824"}],"wp:term":[{"taxonomy":"product_cat","embeddable":true,"href":"https:\/\/www.emoi-france.fr\/fr\/wp-json\/wp\/v2\/product_cat?post=10824"},{"taxonomy":"product_tag","embeddable":true,"href":"https:\/\/www.emoi-france.fr\/fr\/wp-json\/wp\/v2\/product_tag?post=10824"}],"curies":[{"name":"wp","href":"https:\/\/api.w.org\/{rel}","templated":true}]}}