{"id":10784,"date":"2020-06-05T13:31:48","date_gmt":"2020-06-05T06:31:48","guid":{"rendered":"https:\/\/www.emoi-france.fr\/product\/b-o-cubik\/"},"modified":"2020-06-05T13:31:48","modified_gmt":"2020-06-05T06:31:48","slug":"b-o-cubik","status":"publish","type":"product","link":"https:\/\/www.emoi-france.fr\/fr\/produit\/b-o-cubik\/","title":{"rendered":"B.O \u00ab\u00a0CUBIK\u00a0\u00bb"},"content":{"rendered":"<p>Boucles d&rsquo;oreilles origami en forme de cubique.<br \/>\nRecycl\u00e9 en emballages de jus de fruits.<br \/>\nMulticolor<br \/>\nDImension environ 2cm en hauteur<\/p>\n<p>Livraison gratuit en France<br \/>\nChaque pi\u00e8ce est fabriqu\u00e9e \u00e0 partir de mat\u00e9riaux collect\u00e9s disponibles et poss\u00e8de sa propre couleur unique. Si vous avez une r\u00e9f\u00e9rence de couleur, veuillez nous envoyer un message avant d\u2019exp\u00e9dier votre commande.<\/p>\n","protected":false},"excerpt":{"rendered":"<p>Boucles d&rsquo;oreilles origami en forme de cubique.<br \/>\nRecycl\u00e9 en emballages de jus de fruits.<br \/>\nMulticolor<br \/>\nDImension environ 2cm en hauteur<\/p>\n","protected":false},"featured_media":10592,"comment_status":"closed","ping_status":"closed","template":"","meta":[],"product_cat":[161,211],"product_tag":[621,634,632,633],"yoast_head":"<!-- This site is optimized with the Yoast SEO plugin v24.5 - https:\/\/yoast.com\/wordpress\/plugins\/seo\/ -->\n<title>B.O &quot;CUBIK&quot; - E-Moi<\/title>\n<meta name=\"robots\" content=\"index, follow, max-snippet:-1, max-image-preview:large, max-video-preview:-1\" \/>\n<link rel=\"canonical\" href=\"https:\/\/www.emoi-france.fr\/fr\/produit\/b-o-cubik\/\" \/>\n<meta property=\"og:locale\" content=\"fr_FR\" \/>\n<meta property=\"og:type\" content=\"article\" \/>\n<meta property=\"og:title\" content=\"B.O &quot;CUBIK&quot; - E-Moi\" \/>\n<meta property=\"og:description\" content=\"Boucles d&#039;oreilles origami en forme de cubique. Recycl\u00e9 en emballages de jus de fruits. Multicolor DImension environ 2cm en hauteur\" \/>\n<meta property=\"og:url\" content=\"https:\/\/www.emoi-france.fr\/fr\/produit\/b-o-cubik\/\" \/>\n<meta property=\"og:site_name\" content=\"E-Moi\" \/>\n<meta property=\"og:image\" content=\"https:\/\/www.emoi-france.fr\/wp-content\/uploads\/2020\/06\/DSC_3115-copie-e1591293112776.jpg\" \/>\n\t<meta property=\"og:image:width\" content=\"1129\" \/>\n\t<meta property=\"og:image:height\" content=\"1129\" \/>\n\t<meta property=\"og:image:type\" content=\"image\/jpeg\" \/>\n<meta name=\"twitter:card\" content=\"summary_large_image\" \/>\n<script type=\"application\/ld+json\" class=\"yoast-schema-graph\">{\"@context\":\"https:\/\/schema.org\",\"@graph\":[{\"@type\":\"WebPage\",\"@id\":\"https:\/\/www.emoi-france.fr\/fr\/produit\/b-o-cubik\/\",\"url\":\"https:\/\/www.emoi-france.fr\/fr\/produit\/b-o-cubik\/\",\"name\":\"B.O \\\"CUBIK\\\" - E-Moi\",\"isPartOf\":{\"@id\":\"https:\/\/www.emoi-france.fr\/#website\"},\"primaryImageOfPage\":{\"@id\":\"https:\/\/www.emoi-france.fr\/fr\/produit\/b-o-cubik\/#primaryimage\"},\"image\":{\"@id\":\"https:\/\/www.emoi-france.fr\/fr\/produit\/b-o-cubik\/#primaryimage\"},\"thumbnailUrl\":\"https:\/\/www.emoi-france.fr\/wp-content\/uploads\/2020\/06\/DSC_3115-copie-e1591293112776.jpg\",\"datePublished\":\"2020-06-05T06:31:48+00:00\",\"breadcrumb\":{\"@id\":\"https:\/\/www.emoi-france.fr\/fr\/produit\/b-o-cubik\/#breadcrumb\"},\"inLanguage\":\"fr-FR\",\"potentialAction\":[{\"@type\":\"ReadAction\",\"target\":[\"https:\/\/www.emoi-france.fr\/fr\/produit\/b-o-cubik\/\"]}]},{\"@type\":\"ImageObject\",\"inLanguage\":\"fr-FR\",\"@id\":\"https:\/\/www.emoi-france.fr\/fr\/produit\/b-o-cubik\/#primaryimage\",\"url\":\"https:\/\/www.emoi-france.fr\/wp-content\/uploads\/2020\/06\/DSC_3115-copie-e1591293112776.jpg\",\"contentUrl\":\"https:\/\/www.emoi-france.fr\/wp-content\/uploads\/2020\/06\/DSC_3115-copie-e1591293112776.jpg\",\"width\":1129,\"height\":1129},{\"@type\":\"BreadcrumbList\",\"@id\":\"https:\/\/www.emoi-france.fr\/fr\/produit\/b-o-cubik\/#breadcrumb\",\"itemListElement\":[{\"@type\":\"ListItem\",\"position\":1,\"name\":\"Home\",\"item\":\"https:\/\/www.emoi-france.fr\/fr\/\"},{\"@type\":\"ListItem\",\"position\":2,\"name\":\"Boutique en ligne\",\"item\":\"https:\/\/www.emoi-france.fr\/fr\/boutique\/\"},{\"@type\":\"ListItem\",\"position\":3,\"name\":\"B.O \u00ab\u00a0CUBIK\u00a0\u00bb\"}]},{\"@type\":\"WebSite\",\"@id\":\"https:\/\/www.emoi-france.fr\/#website\",\"url\":\"https:\/\/www.emoi-france.fr\/\",\"name\":\"E-Moi\",\"description\":\"\",\"potentialAction\":[{\"@type\":\"SearchAction\",\"target\":{\"@type\":\"EntryPoint\",\"urlTemplate\":\"https:\/\/www.emoi-france.fr\/?s={search_term_string}\"},\"query-input\":{\"@type\":\"PropertyValueSpecification\",\"valueRequired\":true,\"valueName\":\"search_term_string\"}}],\"inLanguage\":\"fr-FR\"}]}<\/script>\n<!-- \/ Yoast SEO plugin. -->","yoast_head_json":{"title":"B.O \"CUBIK\" - E-Moi","robots":{"index":"index","follow":"follow","max-snippet":"max-snippet:-1","max-image-preview":"max-image-preview:large","max-video-preview":"max-video-preview:-1"},"canonical":"https:\/\/www.emoi-france.fr\/fr\/produit\/b-o-cubik\/","og_locale":"fr_FR","og_type":"article","og_title":"B.O \"CUBIK\" - E-Moi","og_description":"Boucles d'oreilles origami en forme de cubique. Recycl\u00e9 en emballages de jus de fruits. Multicolor DImension environ 2cm en hauteur","og_url":"https:\/\/www.emoi-france.fr\/fr\/produit\/b-o-cubik\/","og_site_name":"E-Moi","og_image":[{"width":1129,"height":1129,"url":"https:\/\/www.emoi-france.fr\/wp-content\/uploads\/2020\/06\/DSC_3115-copie-e1591293112776.jpg","type":"image\/jpeg"}],"twitter_card":"summary_large_image","schema":{"@context":"https:\/\/schema.org","@graph":[{"@type":"WebPage","@id":"https:\/\/www.emoi-france.fr\/fr\/produit\/b-o-cubik\/","url":"https:\/\/www.emoi-france.fr\/fr\/produit\/b-o-cubik\/","name":"B.O \"CUBIK\" - E-Moi","isPartOf":{"@id":"https:\/\/www.emoi-france.fr\/#website"},"primaryImageOfPage":{"@id":"https:\/\/www.emoi-france.fr\/fr\/produit\/b-o-cubik\/#primaryimage"},"image":{"@id":"https:\/\/www.emoi-france.fr\/fr\/produit\/b-o-cubik\/#primaryimage"},"thumbnailUrl":"https:\/\/www.emoi-france.fr\/wp-content\/uploads\/2020\/06\/DSC_3115-copie-e1591293112776.jpg","datePublished":"2020-06-05T06:31:48+00:00","breadcrumb":{"@id":"https:\/\/www.emoi-france.fr\/fr\/produit\/b-o-cubik\/#breadcrumb"},"inLanguage":"fr-FR","potentialAction":[{"@type":"ReadAction","target":["https:\/\/www.emoi-france.fr\/fr\/produit\/b-o-cubik\/"]}]},{"@type":"ImageObject","inLanguage":"fr-FR","@id":"https:\/\/www.emoi-france.fr\/fr\/produit\/b-o-cubik\/#primaryimage","url":"https:\/\/www.emoi-france.fr\/wp-content\/uploads\/2020\/06\/DSC_3115-copie-e1591293112776.jpg","contentUrl":"https:\/\/www.emoi-france.fr\/wp-content\/uploads\/2020\/06\/DSC_3115-copie-e1591293112776.jpg","width":1129,"height":1129},{"@type":"BreadcrumbList","@id":"https:\/\/www.emoi-france.fr\/fr\/produit\/b-o-cubik\/#breadcrumb","itemListElement":[{"@type":"ListItem","position":1,"name":"Home","item":"https:\/\/www.emoi-france.fr\/fr\/"},{"@type":"ListItem","position":2,"name":"Boutique en ligne","item":"https:\/\/www.emoi-france.fr\/fr\/boutique\/"},{"@type":"ListItem","position":3,"name":"B.O \u00ab\u00a0CUBIK\u00a0\u00bb"}]},{"@type":"WebSite","@id":"https:\/\/www.emoi-france.fr\/#website","url":"https:\/\/www.emoi-france.fr\/","name":"E-Moi","description":"","potentialAction":[{"@type":"SearchAction","target":{"@type":"EntryPoint","urlTemplate":"https:\/\/www.emoi-france.fr\/?s={search_term_string}"},"query-input":{"@type":"PropertyValueSpecification","valueRequired":true,"valueName":"search_term_string"}}],"inLanguage":"fr-FR"}]}},"_links":{"self":[{"href":"https:\/\/www.emoi-france.fr\/fr\/wp-json\/wp\/v2\/product\/10784"}],"collection":[{"href":"https:\/\/www.emoi-france.fr\/fr\/wp-json\/wp\/v2\/product"}],"about":[{"href":"https:\/\/www.emoi-france.fr\/fr\/wp-json\/wp\/v2\/types\/product"}],"replies":[{"embeddable":true,"href":"https:\/\/www.emoi-france.fr\/fr\/wp-json\/wp\/v2\/comments?post=10784"}],"wp:featuredmedia":[{"embeddable":true,"href":"https:\/\/www.emoi-france.fr\/fr\/wp-json\/wp\/v2\/media\/10592"}],"wp:attachment":[{"href":"https:\/\/www.emoi-france.fr\/fr\/wp-json\/wp\/v2\/media?parent=10784"}],"wp:term":[{"taxonomy":"product_cat","embeddable":true,"href":"https:\/\/www.emoi-france.fr\/fr\/wp-json\/wp\/v2\/product_cat?post=10784"},{"taxonomy":"product_tag","embeddable":true,"href":"https:\/\/www.emoi-france.fr\/fr\/wp-json\/wp\/v2\/product_tag?post=10784"}],"curies":[{"name":"wp","href":"https:\/\/api.w.org\/{rel}","templated":true}]}}