{"id":10715,"date":"2020-06-05T05:02:44","date_gmt":"2020-06-04T22:02:44","guid":{"rendered":"https:\/\/www.emoi-france.fr\/product\/pochette-soiree\/"},"modified":"2020-06-05T05:02:44","modified_gmt":"2020-06-04T22:02:44","slug":"pochette-soiree","status":"publish","type":"product","link":"https:\/\/www.emoi-france.fr\/fr\/produit\/pochette-soiree\/","title":{"rendered":"Pochette soir\u00e9e"},"content":{"rendered":"<p>Pochette soir\u00e9e, forme longue<br \/>\nRecycl\u00e9 en papiers de magazines.<br \/>\nMulticolor.<br \/>\nDimension environ 28cm L x 11cm H x 4cm P<\/p>\n<p>Livraison gratuit en France<br \/>\nAttention: Il est presque impossible de faire deux sacs avec exactement la m\u00eame couleur car nous utilisons uniquement les papiers collect\u00e9s disponibles. Par cons\u00e9quent, il est possible que le produit exact avec la couleur comme sur la photo ait d\u00e9j\u00e0 \u00e9t\u00e9 \u00e9puis\u00e9. Si vous avez une r\u00e9f\u00e9rence de couleur, veuillez nous envoyer un message avant que nous exp\u00e9dions votre commande.<\/p>\n","protected":false},"excerpt":{"rendered":"<p>Pochette soir\u00e9e, forme longue<br \/>\nRecycl\u00e9 en papiers de magazines.<br \/>\nMulticolor.<br \/>\nDimension environ 28cm L x 11cm H x 4cm P<\/p>\n","protected":false},"featured_media":10714,"comment_status":"closed","ping_status":"closed","template":"","meta":[],"product_cat":[170,175],"product_tag":[613,614,612],"yoast_head":"<!-- This site is optimized with the Yoast SEO plugin v24.5 - https:\/\/yoast.com\/wordpress\/plugins\/seo\/ -->\n<title>Pochette soir\u00e9e - E-Moi<\/title>\n<meta name=\"robots\" content=\"index, follow, max-snippet:-1, max-image-preview:large, max-video-preview:-1\" \/>\n<link rel=\"canonical\" href=\"https:\/\/www.emoi-france.fr\/fr\/produit\/pochette-soiree\/\" \/>\n<meta property=\"og:locale\" content=\"fr_FR\" \/>\n<meta property=\"og:type\" content=\"article\" \/>\n<meta property=\"og:title\" content=\"Pochette soir\u00e9e - E-Moi\" \/>\n<meta property=\"og:description\" content=\"Pochette soir\u00e9e, forme longue Recycl\u00e9 en papiers de magazines. Multicolor. Dimension environ 28cm L x 11cm H x 4cm P\" \/>\n<meta property=\"og:url\" content=\"https:\/\/www.emoi-france.fr\/fr\/produit\/pochette-soiree\/\" \/>\n<meta property=\"og:site_name\" content=\"E-Moi\" \/>\n<meta property=\"og:image\" content=\"https:\/\/www.emoi-france.fr\/wp-content\/uploads\/2020\/06\/pochette-long-soir-retouch.jpg\" \/>\n\t<meta property=\"og:image:width\" content=\"1654\" \/>\n\t<meta property=\"og:image:height\" content=\"1142\" \/>\n\t<meta property=\"og:image:type\" content=\"image\/jpeg\" \/>\n<meta name=\"twitter:card\" content=\"summary_large_image\" \/>\n<script type=\"application\/ld+json\" class=\"yoast-schema-graph\">{\"@context\":\"https:\/\/schema.org\",\"@graph\":[{\"@type\":\"WebPage\",\"@id\":\"https:\/\/www.emoi-france.fr\/fr\/produit\/pochette-soiree\/\",\"url\":\"https:\/\/www.emoi-france.fr\/fr\/produit\/pochette-soiree\/\",\"name\":\"Pochette soir\u00e9e - E-Moi\",\"isPartOf\":{\"@id\":\"https:\/\/www.emoi-france.fr\/#website\"},\"primaryImageOfPage\":{\"@id\":\"https:\/\/www.emoi-france.fr\/fr\/produit\/pochette-soiree\/#primaryimage\"},\"image\":{\"@id\":\"https:\/\/www.emoi-france.fr\/fr\/produit\/pochette-soiree\/#primaryimage\"},\"thumbnailUrl\":\"https:\/\/www.emoi-france.fr\/wp-content\/uploads\/2020\/06\/pochette-long-soir-retouch.jpg\",\"datePublished\":\"2020-06-04T22:02:44+00:00\",\"breadcrumb\":{\"@id\":\"https:\/\/www.emoi-france.fr\/fr\/produit\/pochette-soiree\/#breadcrumb\"},\"inLanguage\":\"fr-FR\",\"potentialAction\":[{\"@type\":\"ReadAction\",\"target\":[\"https:\/\/www.emoi-france.fr\/fr\/produit\/pochette-soiree\/\"]}]},{\"@type\":\"ImageObject\",\"inLanguage\":\"fr-FR\",\"@id\":\"https:\/\/www.emoi-france.fr\/fr\/produit\/pochette-soiree\/#primaryimage\",\"url\":\"https:\/\/www.emoi-france.fr\/wp-content\/uploads\/2020\/06\/pochette-long-soir-retouch.jpg\",\"contentUrl\":\"https:\/\/www.emoi-france.fr\/wp-content\/uploads\/2020\/06\/pochette-long-soir-retouch.jpg\",\"width\":1654,\"height\":1142},{\"@type\":\"BreadcrumbList\",\"@id\":\"https:\/\/www.emoi-france.fr\/fr\/produit\/pochette-soiree\/#breadcrumb\",\"itemListElement\":[{\"@type\":\"ListItem\",\"position\":1,\"name\":\"Home\",\"item\":\"https:\/\/www.emoi-france.fr\/fr\/\"},{\"@type\":\"ListItem\",\"position\":2,\"name\":\"Boutique en ligne\",\"item\":\"https:\/\/www.emoi-france.fr\/fr\/boutique\/\"},{\"@type\":\"ListItem\",\"position\":3,\"name\":\"Pochette soir\u00e9e\"}]},{\"@type\":\"WebSite\",\"@id\":\"https:\/\/www.emoi-france.fr\/#website\",\"url\":\"https:\/\/www.emoi-france.fr\/\",\"name\":\"E-Moi\",\"description\":\"\",\"potentialAction\":[{\"@type\":\"SearchAction\",\"target\":{\"@type\":\"EntryPoint\",\"urlTemplate\":\"https:\/\/www.emoi-france.fr\/?s={search_term_string}\"},\"query-input\":{\"@type\":\"PropertyValueSpecification\",\"valueRequired\":true,\"valueName\":\"search_term_string\"}}],\"inLanguage\":\"fr-FR\"}]}<\/script>\n<!-- \/ Yoast SEO plugin. -->","yoast_head_json":{"title":"Pochette soir\u00e9e - E-Moi","robots":{"index":"index","follow":"follow","max-snippet":"max-snippet:-1","max-image-preview":"max-image-preview:large","max-video-preview":"max-video-preview:-1"},"canonical":"https:\/\/www.emoi-france.fr\/fr\/produit\/pochette-soiree\/","og_locale":"fr_FR","og_type":"article","og_title":"Pochette soir\u00e9e - E-Moi","og_description":"Pochette soir\u00e9e, forme longue Recycl\u00e9 en papiers de magazines. Multicolor. Dimension environ 28cm L x 11cm H x 4cm P","og_url":"https:\/\/www.emoi-france.fr\/fr\/produit\/pochette-soiree\/","og_site_name":"E-Moi","og_image":[{"width":1654,"height":1142,"url":"https:\/\/www.emoi-france.fr\/wp-content\/uploads\/2020\/06\/pochette-long-soir-retouch.jpg","type":"image\/jpeg"}],"twitter_card":"summary_large_image","schema":{"@context":"https:\/\/schema.org","@graph":[{"@type":"WebPage","@id":"https:\/\/www.emoi-france.fr\/fr\/produit\/pochette-soiree\/","url":"https:\/\/www.emoi-france.fr\/fr\/produit\/pochette-soiree\/","name":"Pochette soir\u00e9e - E-Moi","isPartOf":{"@id":"https:\/\/www.emoi-france.fr\/#website"},"primaryImageOfPage":{"@id":"https:\/\/www.emoi-france.fr\/fr\/produit\/pochette-soiree\/#primaryimage"},"image":{"@id":"https:\/\/www.emoi-france.fr\/fr\/produit\/pochette-soiree\/#primaryimage"},"thumbnailUrl":"https:\/\/www.emoi-france.fr\/wp-content\/uploads\/2020\/06\/pochette-long-soir-retouch.jpg","datePublished":"2020-06-04T22:02:44+00:00","breadcrumb":{"@id":"https:\/\/www.emoi-france.fr\/fr\/produit\/pochette-soiree\/#breadcrumb"},"inLanguage":"fr-FR","potentialAction":[{"@type":"ReadAction","target":["https:\/\/www.emoi-france.fr\/fr\/produit\/pochette-soiree\/"]}]},{"@type":"ImageObject","inLanguage":"fr-FR","@id":"https:\/\/www.emoi-france.fr\/fr\/produit\/pochette-soiree\/#primaryimage","url":"https:\/\/www.emoi-france.fr\/wp-content\/uploads\/2020\/06\/pochette-long-soir-retouch.jpg","contentUrl":"https:\/\/www.emoi-france.fr\/wp-content\/uploads\/2020\/06\/pochette-long-soir-retouch.jpg","width":1654,"height":1142},{"@type":"BreadcrumbList","@id":"https:\/\/www.emoi-france.fr\/fr\/produit\/pochette-soiree\/#breadcrumb","itemListElement":[{"@type":"ListItem","position":1,"name":"Home","item":"https:\/\/www.emoi-france.fr\/fr\/"},{"@type":"ListItem","position":2,"name":"Boutique en ligne","item":"https:\/\/www.emoi-france.fr\/fr\/boutique\/"},{"@type":"ListItem","position":3,"name":"Pochette soir\u00e9e"}]},{"@type":"WebSite","@id":"https:\/\/www.emoi-france.fr\/#website","url":"https:\/\/www.emoi-france.fr\/","name":"E-Moi","description":"","potentialAction":[{"@type":"SearchAction","target":{"@type":"EntryPoint","urlTemplate":"https:\/\/www.emoi-france.fr\/?s={search_term_string}"},"query-input":{"@type":"PropertyValueSpecification","valueRequired":true,"valueName":"search_term_string"}}],"inLanguage":"fr-FR"}]}},"_links":{"self":[{"href":"https:\/\/www.emoi-france.fr\/fr\/wp-json\/wp\/v2\/product\/10715"}],"collection":[{"href":"https:\/\/www.emoi-france.fr\/fr\/wp-json\/wp\/v2\/product"}],"about":[{"href":"https:\/\/www.emoi-france.fr\/fr\/wp-json\/wp\/v2\/types\/product"}],"replies":[{"embeddable":true,"href":"https:\/\/www.emoi-france.fr\/fr\/wp-json\/wp\/v2\/comments?post=10715"}],"wp:featuredmedia":[{"embeddable":true,"href":"https:\/\/www.emoi-france.fr\/fr\/wp-json\/wp\/v2\/media\/10714"}],"wp:attachment":[{"href":"https:\/\/www.emoi-france.fr\/fr\/wp-json\/wp\/v2\/media?parent=10715"}],"wp:term":[{"taxonomy":"product_cat","embeddable":true,"href":"https:\/\/www.emoi-france.fr\/fr\/wp-json\/wp\/v2\/product_cat?post=10715"},{"taxonomy":"product_tag","embeddable":true,"href":"https:\/\/www.emoi-france.fr\/fr\/wp-json\/wp\/v2\/product_tag?post=10715"}],"curies":[{"name":"wp","href":"https:\/\/api.w.org\/{rel}","templated":true}]}}