{"id":10691,"date":"2020-06-05T01:32:02","date_gmt":"2020-06-04T18:32:02","guid":{"rendered":"https:\/\/www.emoi-france.fr\/product\/porte-monnaie-xl\/"},"modified":"2020-06-05T01:42:26","modified_gmt":"2020-06-04T18:42:26","slug":"porte-monnaie-xl","status":"publish","type":"product","link":"https:\/\/www.emoi-france.fr\/fr\/produit\/porte-monnaie-xl\/","title":{"rendered":"PORTE MONNAIE-L"},"content":{"rendered":"<p>Porte monnaie grande taille<br \/>\nRecycl\u00e9 en papiers de magazines, papiers de journals, papiers de photocopie<br \/>\nDimension environ 12cmL x 9cmH<\/p>\n<p>Livraison gratuit en France<br \/>\nAttention: Il est presque impossible de faire deux sacs avec exactement la m\u00eame couleur car nous utilisons uniquement les papiers collect\u00e9s disponibles. Par cons\u00e9quent, il est possible que le produit exact avec la couleur comme sur la photo ait d\u00e9j\u00e0 \u00e9t\u00e9 \u00e9puis\u00e9. Si vous avez une r\u00e9f\u00e9rence de couleur, veuillez nous envoyer un message avant que nous exp\u00e9dions votre commande.<\/p>\n","protected":false},"excerpt":{"rendered":"<p>Porte monnaie grande taille<br \/>\nRecycl\u00e9 en papiers de magazines, papiers de journals, papiers de photocopie.<br \/>\nDimension environ 12cmL x 9cmH<\/p>\n","protected":false},"featured_media":10733,"comment_status":"closed","ping_status":"closed","template":"","meta":[],"product_cat":[170,175],"product_tag":[608],"yoast_head":"<!-- This site is optimized with the Yoast SEO plugin v24.5 - https:\/\/yoast.com\/wordpress\/plugins\/seo\/ -->\n<title>PORTE MONNAIE-L - E-Moi<\/title>\n<meta name=\"robots\" content=\"index, follow, max-snippet:-1, max-image-preview:large, max-video-preview:-1\" \/>\n<link rel=\"canonical\" href=\"https:\/\/www.emoi-france.fr\/fr\/produit\/porte-monnaie-xl\/\" \/>\n<meta property=\"og:locale\" content=\"fr_FR\" \/>\n<meta property=\"og:type\" content=\"article\" \/>\n<meta property=\"og:title\" content=\"PORTE MONNAIE-L - E-Moi\" \/>\n<meta property=\"og:description\" content=\"Porte monnaie grande taille Recycl\u00e9 en papiers de magazines, papiers de journals, papiers de photocopie. Dimension environ 12cmL x 9cmH\" \/>\n<meta property=\"og:url\" content=\"https:\/\/www.emoi-france.fr\/fr\/produit\/porte-monnaie-xl\/\" \/>\n<meta property=\"og:site_name\" content=\"E-Moi\" \/>\n<meta property=\"article:modified_time\" content=\"2020-06-04T18:42:26+00:00\" \/>\n<meta property=\"og:image\" content=\"https:\/\/www.emoi-france.fr\/wp-content\/uploads\/2020\/06\/@big-coin-purse-magazine.jpg\" \/>\n\t<meta property=\"og:image:width\" content=\"1654\" \/>\n\t<meta property=\"og:image:height\" content=\"1142\" \/>\n\t<meta property=\"og:image:type\" content=\"image\/jpeg\" \/>\n<meta name=\"twitter:card\" content=\"summary_large_image\" \/>\n<script type=\"application\/ld+json\" class=\"yoast-schema-graph\">{\"@context\":\"https:\/\/schema.org\",\"@graph\":[{\"@type\":\"WebPage\",\"@id\":\"https:\/\/www.emoi-france.fr\/fr\/produit\/porte-monnaie-xl\/\",\"url\":\"https:\/\/www.emoi-france.fr\/fr\/produit\/porte-monnaie-xl\/\",\"name\":\"PORTE MONNAIE-L - E-Moi\",\"isPartOf\":{\"@id\":\"https:\/\/www.emoi-france.fr\/#website\"},\"primaryImageOfPage\":{\"@id\":\"https:\/\/www.emoi-france.fr\/fr\/produit\/porte-monnaie-xl\/#primaryimage\"},\"image\":{\"@id\":\"https:\/\/www.emoi-france.fr\/fr\/produit\/porte-monnaie-xl\/#primaryimage\"},\"thumbnailUrl\":\"https:\/\/www.emoi-france.fr\/wp-content\/uploads\/2020\/06\/@big-coin-purse-magazine.jpg\",\"datePublished\":\"2020-06-04T18:32:02+00:00\",\"dateModified\":\"2020-06-04T18:42:26+00:00\",\"breadcrumb\":{\"@id\":\"https:\/\/www.emoi-france.fr\/fr\/produit\/porte-monnaie-xl\/#breadcrumb\"},\"inLanguage\":\"fr-FR\",\"potentialAction\":[{\"@type\":\"ReadAction\",\"target\":[\"https:\/\/www.emoi-france.fr\/fr\/produit\/porte-monnaie-xl\/\"]}]},{\"@type\":\"ImageObject\",\"inLanguage\":\"fr-FR\",\"@id\":\"https:\/\/www.emoi-france.fr\/fr\/produit\/porte-monnaie-xl\/#primaryimage\",\"url\":\"https:\/\/www.emoi-france.fr\/wp-content\/uploads\/2020\/06\/@big-coin-purse-magazine.jpg\",\"contentUrl\":\"https:\/\/www.emoi-france.fr\/wp-content\/uploads\/2020\/06\/@big-coin-purse-magazine.jpg\",\"width\":1654,\"height\":1142},{\"@type\":\"BreadcrumbList\",\"@id\":\"https:\/\/www.emoi-france.fr\/fr\/produit\/porte-monnaie-xl\/#breadcrumb\",\"itemListElement\":[{\"@type\":\"ListItem\",\"position\":1,\"name\":\"Home\",\"item\":\"https:\/\/www.emoi-france.fr\/fr\/\"},{\"@type\":\"ListItem\",\"position\":2,\"name\":\"Boutique en ligne\",\"item\":\"https:\/\/www.emoi-france.fr\/fr\/boutique\/\"},{\"@type\":\"ListItem\",\"position\":3,\"name\":\"PORTE MONNAIE-L\"}]},{\"@type\":\"WebSite\",\"@id\":\"https:\/\/www.emoi-france.fr\/#website\",\"url\":\"https:\/\/www.emoi-france.fr\/\",\"name\":\"E-Moi\",\"description\":\"\",\"potentialAction\":[{\"@type\":\"SearchAction\",\"target\":{\"@type\":\"EntryPoint\",\"urlTemplate\":\"https:\/\/www.emoi-france.fr\/?s={search_term_string}\"},\"query-input\":{\"@type\":\"PropertyValueSpecification\",\"valueRequired\":true,\"valueName\":\"search_term_string\"}}],\"inLanguage\":\"fr-FR\"}]}<\/script>\n<!-- \/ Yoast SEO plugin. -->","yoast_head_json":{"title":"PORTE MONNAIE-L - E-Moi","robots":{"index":"index","follow":"follow","max-snippet":"max-snippet:-1","max-image-preview":"max-image-preview:large","max-video-preview":"max-video-preview:-1"},"canonical":"https:\/\/www.emoi-france.fr\/fr\/produit\/porte-monnaie-xl\/","og_locale":"fr_FR","og_type":"article","og_title":"PORTE MONNAIE-L - E-Moi","og_description":"Porte monnaie grande taille Recycl\u00e9 en papiers de magazines, papiers de journals, papiers de photocopie. Dimension environ 12cmL x 9cmH","og_url":"https:\/\/www.emoi-france.fr\/fr\/produit\/porte-monnaie-xl\/","og_site_name":"E-Moi","article_modified_time":"2020-06-04T18:42:26+00:00","og_image":[{"width":1654,"height":1142,"url":"https:\/\/www.emoi-france.fr\/wp-content\/uploads\/2020\/06\/@big-coin-purse-magazine.jpg","type":"image\/jpeg"}],"twitter_card":"summary_large_image","schema":{"@context":"https:\/\/schema.org","@graph":[{"@type":"WebPage","@id":"https:\/\/www.emoi-france.fr\/fr\/produit\/porte-monnaie-xl\/","url":"https:\/\/www.emoi-france.fr\/fr\/produit\/porte-monnaie-xl\/","name":"PORTE MONNAIE-L - E-Moi","isPartOf":{"@id":"https:\/\/www.emoi-france.fr\/#website"},"primaryImageOfPage":{"@id":"https:\/\/www.emoi-france.fr\/fr\/produit\/porte-monnaie-xl\/#primaryimage"},"image":{"@id":"https:\/\/www.emoi-france.fr\/fr\/produit\/porte-monnaie-xl\/#primaryimage"},"thumbnailUrl":"https:\/\/www.emoi-france.fr\/wp-content\/uploads\/2020\/06\/@big-coin-purse-magazine.jpg","datePublished":"2020-06-04T18:32:02+00:00","dateModified":"2020-06-04T18:42:26+00:00","breadcrumb":{"@id":"https:\/\/www.emoi-france.fr\/fr\/produit\/porte-monnaie-xl\/#breadcrumb"},"inLanguage":"fr-FR","potentialAction":[{"@type":"ReadAction","target":["https:\/\/www.emoi-france.fr\/fr\/produit\/porte-monnaie-xl\/"]}]},{"@type":"ImageObject","inLanguage":"fr-FR","@id":"https:\/\/www.emoi-france.fr\/fr\/produit\/porte-monnaie-xl\/#primaryimage","url":"https:\/\/www.emoi-france.fr\/wp-content\/uploads\/2020\/06\/@big-coin-purse-magazine.jpg","contentUrl":"https:\/\/www.emoi-france.fr\/wp-content\/uploads\/2020\/06\/@big-coin-purse-magazine.jpg","width":1654,"height":1142},{"@type":"BreadcrumbList","@id":"https:\/\/www.emoi-france.fr\/fr\/produit\/porte-monnaie-xl\/#breadcrumb","itemListElement":[{"@type":"ListItem","position":1,"name":"Home","item":"https:\/\/www.emoi-france.fr\/fr\/"},{"@type":"ListItem","position":2,"name":"Boutique en ligne","item":"https:\/\/www.emoi-france.fr\/fr\/boutique\/"},{"@type":"ListItem","position":3,"name":"PORTE MONNAIE-L"}]},{"@type":"WebSite","@id":"https:\/\/www.emoi-france.fr\/#website","url":"https:\/\/www.emoi-france.fr\/","name":"E-Moi","description":"","potentialAction":[{"@type":"SearchAction","target":{"@type":"EntryPoint","urlTemplate":"https:\/\/www.emoi-france.fr\/?s={search_term_string}"},"query-input":{"@type":"PropertyValueSpecification","valueRequired":true,"valueName":"search_term_string"}}],"inLanguage":"fr-FR"}]}},"_links":{"self":[{"href":"https:\/\/www.emoi-france.fr\/fr\/wp-json\/wp\/v2\/product\/10691"}],"collection":[{"href":"https:\/\/www.emoi-france.fr\/fr\/wp-json\/wp\/v2\/product"}],"about":[{"href":"https:\/\/www.emoi-france.fr\/fr\/wp-json\/wp\/v2\/types\/product"}],"replies":[{"embeddable":true,"href":"https:\/\/www.emoi-france.fr\/fr\/wp-json\/wp\/v2\/comments?post=10691"}],"wp:featuredmedia":[{"embeddable":true,"href":"https:\/\/www.emoi-france.fr\/fr\/wp-json\/wp\/v2\/media\/10733"}],"wp:attachment":[{"href":"https:\/\/www.emoi-france.fr\/fr\/wp-json\/wp\/v2\/media?parent=10691"}],"wp:term":[{"taxonomy":"product_cat","embeddable":true,"href":"https:\/\/www.emoi-france.fr\/fr\/wp-json\/wp\/v2\/product_cat?post=10691"},{"taxonomy":"product_tag","embeddable":true,"href":"https:\/\/www.emoi-france.fr\/fr\/wp-json\/wp\/v2\/product_tag?post=10691"}],"curies":[{"name":"wp","href":"https:\/\/api.w.org\/{rel}","templated":true}]}}