{"id":10618,"date":"2020-06-04T19:35:45","date_gmt":"2020-06-04T12:35:45","guid":{"rendered":"https:\/\/www.emoi-france.fr\/product\/mini-sac-asymetric\/"},"modified":"2020-06-04T19:35:45","modified_gmt":"2020-06-04T12:35:45","slug":"mini-sac-asymetric","status":"publish","type":"product","link":"https:\/\/www.emoi-france.fr\/fr\/produit\/mini-sac-asymetric\/","title":{"rendered":"Mini Sac Asymetric"},"content":{"rendered":"<p>Petit sac avec le couvert en cuir noir, avec un design asymatrique.<\/p>\n<p>Recycl\u00e9 avec les papier de magazine.<\/p>\n<p>Anse bandouilier, modifiable, en cuir.<\/p>\n<p><span class=\"tlid-translation translation\" lang=\"en\"><span class=\"\" title=\"\">Dimension 20cmLx12cmHx4cm<\/span><\/span><\/p>\n<p>Livraison gratuit pour la France<\/p>\n<p><span class=\"tlid-translation translation\" lang=\"fr\"><span class=\"\" title=\"\">Attention: Il est presque impossible de faire deux sacs avec exactement la m\u00eame couleur car nous utilisons uniquement les papiers collect\u00e9s disponibles.<\/span> <span class=\"\" title=\"\">Par cons\u00e9quent, il est possible que le produit exact avec la couleur comme sur la photo ait d\u00e9j\u00e0 \u00e9t\u00e9 \u00e9puis\u00e9.<\/span> <span class=\"\" title=\"\">Si vous avez une r\u00e9f\u00e9rence de couleur, veuillez nous envoyer un message avant que nous exp\u00e9dions votre commande.<\/span><\/span><\/p>\n","protected":false},"excerpt":{"rendered":"<p>Petit sac avec le couvert en cuir noir, avec un design asymatrique.<\/p>\n<p>Recycl\u00e9 avec les papier de magazine.<\/p>\n<p>Anse bandouilier, modifiable, en cuir.<\/p>\n<p><span class=\"tlid-translation translation\" lang=\"en\"><span class=\"\" title=\"\">Dimension 20cmLx12cmHx4cm<\/span><\/span><\/p>\n","protected":false},"featured_media":10608,"comment_status":"closed","ping_status":"closed","template":"","meta":[],"product_cat":[170,175,289],"product_tag":[],"yoast_head":"<!-- This site is optimized with the Yoast SEO plugin v24.5 - https:\/\/yoast.com\/wordpress\/plugins\/seo\/ -->\n<title>Mini Sac Asymetric - E-Moi<\/title>\n<meta name=\"robots\" content=\"index, follow, max-snippet:-1, max-image-preview:large, max-video-preview:-1\" \/>\n<link rel=\"canonical\" href=\"https:\/\/www.emoi-france.fr\/fr\/produit\/mini-sac-asymetric\/\" \/>\n<meta property=\"og:locale\" content=\"fr_FR\" \/>\n<meta property=\"og:type\" content=\"article\" \/>\n<meta property=\"og:title\" content=\"Mini Sac Asymetric - E-Moi\" \/>\n<meta property=\"og:description\" content=\"Petit sac avec le couvert en cuir noir, avec un design asymatrique.  Recycl\u00e9 avec les papier de magazine.  Anse bandouilier, modifiable, en cuir.  Dimension 20cmLx12cmHx4cm\" \/>\n<meta property=\"og:url\" content=\"https:\/\/www.emoi-france.fr\/fr\/produit\/mini-sac-asymetric\/\" \/>\n<meta property=\"og:site_name\" content=\"E-Moi\" \/>\n<meta property=\"og:image\" content=\"https:\/\/www.emoi-france.fr\/wp-content\/uploads\/2020\/06\/IMG_1523-copie-resize.jpg\" \/>\n\t<meta property=\"og:image:width\" content=\"768\" \/>\n\t<meta property=\"og:image:height\" content=\"656\" \/>\n\t<meta property=\"og:image:type\" content=\"image\/jpeg\" \/>\n<meta name=\"twitter:card\" content=\"summary_large_image\" \/>\n<script type=\"application\/ld+json\" class=\"yoast-schema-graph\">{\"@context\":\"https:\/\/schema.org\",\"@graph\":[{\"@type\":\"WebPage\",\"@id\":\"https:\/\/www.emoi-france.fr\/fr\/produit\/mini-sac-asymetric\/\",\"url\":\"https:\/\/www.emoi-france.fr\/fr\/produit\/mini-sac-asymetric\/\",\"name\":\"Mini Sac Asymetric - E-Moi\",\"isPartOf\":{\"@id\":\"https:\/\/www.emoi-france.fr\/#website\"},\"primaryImageOfPage\":{\"@id\":\"https:\/\/www.emoi-france.fr\/fr\/produit\/mini-sac-asymetric\/#primaryimage\"},\"image\":{\"@id\":\"https:\/\/www.emoi-france.fr\/fr\/produit\/mini-sac-asymetric\/#primaryimage\"},\"thumbnailUrl\":\"https:\/\/www.emoi-france.fr\/wp-content\/uploads\/2020\/06\/IMG_1523-copie-resize.jpg\",\"datePublished\":\"2020-06-04T12:35:45+00:00\",\"breadcrumb\":{\"@id\":\"https:\/\/www.emoi-france.fr\/fr\/produit\/mini-sac-asymetric\/#breadcrumb\"},\"inLanguage\":\"fr-FR\",\"potentialAction\":[{\"@type\":\"ReadAction\",\"target\":[\"https:\/\/www.emoi-france.fr\/fr\/produit\/mini-sac-asymetric\/\"]}]},{\"@type\":\"ImageObject\",\"inLanguage\":\"fr-FR\",\"@id\":\"https:\/\/www.emoi-france.fr\/fr\/produit\/mini-sac-asymetric\/#primaryimage\",\"url\":\"https:\/\/www.emoi-france.fr\/wp-content\/uploads\/2020\/06\/IMG_1523-copie-resize.jpg\",\"contentUrl\":\"https:\/\/www.emoi-france.fr\/wp-content\/uploads\/2020\/06\/IMG_1523-copie-resize.jpg\",\"width\":768,\"height\":656},{\"@type\":\"BreadcrumbList\",\"@id\":\"https:\/\/www.emoi-france.fr\/fr\/produit\/mini-sac-asymetric\/#breadcrumb\",\"itemListElement\":[{\"@type\":\"ListItem\",\"position\":1,\"name\":\"Home\",\"item\":\"https:\/\/www.emoi-france.fr\/fr\/\"},{\"@type\":\"ListItem\",\"position\":2,\"name\":\"Boutique en ligne\",\"item\":\"https:\/\/www.emoi-france.fr\/fr\/boutique\/\"},{\"@type\":\"ListItem\",\"position\":3,\"name\":\"Mini Sac Asymetric\"}]},{\"@type\":\"WebSite\",\"@id\":\"https:\/\/www.emoi-france.fr\/#website\",\"url\":\"https:\/\/www.emoi-france.fr\/\",\"name\":\"E-Moi\",\"description\":\"\",\"potentialAction\":[{\"@type\":\"SearchAction\",\"target\":{\"@type\":\"EntryPoint\",\"urlTemplate\":\"https:\/\/www.emoi-france.fr\/?s={search_term_string}\"},\"query-input\":{\"@type\":\"PropertyValueSpecification\",\"valueRequired\":true,\"valueName\":\"search_term_string\"}}],\"inLanguage\":\"fr-FR\"}]}<\/script>\n<!-- \/ Yoast SEO plugin. -->","yoast_head_json":{"title":"Mini Sac Asymetric - E-Moi","robots":{"index":"index","follow":"follow","max-snippet":"max-snippet:-1","max-image-preview":"max-image-preview:large","max-video-preview":"max-video-preview:-1"},"canonical":"https:\/\/www.emoi-france.fr\/fr\/produit\/mini-sac-asymetric\/","og_locale":"fr_FR","og_type":"article","og_title":"Mini Sac Asymetric - E-Moi","og_description":"Petit sac avec le couvert en cuir noir, avec un design asymatrique.  Recycl\u00e9 avec les papier de magazine.  Anse bandouilier, modifiable, en cuir.  Dimension 20cmLx12cmHx4cm","og_url":"https:\/\/www.emoi-france.fr\/fr\/produit\/mini-sac-asymetric\/","og_site_name":"E-Moi","og_image":[{"width":768,"height":656,"url":"https:\/\/www.emoi-france.fr\/wp-content\/uploads\/2020\/06\/IMG_1523-copie-resize.jpg","type":"image\/jpeg"}],"twitter_card":"summary_large_image","schema":{"@context":"https:\/\/schema.org","@graph":[{"@type":"WebPage","@id":"https:\/\/www.emoi-france.fr\/fr\/produit\/mini-sac-asymetric\/","url":"https:\/\/www.emoi-france.fr\/fr\/produit\/mini-sac-asymetric\/","name":"Mini Sac Asymetric - E-Moi","isPartOf":{"@id":"https:\/\/www.emoi-france.fr\/#website"},"primaryImageOfPage":{"@id":"https:\/\/www.emoi-france.fr\/fr\/produit\/mini-sac-asymetric\/#primaryimage"},"image":{"@id":"https:\/\/www.emoi-france.fr\/fr\/produit\/mini-sac-asymetric\/#primaryimage"},"thumbnailUrl":"https:\/\/www.emoi-france.fr\/wp-content\/uploads\/2020\/06\/IMG_1523-copie-resize.jpg","datePublished":"2020-06-04T12:35:45+00:00","breadcrumb":{"@id":"https:\/\/www.emoi-france.fr\/fr\/produit\/mini-sac-asymetric\/#breadcrumb"},"inLanguage":"fr-FR","potentialAction":[{"@type":"ReadAction","target":["https:\/\/www.emoi-france.fr\/fr\/produit\/mini-sac-asymetric\/"]}]},{"@type":"ImageObject","inLanguage":"fr-FR","@id":"https:\/\/www.emoi-france.fr\/fr\/produit\/mini-sac-asymetric\/#primaryimage","url":"https:\/\/www.emoi-france.fr\/wp-content\/uploads\/2020\/06\/IMG_1523-copie-resize.jpg","contentUrl":"https:\/\/www.emoi-france.fr\/wp-content\/uploads\/2020\/06\/IMG_1523-copie-resize.jpg","width":768,"height":656},{"@type":"BreadcrumbList","@id":"https:\/\/www.emoi-france.fr\/fr\/produit\/mini-sac-asymetric\/#breadcrumb","itemListElement":[{"@type":"ListItem","position":1,"name":"Home","item":"https:\/\/www.emoi-france.fr\/fr\/"},{"@type":"ListItem","position":2,"name":"Boutique en ligne","item":"https:\/\/www.emoi-france.fr\/fr\/boutique\/"},{"@type":"ListItem","position":3,"name":"Mini Sac Asymetric"}]},{"@type":"WebSite","@id":"https:\/\/www.emoi-france.fr\/#website","url":"https:\/\/www.emoi-france.fr\/","name":"E-Moi","description":"","potentialAction":[{"@type":"SearchAction","target":{"@type":"EntryPoint","urlTemplate":"https:\/\/www.emoi-france.fr\/?s={search_term_string}"},"query-input":{"@type":"PropertyValueSpecification","valueRequired":true,"valueName":"search_term_string"}}],"inLanguage":"fr-FR"}]}},"_links":{"self":[{"href":"https:\/\/www.emoi-france.fr\/fr\/wp-json\/wp\/v2\/product\/10618"}],"collection":[{"href":"https:\/\/www.emoi-france.fr\/fr\/wp-json\/wp\/v2\/product"}],"about":[{"href":"https:\/\/www.emoi-france.fr\/fr\/wp-json\/wp\/v2\/types\/product"}],"replies":[{"embeddable":true,"href":"https:\/\/www.emoi-france.fr\/fr\/wp-json\/wp\/v2\/comments?post=10618"}],"wp:featuredmedia":[{"embeddable":true,"href":"https:\/\/www.emoi-france.fr\/fr\/wp-json\/wp\/v2\/media\/10608"}],"wp:attachment":[{"href":"https:\/\/www.emoi-france.fr\/fr\/wp-json\/wp\/v2\/media?parent=10618"}],"wp:term":[{"taxonomy":"product_cat","embeddable":true,"href":"https:\/\/www.emoi-france.fr\/fr\/wp-json\/wp\/v2\/product_cat?post=10618"},{"taxonomy":"product_tag","embeddable":true,"href":"https:\/\/www.emoi-france.fr\/fr\/wp-json\/wp\/v2\/product_tag?post=10618"}],"curies":[{"name":"wp","href":"https:\/\/api.w.org\/{rel}","templated":true}]}}