{"id":1870,"date":"2016-11-27T00:51:37","date_gmt":"2016-11-26T17:51:37","guid":{"rendered":"https:\/\/www.emoi-france.fr\/fr\/?page_id=1870"},"modified":"2019-08-04T23:28:52","modified_gmt":"2019-08-04T16:28:52","slug":"rencontre-avec-notre-creatrice","status":"publish","type":"page","link":"https:\/\/www.emoi-france.fr\/fr\/derriere-la-marque\/rencontre-avec-notre-creatrice\/","title":{"rendered":"Rencontre avec notre cr\u00e9atrice"},"content":{"rendered":"<p><img loading=\"lazy\" decoding=\"async\" class=\"alignnone size-medium wp-image-1437\" src=\"https:\/\/www.emoi-france.fr\/wp-content\/uploads\/2016\/08\/thu-nguyen-merer-1-800x534.jpg\" alt=\"thu-nguyen-merer\" width=\"800\" height=\"534\" \/><\/p>\n<p>Je suis Thu Nguyen-Merer, la cr\u00e9atrice et fondatrice de E-Moi.<\/p>\n<p>J\u2019ai travaill\u00e9 durant plusieurs ann\u00e9es dans la communication et le marketing au Vietnam avant mon arriv\u00e9e \u00e0 Paris en 2006 pour faire un MBA \u00e0 l\u2019\u00e9cole de commerce ENPC.<\/p>\n<p>J\u2019aime Paris, la diversit\u00e9 de son architecture et de sa culture. Chaque d\u00e9tail m\u2019inspire tant.<\/p>\n<p>J\u2019ai grandi au Vietnam, juste apr\u00e8s la guerre. J\u2019ai v\u00e9cu les 15 ann\u00e9es de mon enfance en \u00e9tat \u00ab\u00a0 d\u2019auto-suffisance\u00a0\u00bb. Nous avions de tr\u00e8s petits moyens pour vivre, et nous avons presque toujours tout fait par nous-m\u00eames\u00a0: ma maman nous faisait nos v\u00eatements avec les chutes des tissus de ses clients et mon p\u00e8re recyclait les vieux pneus de v\u00e9los pour nous fabriquer des chaussures. Nous faisions des broderies, tricotions des pulls durant notre temps libre apr\u00e8s l\u2019\u00e9cole pour les revendre \u00e0 une soci\u00e9t\u00e9 d\u2019export en ville&#8230;Toutes ces exp\u00e9riences m\u2019ont permises d\u2019apprendre et d\u00e9velopper des comp\u00e9tences manuelles et de renforcer ma passion pour les produits \u00ab\u00a0faits-mains \u00bb.<\/p>\n<p>Durant mes \u00e9tudes \u00e0 Paris cette passion n\u2019a fait que grandir irr\u00e9sistiblement<\/p>\n<p>J\u2019ai r\u00e9alis\u00e9 combien les techniques du savoir-faire manuel que j\u2019avais appris durant mon enfance avaient disparu dans la plupart des pays d\u00e9velopp\u00e9s. Tant de choses perdues dans cette vie moderne de consommation, le \u00ab\u00a0 fait main\u00a0\u00bb est devenu dans les pays riches un luxe, alors qu\u2019\u00e0 l\u2019autre bout de la terre, tant de pauvres gens ma\u00eetrisent de nombreuses comp\u00e9tences manuelles, qui ne leur permettent pas de vivre correctement. Pendant que les pays d\u00e9velopp\u00e9s semblent \u00eatre de plus en plus concern\u00e9s par l\u2019environnement, les pays pauvres vivent sur des tonnes de d\u00e9chets.<\/p>\n<p>Mon r\u00eave de cr\u00e9er \u00a0\u00bb BEAUTE DES D\u00c9CHETS \u00a0\u00bb se r\u00e9alise en 2009 apr\u00e8s un voyage aux Philippines pour aider les victimes de typhon \u00ab\u00a0 Ondoy\u00a0\u00bb. Les sc\u00e8nes catastrophiques des inondations partout et l&rsquo;extr\u00eame pauvret\u00e9 m\u2019ont touch\u00e9e au plus profond de mon coeur &#8230; Je voulais les aider plus que durant ces quelques jours de voyage.<\/p>\n<p>Et la r\u00e9ponse est venue le lendemain quand je vis une femme qui vendait un panier tiss\u00e9 avec des mati\u00e8res recycl\u00e9es sur un march\u00e9 local. Il \u00e9tait fabriqu\u00e9 \u00e0 partir d&#8217;emballages de jus de fruits , que les populations locales appellent \u00a0\u00bb zesto \u00a0\u00bb &#8230; Ce panier \u00e9tait si color\u00e9 et solide\u00a0! Plus heureuse encore d\u2019apprendre qu&rsquo;il \u00e9tait fait par une coop\u00e9rative de femmes dans Tondo , un bidonville \u00e0 Manille, o\u00f9 la plupart des familles vivent dans la pauvret\u00e9 avec moins de 2 dollars par jour.<\/p>\n<p>Ce panier n\u2019\u00e9tait pas ce que je voulais vendre. Je voulais cr\u00e9er ma propre collection d&rsquo;accessoires recycl\u00e9s, \u00e9l\u00e9gants et uniques. Je voulais aider ces femmes \u00e0 devenir plus autonomes financi\u00e8rement, \u00e0 avoir un meilleur revenu pour leur famille et donc de pouvoir donner un avenir meilleur pour leurs enfants.<br \/>\nDepuis que j&rsquo;ai commenc\u00e9 mon aventure et ma mission humanitaire en 2009, je ne me suis jamais ennuy\u00e9e . Elles m&rsquo;ont inspir\u00e9e pour toujours aller plus loin, pour \u00eatre en mesure d&rsquo;aider plus de gens et d&rsquo;offrir \u00e0 mes clients plus de choix sur les mod\u00e8les et mat\u00e9riaux .<\/p>\n<p>Depuis la premi\u00e8re collection de sacs d\u2019emballages de jus de fruits recycl\u00e9s , avec un partenaire coop\u00e9ratif aux Philippines en 2010 &#8230; Nous sommes maintenant en collaboration avec diff\u00e9rentes coop\u00e9ratives \/ associations en Asie (Philippines, Vietnam, Tha\u00eflande) &#8230; E -Moi a cr\u00e9\u00e9 jusqu&rsquo;\u00e0 pr\u00e9sent 5 collections avec plus de 200 mod\u00e8les , comprenant :<\/p>\n<ul>\n<li><span class=\"tlid-translation translation\" lang=\"fr\"><span class=\"\" title=\"\">Bijoux recycl\u00e9s en papier, emballages de nourriture et de boisson, restes de cuir, onglet de soda\u2026<\/span><\/span><\/li>\n<li><span class=\"tlid-translation translation\" lang=\"fr\"><span class=\"\" title=\"\">Accessoires pour cheveux recycl\u00e9s provenant d\u2019emballages alimentaires<\/span><\/span><\/li>\n<li><span class=\"tlid-translation translation\" lang=\"fr\">Sacs recycl\u00e9s en capsules de canettes<\/span><\/li>\n<li><span class=\"tlid-translation translation\" lang=\"fr\"><span class=\"\" title=\"\">Sacs recycl\u00e9s en emballages de jus de fruits<\/span><\/span><\/li>\n<li><span class=\"tlid-translation translation\" lang=\"fr\"><span title=\"\">Sacs en papier recycl\u00e9 fabriqu\u00e9s avec du cuir synth\u00e9tique ou v\u00e9ritable.<\/span><\/span><\/li>\n<li><span class=\"tlid-translation translation\" lang=\"fr\"><span title=\"\">Sacs en jeans recycl\u00e9s<\/span><\/span><\/li>\n<li><span class=\"tlid-translation translation\" lang=\"fr\"><span class=\"\" title=\"\">Bient\u00f4t disponible une collection de sacs recycl\u00e9s \u00e0 partir de chambre \u00e0 aire et des chutes de cuirs.<\/span><\/span><\/li>\n<\/ul>\n<p>Je suis heureuse d&rsquo;offrir de beaux accessoires pour mes clients partout dans le monde et je suis fi\u00e8re d&rsquo;\u00eatre en mesure d&rsquo;aider toutes les personnes qui fabriquent les produits E &#8211; MOI \u00e0 parvenir \u00e0 une meilleure vie.<\/p>\n<p>A tous, je tiens \u00e0 exprimer mes sinc\u00e8res remerciements pour vos soutiens .<\/p>\n<p>Si vous avez des questions \u00e0 propos de nos produits , n\u2019h\u00e9sitez pas \u00e0 nous contacter dans la rubrique appropri\u00e9e.<\/p>\n<p>&nbsp;<\/p>\n","protected":false},"excerpt":{"rendered":"<p>Je suis Thu Nguyen-Merer, la cr\u00e9atrice et fondatrice de E-Moi. J\u2019ai travaill\u00e9 durant plusieurs ann\u00e9es dans la communication et le marketing au Vietnam avant mon arriv\u00e9e \u00e0 Paris en 2006 pour faire un MBA \u00e0 l\u2019\u00e9cole de commerce ENPC. J\u2019aime Paris, la diversit\u00e9 de son architecture et de sa culture. Chaque d\u00e9tail m\u2019inspire tant. J\u2019ai [&#8230;]\n","protected":false},"author":5,"featured_media":0,"parent":1563,"menu_order":0,"comment_status":"closed","ping_status":"closed","template":"page-left-sidebar.php","meta":{"footnotes":""},"yoast_head":"<!-- This site is optimized with the Yoast SEO plugin v24.5 - https:\/\/yoast.com\/wordpress\/plugins\/seo\/ -->\n<title>Rencontre avec notre cr\u00e9atrice - E-Moi<\/title>\n<meta name=\"robots\" content=\"index, follow, max-snippet:-1, max-image-preview:large, max-video-preview:-1\" \/>\n<link rel=\"canonical\" href=\"https:\/\/www.emoi-france.fr\/fr\/derriere-la-marque\/rencontre-avec-notre-creatrice\/\" \/>\n<meta property=\"og:locale\" content=\"fr_FR\" \/>\n<meta property=\"og:type\" content=\"article\" \/>\n<meta property=\"og:title\" content=\"Rencontre avec notre cr\u00e9atrice - E-Moi\" \/>\n<meta property=\"og:description\" content=\"Je suis Thu Nguyen-Merer, la cr\u00e9atrice et fondatrice de E-Moi. J\u2019ai travaill\u00e9 durant plusieurs ann\u00e9es dans la communication et le marketing au Vietnam avant mon arriv\u00e9e \u00e0 Paris en 2006 pour faire un MBA \u00e0 l\u2019\u00e9cole de commerce ENPC. J\u2019aime Paris, la diversit\u00e9 de son architecture et de sa culture. Chaque d\u00e9tail m\u2019inspire tant. J\u2019ai [...]\" \/>\n<meta property=\"og:url\" content=\"https:\/\/www.emoi-france.fr\/fr\/derriere-la-marque\/rencontre-avec-notre-creatrice\/\" \/>\n<meta property=\"og:site_name\" content=\"E-Moi\" \/>\n<meta property=\"article:modified_time\" content=\"2019-08-04T16:28:52+00:00\" \/>\n<meta property=\"og:image\" content=\"https:\/\/www.emoi-france.fr\/wp-content\/uploads\/2016\/08\/thu-nguyen-merer-1-800x534.jpg\" \/>\n<meta name=\"twitter:card\" content=\"summary_large_image\" \/>\n<meta name=\"twitter:label1\" content=\"Dur\u00e9e de lecture estim\u00e9e\" \/>\n\t<meta name=\"twitter:data1\" content=\"4 minutes\" \/>\n<script type=\"application\/ld+json\" class=\"yoast-schema-graph\">{\"@context\":\"https:\/\/schema.org\",\"@graph\":[{\"@type\":\"WebPage\",\"@id\":\"https:\/\/www.emoi-france.fr\/fr\/derriere-la-marque\/rencontre-avec-notre-creatrice\/\",\"url\":\"https:\/\/www.emoi-france.fr\/fr\/derriere-la-marque\/rencontre-avec-notre-creatrice\/\",\"name\":\"Rencontre avec notre cr\u00e9atrice - E-Moi\",\"isPartOf\":{\"@id\":\"https:\/\/www.emoi-france.fr\/#website\"},\"primaryImageOfPage\":{\"@id\":\"https:\/\/www.emoi-france.fr\/fr\/derriere-la-marque\/rencontre-avec-notre-creatrice\/#primaryimage\"},\"image\":{\"@id\":\"https:\/\/www.emoi-france.fr\/fr\/derriere-la-marque\/rencontre-avec-notre-creatrice\/#primaryimage\"},\"thumbnailUrl\":\"https:\/\/www.emoi-france.fr\/wp-content\/uploads\/2016\/08\/thu-nguyen-merer-1-800x534.jpg\",\"datePublished\":\"2016-11-26T17:51:37+00:00\",\"dateModified\":\"2019-08-04T16:28:52+00:00\",\"breadcrumb\":{\"@id\":\"https:\/\/www.emoi-france.fr\/fr\/derriere-la-marque\/rencontre-avec-notre-creatrice\/#breadcrumb\"},\"inLanguage\":\"fr-FR\",\"potentialAction\":[{\"@type\":\"ReadAction\",\"target\":[\"https:\/\/www.emoi-france.fr\/fr\/derriere-la-marque\/rencontre-avec-notre-creatrice\/\"]}]},{\"@type\":\"ImageObject\",\"inLanguage\":\"fr-FR\",\"@id\":\"https:\/\/www.emoi-france.fr\/fr\/derriere-la-marque\/rencontre-avec-notre-creatrice\/#primaryimage\",\"url\":\"https:\/\/www.emoi-france.fr\/wp-content\/uploads\/2016\/08\/thu-nguyen-merer-1-800x534.jpg\",\"contentUrl\":\"https:\/\/www.emoi-france.fr\/wp-content\/uploads\/2016\/08\/thu-nguyen-merer-1-800x534.jpg\"},{\"@type\":\"BreadcrumbList\",\"@id\":\"https:\/\/www.emoi-france.fr\/fr\/derriere-la-marque\/rencontre-avec-notre-creatrice\/#breadcrumb\",\"itemListElement\":[{\"@type\":\"ListItem\",\"position\":1,\"name\":\"Home\",\"item\":\"https:\/\/www.emoi-france.fr\/fr\/\"},{\"@type\":\"ListItem\",\"position\":2,\"name\":\"Derri\u00e8re la marque\",\"item\":\"https:\/\/www.emoi-france.fr\/fr\/derriere-la-marque\/\"},{\"@type\":\"ListItem\",\"position\":3,\"name\":\"Rencontre avec notre cr\u00e9atrice\"}]},{\"@type\":\"WebSite\",\"@id\":\"https:\/\/www.emoi-france.fr\/#website\",\"url\":\"https:\/\/www.emoi-france.fr\/\",\"name\":\"E-Moi\",\"description\":\"\",\"potentialAction\":[{\"@type\":\"SearchAction\",\"target\":{\"@type\":\"EntryPoint\",\"urlTemplate\":\"https:\/\/www.emoi-france.fr\/?s={search_term_string}\"},\"query-input\":{\"@type\":\"PropertyValueSpecification\",\"valueRequired\":true,\"valueName\":\"search_term_string\"}}],\"inLanguage\":\"fr-FR\"}]}<\/script>\n<!-- \/ Yoast SEO plugin. -->","yoast_head_json":{"title":"Rencontre avec notre cr\u00e9atrice - E-Moi","robots":{"index":"index","follow":"follow","max-snippet":"max-snippet:-1","max-image-preview":"max-image-preview:large","max-video-preview":"max-video-preview:-1"},"canonical":"https:\/\/www.emoi-france.fr\/fr\/derriere-la-marque\/rencontre-avec-notre-creatrice\/","og_locale":"fr_FR","og_type":"article","og_title":"Rencontre avec notre cr\u00e9atrice - E-Moi","og_description":"Je suis Thu Nguyen-Merer, la cr\u00e9atrice et fondatrice de E-Moi. J\u2019ai travaill\u00e9 durant plusieurs ann\u00e9es dans la communication et le marketing au Vietnam avant mon arriv\u00e9e \u00e0 Paris en 2006 pour faire un MBA \u00e0 l\u2019\u00e9cole de commerce ENPC. J\u2019aime Paris, la diversit\u00e9 de son architecture et de sa culture. Chaque d\u00e9tail m\u2019inspire tant. J\u2019ai [...]","og_url":"https:\/\/www.emoi-france.fr\/fr\/derriere-la-marque\/rencontre-avec-notre-creatrice\/","og_site_name":"E-Moi","article_modified_time":"2019-08-04T16:28:52+00:00","og_image":[{"url":"https:\/\/www.emoi-france.fr\/wp-content\/uploads\/2016\/08\/thu-nguyen-merer-1-800x534.jpg","type":"","width":"","height":""}],"twitter_card":"summary_large_image","twitter_misc":{"Dur\u00e9e de lecture estim\u00e9e":"4 minutes"},"schema":{"@context":"https:\/\/schema.org","@graph":[{"@type":"WebPage","@id":"https:\/\/www.emoi-france.fr\/fr\/derriere-la-marque\/rencontre-avec-notre-creatrice\/","url":"https:\/\/www.emoi-france.fr\/fr\/derriere-la-marque\/rencontre-avec-notre-creatrice\/","name":"Rencontre avec notre cr\u00e9atrice - E-Moi","isPartOf":{"@id":"https:\/\/www.emoi-france.fr\/#website"},"primaryImageOfPage":{"@id":"https:\/\/www.emoi-france.fr\/fr\/derriere-la-marque\/rencontre-avec-notre-creatrice\/#primaryimage"},"image":{"@id":"https:\/\/www.emoi-france.fr\/fr\/derriere-la-marque\/rencontre-avec-notre-creatrice\/#primaryimage"},"thumbnailUrl":"https:\/\/www.emoi-france.fr\/wp-content\/uploads\/2016\/08\/thu-nguyen-merer-1-800x534.jpg","datePublished":"2016-11-26T17:51:37+00:00","dateModified":"2019-08-04T16:28:52+00:00","breadcrumb":{"@id":"https:\/\/www.emoi-france.fr\/fr\/derriere-la-marque\/rencontre-avec-notre-creatrice\/#breadcrumb"},"inLanguage":"fr-FR","potentialAction":[{"@type":"ReadAction","target":["https:\/\/www.emoi-france.fr\/fr\/derriere-la-marque\/rencontre-avec-notre-creatrice\/"]}]},{"@type":"ImageObject","inLanguage":"fr-FR","@id":"https:\/\/www.emoi-france.fr\/fr\/derriere-la-marque\/rencontre-avec-notre-creatrice\/#primaryimage","url":"https:\/\/www.emoi-france.fr\/wp-content\/uploads\/2016\/08\/thu-nguyen-merer-1-800x534.jpg","contentUrl":"https:\/\/www.emoi-france.fr\/wp-content\/uploads\/2016\/08\/thu-nguyen-merer-1-800x534.jpg"},{"@type":"BreadcrumbList","@id":"https:\/\/www.emoi-france.fr\/fr\/derriere-la-marque\/rencontre-avec-notre-creatrice\/#breadcrumb","itemListElement":[{"@type":"ListItem","position":1,"name":"Home","item":"https:\/\/www.emoi-france.fr\/fr\/"},{"@type":"ListItem","position":2,"name":"Derri\u00e8re la marque","item":"https:\/\/www.emoi-france.fr\/fr\/derriere-la-marque\/"},{"@type":"ListItem","position":3,"name":"Rencontre avec notre cr\u00e9atrice"}]},{"@type":"WebSite","@id":"https:\/\/www.emoi-france.fr\/#website","url":"https:\/\/www.emoi-france.fr\/","name":"E-Moi","description":"","potentialAction":[{"@type":"SearchAction","target":{"@type":"EntryPoint","urlTemplate":"https:\/\/www.emoi-france.fr\/?s={search_term_string}"},"query-input":{"@type":"PropertyValueSpecification","valueRequired":true,"valueName":"search_term_string"}}],"inLanguage":"fr-FR"}]}},"_links":{"self":[{"href":"https:\/\/www.emoi-france.fr\/fr\/wp-json\/wp\/v2\/pages\/1870"}],"collection":[{"href":"https:\/\/www.emoi-france.fr\/fr\/wp-json\/wp\/v2\/pages"}],"about":[{"href":"https:\/\/www.emoi-france.fr\/fr\/wp-json\/wp\/v2\/types\/page"}],"author":[{"embeddable":true,"href":"https:\/\/www.emoi-france.fr\/fr\/wp-json\/wp\/v2\/users\/5"}],"replies":[{"embeddable":true,"href":"https:\/\/www.emoi-france.fr\/fr\/wp-json\/wp\/v2\/comments?post=1870"}],"version-history":[{"count":3,"href":"https:\/\/www.emoi-france.fr\/fr\/wp-json\/wp\/v2\/pages\/1870\/revisions"}],"predecessor-version":[{"id":4074,"href":"https:\/\/www.emoi-france.fr\/fr\/wp-json\/wp\/v2\/pages\/1870\/revisions\/4074"}],"up":[{"embeddable":true,"href":"https:\/\/www.emoi-france.fr\/fr\/wp-json\/wp\/v2\/pages\/1563"}],"wp:attachment":[{"href":"https:\/\/www.emoi-france.fr\/fr\/wp-json\/wp\/v2\/media?parent=1870"}],"curies":[{"name":"wp","href":"https:\/\/api.w.org\/{rel}","templated":true}]}}