{"id":1332,"date":"2024-04-16T09:19:55","date_gmt":"2024-04-16T02:19:55","guid":{"rendered":"https:\/\/www.emoi-france.fr\/fr\/privacy-policy\/"},"modified":"2024-04-16T09:19:55","modified_gmt":"2024-04-16T02:19:55","slug":"privacy-policy","status":"publish","type":"page","link":"https:\/\/www.emoi-france.fr\/fr\/privacy-policy\/","title":{"rendered":"Politique de confidentialit\u00e9"},"content":{"rendered":"[vc_row][vc_column][vc_column_text]E-MOI est d\u00e9termin\u00e9 prot\u00e9ger votre vie priv\u00e9e et \u00e0 garantir un environnement de transaction s\u00e9curis\u00e9. Nous utilisons le Secure Socket Layer (SSL), la technologie standard du secteur d\u2019activit\u00e9, pour assurer le cryptage maximal pour vos transactions. Lorsque vous passez une commande, E-MOI recueille ainsi vos informations afin de traiter votre commande ou vos demandes.<\/p>\n<p>Ce site peut utiliser des cookies pour stocker vos informations sur votre propre ordinateur afin que vos informations soient enregistr\u00e9es pour vos futures visites sur le site. Les cookies ne sont pas n\u00e9cessaires pour naviguer sur le site, mais sont n\u00e9cessaires pour faire des achats. Vous pouvez configurer votre navigateur pour d\u00e9sactiver l&rsquo;utilisation de cookies et \/ ou vous avertir lorsque des t\u00e9moins sont pri\u00e9s de sorte que vous pouvez d\u00e9cider d&rsquo;accepter ou non le cookie.<\/p>\n<p>Nous nous interdisons le commerce ( location et vente) de vos informations \u00e0 tout tiers, entreprise ou individu. Vos informations ne seront pas publi\u00e9es et donc prot\u00e9g\u00e9es tel que requis par la loi , et conform\u00e9ment \u00e0 la r\u00e9glementation gouvernementale nationale.<\/p>\n<p>E-MOI suppose que si vous demandez un catalogue ou passez une commande avec nous, vous accepterez un bulletin d&rsquo;information ou mise \u00e0 jour de nos offres. Si vous souhaitez \u00eatre retir\u00e9 de notre liste, merci de nous adresser un email en pr\u00e9cisant votre demande.<\/p>\n<p>Vous pouvez nous laisser toutes vos questions par courrier \u00e9lectronique \u00e0 tout moment\u00a0: <a href=\"mailto:contact@emoi-france.fr\">contact@emoi-france.fr<\/a>[\/vc_column_text][\/vc_column][\/vc_row]\n","protected":false},"excerpt":{"rendered":"[vc_row][vc_column][vc_column_text]E-MOI est d\u00e9termin\u00e9 prot\u00e9ger votre vie priv\u00e9e et \u00e0 garantir un environnement de transaction s\u00e9curis\u00e9. Nous utilisons le Secure Socket Layer (SSL), la technologie standard du secteur d\u2019activit\u00e9, pour assurer le cryptage maximal pour vos transactions. Lorsque vous passez une commande, E-MOI recueille ainsi vos informations afin de traiter votre commande ou vos demandes. Ce [&#8230;]\n","protected":false},"author":1,"featured_media":0,"parent":0,"menu_order":23,"comment_status":"closed","ping_status":"closed","template":"page-left-sidebar.php","meta":{"footnotes":""},"yoast_head":"<!-- This site is optimized with the Yoast SEO plugin v24.5 - https:\/\/yoast.com\/wordpress\/plugins\/seo\/ -->\n<title>Politique de confidentialit\u00e9 - E-Moi<\/title>\n<meta name=\"description\" content=\"Sacs et bijoux recycl\u00e9s E-MOI\/ politique de confidentialit\u00e9\" \/>\n<meta name=\"robots\" content=\"index, follow, max-snippet:-1, max-image-preview:large, max-video-preview:-1\" \/>\n<link rel=\"canonical\" href=\"https:\/\/www.emoi-france.fr\/fr\/privacy-policy\/\" \/>\n<meta property=\"og:locale\" content=\"fr_FR\" \/>\n<meta property=\"og:type\" content=\"article\" \/>\n<meta property=\"og:title\" content=\"Politique de confidentialit\u00e9 - E-Moi\" \/>\n<meta property=\"og:description\" content=\"Sacs et bijoux recycl\u00e9s E-MOI\/ politique de confidentialit\u00e9\" \/>\n<meta property=\"og:url\" content=\"https:\/\/www.emoi-france.fr\/fr\/privacy-policy\/\" \/>\n<meta property=\"og:site_name\" content=\"E-Moi\" \/>\n<meta name=\"twitter:card\" content=\"summary_large_image\" \/>\n<meta name=\"twitter:label1\" content=\"Dur\u00e9e de lecture estim\u00e9e\" \/>\n\t<meta name=\"twitter:data1\" content=\"1 minute\" \/>\n<script type=\"application\/ld+json\" class=\"yoast-schema-graph\">{\"@context\":\"https:\/\/schema.org\",\"@graph\":[{\"@type\":\"WebPage\",\"@id\":\"https:\/\/www.emoi-france.fr\/fr\/privacy-policy\/\",\"url\":\"https:\/\/www.emoi-france.fr\/fr\/privacy-policy\/\",\"name\":\"Politique de confidentialit\u00e9 - E-Moi\",\"isPartOf\":{\"@id\":\"https:\/\/www.emoi-france.fr\/#website\"},\"datePublished\":\"2024-04-16T02:19:55+00:00\",\"description\":\"Sacs et bijoux recycl\u00e9s E-MOI\/ politique de confidentialit\u00e9\",\"breadcrumb\":{\"@id\":\"https:\/\/www.emoi-france.fr\/fr\/privacy-policy\/#breadcrumb\"},\"inLanguage\":\"fr-FR\",\"potentialAction\":[{\"@type\":\"ReadAction\",\"target\":[\"https:\/\/www.emoi-france.fr\/fr\/privacy-policy\/\"]}]},{\"@type\":\"BreadcrumbList\",\"@id\":\"https:\/\/www.emoi-france.fr\/fr\/privacy-policy\/#breadcrumb\",\"itemListElement\":[{\"@type\":\"ListItem\",\"position\":1,\"name\":\"Home\",\"item\":\"https:\/\/www.emoi-france.fr\/fr\/\"},{\"@type\":\"ListItem\",\"position\":2,\"name\":\"Politique de confidentialit\u00e9\"}]},{\"@type\":\"WebSite\",\"@id\":\"https:\/\/www.emoi-france.fr\/#website\",\"url\":\"https:\/\/www.emoi-france.fr\/\",\"name\":\"E-Moi\",\"description\":\"\",\"potentialAction\":[{\"@type\":\"SearchAction\",\"target\":{\"@type\":\"EntryPoint\",\"urlTemplate\":\"https:\/\/www.emoi-france.fr\/?s={search_term_string}\"},\"query-input\":{\"@type\":\"PropertyValueSpecification\",\"valueRequired\":true,\"valueName\":\"search_term_string\"}}],\"inLanguage\":\"fr-FR\"}]}<\/script>\n<!-- \/ Yoast SEO plugin. -->","yoast_head_json":{"title":"Politique de confidentialit\u00e9 - E-Moi","description":"Sacs et bijoux recycl\u00e9s E-MOI\/ politique de confidentialit\u00e9","robots":{"index":"index","follow":"follow","max-snippet":"max-snippet:-1","max-image-preview":"max-image-preview:large","max-video-preview":"max-video-preview:-1"},"canonical":"https:\/\/www.emoi-france.fr\/fr\/privacy-policy\/","og_locale":"fr_FR","og_type":"article","og_title":"Politique de confidentialit\u00e9 - E-Moi","og_description":"Sacs et bijoux recycl\u00e9s E-MOI\/ politique de confidentialit\u00e9","og_url":"https:\/\/www.emoi-france.fr\/fr\/privacy-policy\/","og_site_name":"E-Moi","twitter_card":"summary_large_image","twitter_misc":{"Dur\u00e9e de lecture estim\u00e9e":"1 minute"},"schema":{"@context":"https:\/\/schema.org","@graph":[{"@type":"WebPage","@id":"https:\/\/www.emoi-france.fr\/fr\/privacy-policy\/","url":"https:\/\/www.emoi-france.fr\/fr\/privacy-policy\/","name":"Politique de confidentialit\u00e9 - E-Moi","isPartOf":{"@id":"https:\/\/www.emoi-france.fr\/#website"},"datePublished":"2024-04-16T02:19:55+00:00","description":"Sacs et bijoux recycl\u00e9s E-MOI\/ politique de confidentialit\u00e9","breadcrumb":{"@id":"https:\/\/www.emoi-france.fr\/fr\/privacy-policy\/#breadcrumb"},"inLanguage":"fr-FR","potentialAction":[{"@type":"ReadAction","target":["https:\/\/www.emoi-france.fr\/fr\/privacy-policy\/"]}]},{"@type":"BreadcrumbList","@id":"https:\/\/www.emoi-france.fr\/fr\/privacy-policy\/#breadcrumb","itemListElement":[{"@type":"ListItem","position":1,"name":"Home","item":"https:\/\/www.emoi-france.fr\/fr\/"},{"@type":"ListItem","position":2,"name":"Politique de confidentialit\u00e9"}]},{"@type":"WebSite","@id":"https:\/\/www.emoi-france.fr\/#website","url":"https:\/\/www.emoi-france.fr\/","name":"E-Moi","description":"","potentialAction":[{"@type":"SearchAction","target":{"@type":"EntryPoint","urlTemplate":"https:\/\/www.emoi-france.fr\/?s={search_term_string}"},"query-input":{"@type":"PropertyValueSpecification","valueRequired":true,"valueName":"search_term_string"}}],"inLanguage":"fr-FR"}]}},"_links":{"self":[{"href":"https:\/\/www.emoi-france.fr\/fr\/wp-json\/wp\/v2\/pages\/1332"}],"collection":[{"href":"https:\/\/www.emoi-france.fr\/fr\/wp-json\/wp\/v2\/pages"}],"about":[{"href":"https:\/\/www.emoi-france.fr\/fr\/wp-json\/wp\/v2\/types\/page"}],"author":[{"embeddable":true,"href":"https:\/\/www.emoi-france.fr\/fr\/wp-json\/wp\/v2\/users\/1"}],"replies":[{"embeddable":true,"href":"https:\/\/www.emoi-france.fr\/fr\/wp-json\/wp\/v2\/comments?post=1332"}],"version-history":[{"count":3,"href":"https:\/\/www.emoi-france.fr\/fr\/wp-json\/wp\/v2\/pages\/1332\/revisions"}],"predecessor-version":[{"id":1867,"href":"https:\/\/www.emoi-france.fr\/fr\/wp-json\/wp\/v2\/pages\/1332\/revisions\/1867"}],"wp:attachment":[{"href":"https:\/\/www.emoi-france.fr\/fr\/wp-json\/wp\/v2\/media?parent=1332"}],"curies":[{"name":"wp","href":"https:\/\/api.w.org\/{rel}","templated":true}]}}